{"id":5253,"date":"2022-07-20T09:16:26","date_gmt":"2022-07-20T09:16:26","guid":{"rendered":"https:\/\/www.paddo.shop\/?post_type=product&#038;p=5253"},"modified":"2023-10-09T13:35:46","modified_gmt":"2023-10-09T11:35:46","slug":"thai-paddo-growkit","status":"publish","type":"product","link":"https:\/\/www.paddo.shop\/es\/thai-paddo-growkit\/","title":{"rendered":"Thai Paddo Growkit"},"content":{"rendered":"<h2><strong>Comprar Thai Paddo Growkit<\/strong><\/h2>\n<p><span style=\"font-weight: 400;\">Si quieres comprar kits de cultivo, has llegado al lugar adecuado. En nuestra tienda s\u00f3lo encontrar\u00e1s kits de cultivo fiables y eficaces. Son producidos por la empresa holandesa McSmart. Esta empresa es conocida internacionalmente como una de las m\u00e1s renombradas en el campo de las trufas m\u00e1gicas y los kits de cultivo de setas m\u00e1gicas. Si sigues las instrucciones proporcionadas, siempre podr\u00e1s contar con al menos una buena cosecha de setas psicod\u00e9licas, pero en muchos casos, \u00a1incluso podr\u00e1s montar el kit de cultivo varias veces!<\/span><\/p>\n<p><span style=\"font-weight: 400;\">Cuando pida hoy mismo un Paddo Thai Growkit, lo recibir\u00e1 en su casa con total discreci\u00f3n en pocos d\u00edas.<\/span><\/p>\n<h3><strong>Qu\u00e9 hay en un Paddo Thai Growkit<\/strong><\/h3>\n<p><span style=\"font-weight: 400;\">contiene todo lo necesario para cultivar uno mismo las setas m\u00e1gicas Mexican. El paquete contiene: 1 recipiente de cultivo listo para usar con micelio activo, una bolsa de cultivo con filtros, 2 clips para cerrar la bolsa y un folleto con instrucciones. Todo lo que necesitas es agua y un poco de cari\u00f1o.<\/span><\/p>\n<h3><strong>\u00bfQu\u00e9 tan fuertes son <\/strong><strong>Thai<\/strong><strong> \u00bfhongos m\u00e1gicos?<\/strong><\/h3>\n<p><span style=\"font-weight: 400;\">A continuaci\u00f3n encontrar\u00e1s las trufas m\u00e1gicas de nuestra gama clasificadas por potencia psicod\u00e9lica. Descienden de fuerte a suave. As\u00ed podr\u00e1s ver exactamente c\u00f3mo se comparan las setas m\u00e1gicas Mexican con el resto.<\/span><\/p>\n<p><a href=\"https:\/\/www.paddo.shop\/es\/mckennaii-paddo-growkit\/\"><span style=\"font-weight: 400;\">McKennaii<\/span><span style=\"font-weight: 400;\"><br \/>\n<\/span><\/a><a href=\"https:\/\/www.paddo.shop\/es\/hawaiian-copelandia-paddo-growkit\/\"><span style=\"font-weight: 400;\">Hawaiian Copelandia<\/span><span style=\"font-weight: 400;\"><br \/>\n<\/span><\/a><a href=\"https:\/\/www.paddo.shop\/es\/golden-teacher-paddo-growkit\/\"><span style=\"font-weight: 400;\">Golden Teacher<\/span><span style=\"font-weight: 400;\"><br \/>\n<\/span><\/a><a href=\"https:\/\/www.paddo.shop\/es\/mazatapec-paddo-growkit\/\"><span style=\"font-weight: 400;\">Mazatapec<\/span><span style=\"font-weight: 400;\"><br \/>\n<\/span><\/a><a href=\"https:\/\/www.paddo.shop\/es\/colombian-paddo-growkit\/\"><span style=\"font-weight: 400;\">Colombian Paddo<\/span><span style=\"font-weight: 400;\"><br \/>\n<\/span><\/a><a href=\"https:\/\/www.paddo.shop\/es\/cambodian-paddo-growkit\/\"><span style=\"font-weight: 400;\">Cambodian Paddo<\/span><span style=\"font-weight: 400;\"><br \/>\n<\/span><\/a><a href=\"https:\/\/www.paddo.shop\/es\/ecuadorian-paddo-growkit\/\"><span style=\"font-weight: 400;\">Ecuadorian Paddo<\/span><span style=\"font-weight: 400;\"><br \/>\n<\/span><\/a><a href=\"https:\/\/www.paddo.shop\/es\/mexican-paddo-growkit\/\"><span style=\"font-weight: 400;\">Mexican Paddo<\/span><span style=\"font-weight: 400;\"><br \/>\n<\/span><\/a><a href=\"https:\/\/www.paddo.shop\/es\/b-plus-paddo-growkit\/\"><span style=\"font-weight: 400;\">B+ Paddo<\/span><span style=\"font-weight: 400;\"><br \/>\n<\/span><\/a><a href=\"https:\/\/www.paddo.shop\/es\/thai-paddo-growkit\/\"><span style=\"font-weight: 400;\">Thai Paddo<\/span><\/a><\/p>\n<h2><strong>Cultiva tus propias setas Thai con un kit de cultivo<\/strong><\/h2>\n<p><span style=\"font-weight: 400;\">Mexican se encuentran entre los productos naturales psicod\u00e9licos m\u00e1s populares hoy en d\u00eda. Son muy f\u00e1ciles de cultivar con la ayuda de nuestros kits de cultivo. B\u00e1sicamente, todo lo que necesitas es un kit de cultivo, un poco de agua y algo de paciencia. Para asegurarnos de que todo va bien, tambi\u00e9n te proporcionamos instrucciones. Si las sigues a rajatabla, podr\u00e1s recoger tus primeras setas en pocas semanas.<\/span><\/p>\n<h3><strong>De beste paddo growkit tips van 2026<\/strong><\/h3>\n<p><span style=\"font-weight: 400;\">Cultivar tus propias setas m\u00e1gicas es muy f\u00e1cil utilizando un kit de cultivo. Sin embargo, es importante que sigas las instrucciones proporcionadas. Dado que se trata de un organismo vivo, hay una serie de cosas que debes tener absolutamente en cuenta. <\/span><strong>no<\/strong><span style=\"font-weight: 400;\"> debe hacer. \u00bfQuieres asegurarte una buena cosecha de setas caseras una y otra vez? Entonces eche un vistazo aqu\u00ed <\/span><a href=\"https:\/\/www.paddo.shop\/es\/growkit-instructies\/\"><span style=\"font-weight: 400;\">de beste paddo growkit tips van 2026<\/span><\/a><span style=\"font-weight: 400;\">.<\/span><\/p>\n<p><strong>Importante:<\/strong><strong><br \/>\n<\/strong><span style=\"font-weight: 400;\">Cultivar setas m\u00e1gicas es incre\u00edblemente divertido y satisfactorio. Pero toma nota: las setas (hongos m\u00e1gicos) tambi\u00e9n contienen de forma natural las sustancias psilocibina y psilocina. La psilocibina y la psilocina son alucin\u00f3genos. Los alucin\u00f3genos son sustancias con un efecto alterador de la conciencia que, entre otras cosas, pueden inducir alucinaciones. Tenlo en cuenta. Y mant\u00e9n siempre tanto el growkit como las setas fuera del alcance de los ni\u00f1os.<\/span><\/p>\n<h2>Preguntas m\u00e1s frecuentes<\/h2>\n<p>A continuaci\u00f3n encontrar\u00e1 las 5 preguntas m\u00e1s frecuentes sobre el Thai. A\u00fan tiene preguntas despu\u00e9s de toda la informaci\u00f3n de esta p\u00e1gina? <a href=\"https:\/\/www.paddo.shop\/es\/contact\/\">P\u00f3ngase en contacto con nosotros<\/a> y le ayudaremos inmediatamente.<\/p>\n\t\t<div data-elementor-type=\"section\" data-elementor-id=\"8215\" class=\"elementor elementor-8215\" data-elementor-post-type=\"elementor_library\">\n\t\t\t\t\t<section class=\"elementor-section elementor-top-section elementor-element elementor-element-a20d66a elementor-section-boxed elementor-section-height-default elementor-section-height-default\" data-id=\"a20d66a\" data-element_type=\"section\">\n\t\t\t\t\t\t<div class=\"elementor-container elementor-column-gap-default\">\n\t\t\t\t\t<div class=\"elementor-column elementor-col-100 elementor-top-column elementor-element elementor-element-5ae8cb5\" data-id=\"5ae8cb5\" data-element_type=\"column\">\n\t\t\t<div class=\"elementor-widget-wrap elementor-element-populated\">\n\t\t\t\t\t\t<div class=\"elementor-element elementor-element-5207599 elementor-widget__width-initial elementor-widget elementor-widget-accordion\" data-id=\"5207599\" data-element_type=\"widget\" data-widget_type=\"accordion.default\">\n\t\t\t\t<div class=\"elementor-widget-container\">\n\t\t\t\t\t\t\t<div class=\"elementor-accordion\">\n\t\t\t\t\t\t\t<div class=\"elementor-accordion-item\">\n\t\t\t\t\t<h3 id=\"elementor-tab-title-8601\" class=\"elementor-tab-title\" data-tab=\"1\" role=\"button\" aria-controls=\"elementor-tab-content-8601\" aria-expanded=\"false\">\n\t\t\t\t\t\t\t\t\t\t\t\t\t<span class=\"elementor-accordion-icon elementor-accordion-icon-right\" aria-hidden=\"true\">\n\t\t\t\t\t\t\t\t\t\t\t\t\t\t\t<span class=\"elementor-accordion-icon-closed\"><i class=\"fas fa-plus\"><\/i><\/span>\n\t\t\t\t\t\t\t\t<span class=\"elementor-accordion-icon-opened\"><i class=\"fas fa-minus\"><\/i><\/span>\n\t\t\t\t\t\t\t\t\t\t\t\t\t\t<\/span>\n\t\t\t\t\t\t\t\t\t\t\t\t<a class=\"elementor-accordion-title\" tabindex=\"0\">\u00bfQu\u00e9 hace que las setas Thai sean una opci\u00f3n popular entre viajeros y psiconautas?<\/a>\n\t\t\t\t\t<\/h3>\n\t\t\t\t\t<div id=\"elementor-tab-content-8601\" class=\"elementor-tab-content elementor-clearfix\" data-tab=\"1\" role=\"region\" aria-labelledby=\"elementor-tab-title-8601\"><p>Las setas m\u00e1gicas Thai son conocidas por sus efectos estimulantes y sociales. Pueden crear una sensaci\u00f3n de euforia y conexi\u00f3n, perfecta para situaciones sociales o festivales. Los viajeros y los psiconautas est\u00e1n especialmente enamorados de estas propiedades \u00fanicas. Adem\u00e1s, son relativamente f\u00e1ciles de cultivar, lo que las convierte en una opci\u00f3n favorita tanto para principiantes como para cultivadores experimentados. Si est\u00e1s interesado en comparar las setas Thai con otras cepas, puedes echar un vistazo a nuestro <a href=\"https:\/\/www.paddo.shop\/es\/growkits\/\" target=\"_new\">p\u00e1gina de comparaci\u00f3n<\/a>.<\/p>\n<\/div>\n\t\t\t\t<\/div>\n\t\t\t\t\t\t\t<div class=\"elementor-accordion-item\">\n\t\t\t\t\t<h3 id=\"elementor-tab-title-8602\" class=\"elementor-tab-title\" data-tab=\"2\" role=\"button\" aria-controls=\"elementor-tab-content-8602\" aria-expanded=\"false\">\n\t\t\t\t\t\t\t\t\t\t\t\t\t<span class=\"elementor-accordion-icon elementor-accordion-icon-right\" aria-hidden=\"true\">\n\t\t\t\t\t\t\t\t\t\t\t\t\t\t\t<span class=\"elementor-accordion-icon-closed\"><i class=\"fas fa-plus\"><\/i><\/span>\n\t\t\t\t\t\t\t\t<span class=\"elementor-accordion-icon-opened\"><i class=\"fas fa-minus\"><\/i><\/span>\n\t\t\t\t\t\t\t\t\t\t\t\t\t\t<\/span>\n\t\t\t\t\t\t\t\t\t\t\t\t<a class=\"elementor-accordion-title\" tabindex=\"0\">\u00bfC\u00f3mo puedo prolongar la viabilidad de las esporas del kit de cultivo de setas Thai?<\/a>\n\t\t\t\t\t<\/h3>\n\t\t\t\t\t<div id=\"elementor-tab-content-8602\" class=\"elementor-tab-content elementor-clearfix\" data-tab=\"2\" role=\"region\" aria-labelledby=\"elementor-tab-title-8602\"><p>La viabilidad de las esporas puede prolongarse almacen\u00e1ndolas en un lugar fresco, oscuro y seco. Es importante evitar la luz solar directa y la humedad. Si no est\u00e1 seguro de c\u00f3mo hacerlo, consulte nuestro <a href=\"https:\/\/www.paddo.shop\/es\/growkit-instructies\/\" target=\"_new\">growkit p\u00e1gina de instrucciones<\/a> para m\u00e1s informaci\u00f3n.<\/p>\n<\/div>\n\t\t\t\t<\/div>\n\t\t\t\t\t\t\t<div class=\"elementor-accordion-item\">\n\t\t\t\t\t<h3 id=\"elementor-tab-title-8603\" class=\"elementor-tab-title\" data-tab=\"3\" role=\"button\" aria-controls=\"elementor-tab-content-8603\" aria-expanded=\"false\">\n\t\t\t\t\t\t\t\t\t\t\t\t\t<span class=\"elementor-accordion-icon elementor-accordion-icon-right\" aria-hidden=\"true\">\n\t\t\t\t\t\t\t\t\t\t\t\t\t\t\t<span class=\"elementor-accordion-icon-closed\"><i class=\"fas fa-plus\"><\/i><\/span>\n\t\t\t\t\t\t\t\t<span class=\"elementor-accordion-icon-opened\"><i class=\"fas fa-minus\"><\/i><\/span>\n\t\t\t\t\t\t\t\t\t\t\t\t\t\t<\/span>\n\t\t\t\t\t\t\t\t\t\t\t\t<a class=\"elementor-accordion-title\" tabindex=\"0\">\u00bfExisten consideraciones estacionales para el cultivo de champi\u00f1ones Thai?<\/a>\n\t\t\t\t\t<\/h3>\n\t\t\t\t\t<div id=\"elementor-tab-content-8603\" class=\"elementor-tab-content elementor-clearfix\" data-tab=\"3\" role=\"region\" aria-labelledby=\"elementor-tab-title-8603\"><p>Los champi\u00f1ones Thai son bastante adaptables, pero les gustan las temperaturas m\u00e1s c\u00e1lidas. Por eso, en los meses m\u00e1s fr\u00edos, puede ser \u00fatil utilizar una esterilla t\u00e9rmica para mantener la temperatura ideal de cultivo. Encontrar\u00e1 m\u00e1s consejos sobre el cultivo de setas seg\u00fan la estaci\u00f3n del a\u00f1o en nuestro <a href=\"https:\/\/www.paddo.shop\/es\/paddo-growkit-kweekverslag\/\" target=\"_new\">p\u00e1gina del informe de cr\u00eda<\/a>.<\/p>\n<\/div>\n\t\t\t\t<\/div>\n\t\t\t\t\t\t\t<div class=\"elementor-accordion-item\">\n\t\t\t\t\t<h3 id=\"elementor-tab-title-8604\" class=\"elementor-tab-title\" data-tab=\"4\" role=\"button\" aria-controls=\"elementor-tab-content-8604\" aria-expanded=\"false\">\n\t\t\t\t\t\t\t\t\t\t\t\t\t<span class=\"elementor-accordion-icon elementor-accordion-icon-right\" aria-hidden=\"true\">\n\t\t\t\t\t\t\t\t\t\t\t\t\t\t\t<span class=\"elementor-accordion-icon-closed\"><i class=\"fas fa-plus\"><\/i><\/span>\n\t\t\t\t\t\t\t\t<span class=\"elementor-accordion-icon-opened\"><i class=\"fas fa-minus\"><\/i><\/span>\n\t\t\t\t\t\t\t\t\t\t\t\t\t\t<\/span>\n\t\t\t\t\t\t\t\t\t\t\t\t<a class=\"elementor-accordion-title\" tabindex=\"0\">\u00bfC\u00f3mo responden los champi\u00f1ones Thai a las diferentes condiciones de luz en este kit de cultivo?<\/a>\n\t\t\t\t\t<\/h3>\n\t\t\t\t\t<div id=\"elementor-tab-content-8604\" class=\"elementor-tab-content elementor-clearfix\" data-tab=\"4\" role=\"region\" aria-labelledby=\"elementor-tab-title-8604\"><p>La luz es importante para el crecimiento de las setas Thai, pero no necesitan una fuente de luz potente. Basta con luz solar indirecta o una l\u00e1mpara de ambiente normal. Evite la luz solar directa, ya que puede secar el kit de cultivo. Para obtener m\u00e1s informaci\u00f3n sobre las condiciones de cultivo ideales, consulte nuestra secci\u00f3n <a href=\"https:\/\/www.paddo.shop\/es\/growkit-instructies\/\" target=\"_new\">p\u00e1gina de instrucciones<\/a>.<\/p>\n<\/div>\n\t\t\t\t<\/div>\n\t\t\t\t\t\t\t<div class=\"elementor-accordion-item\">\n\t\t\t\t\t<h3 id=\"elementor-tab-title-8605\" class=\"elementor-tab-title\" data-tab=\"5\" role=\"button\" aria-controls=\"elementor-tab-content-8605\" aria-expanded=\"false\">\n\t\t\t\t\t\t\t\t\t\t\t\t\t<span class=\"elementor-accordion-icon elementor-accordion-icon-right\" aria-hidden=\"true\">\n\t\t\t\t\t\t\t\t\t\t\t\t\t\t\t<span class=\"elementor-accordion-icon-closed\"><i class=\"fas fa-plus\"><\/i><\/span>\n\t\t\t\t\t\t\t\t<span class=\"elementor-accordion-icon-opened\"><i class=\"fas fa-minus\"><\/i><\/span>\n\t\t\t\t\t\t\t\t\t\t\t\t\t\t<\/span>\n\t\t\t\t\t\t\t\t\t\t\t\t<a class=\"elementor-accordion-title\" tabindex=\"0\">\u00bfCu\u00e1les son las mejores formas de consumir las setas Thai para disfrutar de una experiencia agradable?<\/a>\n\t\t\t\t\t<\/h3>\n\t\t\t\t\t<div id=\"elementor-tab-content-8605\" class=\"elementor-tab-content elementor-clearfix\" data-tab=\"5\" role=\"region\" aria-labelledby=\"elementor-tab-title-8605\"><p>Las setas Thai pueden consumirse crudas, en infusi\u00f3n o mezcladas con alimentos. Es importante empezar con una dosis baja, sobre todo si se es nuevo en el mundo de las setas m\u00e1gicas. Un entorno tranquilo y c\u00f3modo tambi\u00e9n puede contribuir a una experiencia agradable. \u00bfQuieres saber m\u00e1s sobre la dosis? Consulta nuestra <a href=\"https:\/\/www.paddo.shop\/es\/vind-dosering\/\" target=\"_new\">p\u00e1gina de dosificaci\u00f3n.<\/a><\/p>\n<\/div>\n\t\t\t\t<\/div>\n\t\t\t\t\t\t\t\t\t\t<script type=\"application\/ld+json\">{\n    \"@context\": \"https:\\\/\\\/schema.org\",\n    \"@type\": \"FAQPage\",\n    \"mainEntity\": [\n        {\n            \"@type\": \"Question\",\n            \"name\": \"Wat maakt Thai paddo's een populaire keuze onder reizigers en psychonauten?\",\n            \"acceptedAnswer\": {\n                \"@type\": \"Answer\",\n                \"text\": \"<p>Thai paddo&#8217;s staan bekend om hun opwekkende en sociale effecten. Ze kunnen een gevoel van euforie en verbondenheid cre\\u00ebren, wat perfect is voor sociale situaties of festivals. Vooral reizigers en psychonauten zijn gecharmeerd van deze unieke eigenschappen. Bovendien zijn ze relatief makkelijk te kweken, wat ze een favoriete keuze maakt voor zowel beginners als ervaren kwekers. Als je ge\\u00efnteresseerd bent in het vergelijken van Thai paddo&#8217;s met andere soorten, kan je een kijkje nemen op onze <a href=\\\"https:\\\/\\\/www.paddo.shop\\\/growkits\\\/\\\" target=\\\"_new\\\">vergelijkingspagina<\\\/a>.<\\\/p>\\n\"\n            }\n        },\n        {\n            \"@type\": \"Question\",\n            \"name\": \"Hoe kan ik de levensvatbaarheid van de sporen in de Thai paddo growkit verlengen?\",\n            \"acceptedAnswer\": {\n                \"@type\": \"Answer\",\n                \"text\": \"<p>De levensvatbaarheid van de sporen kan worden verlengd door ze op een koele, donkere en droge plaats te bewaren. Het is belangrijk om direct zonlicht en vocht te vermijden. Als je niet zeker weet hoe je dit moet doen, check dan onze <a href=\\\"https:\\\/\\\/www.paddo.shop\\\/growkit-instructies\\\/\\\" target=\\\"_new\\\">growkit instructiespagina<\\\/a> voor meer informatie.<\\\/p>\\n\"\n            }\n        },\n        {\n            \"@type\": \"Question\",\n            \"name\": \"Zijn er seizoensgebonden overwegingen voor het kweken van Thai paddo\\u2019s?\",\n            \"acceptedAnswer\": {\n                \"@type\": \"Answer\",\n                \"text\": \"<p>Thai paddo\\u2019s zijn redelijk flexibel, maar ze houden van warmere temperaturen. In de koudere maanden kan het daarom nuttig zijn om een warmtemat te gebruiken om de ideale groeitemperatuur te behouden. Meer tips over het kweken van paddo&#8217;s per seizoen vind je op onze <a href=\\\"https:\\\/\\\/www.paddo.shop\\\/paddo-growkit-kweekverslag\\\/\\\" target=\\\"_new\\\">kweekverslagpagina<\\\/a>.<\\\/p>\\n\"\n            }\n        },\n        {\n            \"@type\": \"Question\",\n            \"name\": \"Hoe reageren Thai paddo's op verschillende lichtomstandigheden in deze growkit?\",\n            \"acceptedAnswer\": {\n                \"@type\": \"Answer\",\n                \"text\": \"<p>Licht is belangrijk voor de groei van Thai paddo&#8217;s, maar ze hebben geen sterke lichtbron nodig. Indirect zonlicht of een gewone kamerlamp is voldoende. Vermijd direct zonlicht, want dat kan de growkit uitdrogen. Voor meer details over de ideale groeiomstandigheden, neem een kijkje op onze <a href=\\\"https:\\\/\\\/www.paddo.shop\\\/growkit-instructies\\\/\\\" target=\\\"_new\\\">instructiespagina<\\\/a>.<\\\/p>\\n\"\n            }\n        },\n        {\n            \"@type\": \"Question\",\n            \"name\": \"Wat zijn de beste manieren om Thai paddo\\u2019s te consumeren voor een aangename ervaring?\",\n            \"acceptedAnswer\": {\n                \"@type\": \"Answer\",\n                \"text\": \"<p>Thai paddo&#8217;s kunnen rauw worden gegeten, in thee worden gezet of met voedsel worden gemengd. Het is belangrijk om te starten met een lagere dosis, vooral als je nieuw bent met paddo&#8217;s. Een rustige en comfortabele setting kan ook bijdragen aan een aangename ervaring. Wil je meer weten over dosering? Check onze <a href=\\\"https:\\\/\\\/www.paddo.shop\\\/vind-dosering\\\/\\\" target=\\\"_new\\\">dosering pagina.<\\\/a><\\\/p>\\n\"\n            }\n        }\n    ]\n}<\/script>\n\t\t\t\t\t<\/div>\n\t\t\t\t\t\t<\/div>\n\t\t\t\t<\/div>\n\t\t\t\t\t<\/div>\n\t\t<\/div>\n\t\t\t\t\t<\/div>\n\t\t<\/section>\n\t\t\t\t<\/div>","protected":false},"excerpt":{"rendered":"<p>Por supuesto, ya has adivinado de d\u00f3nde procede la cepa Thai Paddo Growkit. La Thai Paddo Growkit tiene sus ra\u00edces en Thailandia. Esta seta de fiesta es ingerida por la gente Thai de todo tipo de formas antes de que empiece una fiesta. Por ejemplo, preparan t\u00e9 con ella, hacen batidos con ella, la incorporan fresca a la comida o la comen seca. \u00bfYa est\u00e1s preparado para una fiesta? Entonces aseg\u00farese de tener el Paddo Thai Growkit en su casa. En pocos d\u00edas tendr\u00e1s una buena cosecha y podr\u00e1 empezar la fiesta.<\/p>","protected":false},"featured_media":5887,"comment_status":"closed","ping_status":"closed","template":"","meta":{"_acf_changed":false},"etheme_brands":[{"term_id":50,"name":"McSmart","slug":"mcsmart","term_group":0,"term_taxonomy_id":50,"taxonomy":"brand","description":"","parent":0,"count":11,"filter":"raw"}],"product_brand":[],"product_cat":[15],"product_tag":[],"class_list":{"0":"post-5253","1":"product","2":"type-product","3":"status-publish","4":"has-post-thumbnail","6":"brand-mcsmart","7":"product_cat-growkits","9":"first","10":"instock","11":"taxable","12":"shipping-taxable","13":"purchasable","14":"product-type-variable","15":"has-default-attributes"},"acf":[],"_links":{"self":[{"href":"https:\/\/www.paddo.shop\/es\/wp-json\/wp\/v2\/product\/5253","targetHints":{"allow":["GET"]}}],"collection":[{"href":"https:\/\/www.paddo.shop\/es\/wp-json\/wp\/v2\/product"}],"about":[{"href":"https:\/\/www.paddo.shop\/es\/wp-json\/wp\/v2\/types\/product"}],"replies":[{"embeddable":true,"href":"https:\/\/www.paddo.shop\/es\/wp-json\/wp\/v2\/comments?post=5253"}],"wp:featuredmedia":[{"embeddable":true,"href":"https:\/\/www.paddo.shop\/es\/wp-json\/wp\/v2\/media\/5887"}],"wp:attachment":[{"href":"https:\/\/www.paddo.shop\/es\/wp-json\/wp\/v2\/media?parent=5253"}],"wp:term":[{"taxonomy":"brand","embeddable":true,"href":"https:\/\/www.paddo.shop\/es\/wp-json\/wp\/v2\/etheme_brands?post=5253"},{"taxonomy":"product_brand","embeddable":true,"href":"https:\/\/www.paddo.shop\/es\/wp-json\/wp\/v2\/product_brand?post=5253"},{"taxonomy":"product_cat","embeddable":true,"href":"https:\/\/www.paddo.shop\/es\/wp-json\/wp\/v2\/product_cat?post=5253"},{"taxonomy":"product_tag","embeddable":true,"href":"https:\/\/www.paddo.shop\/es\/wp-json\/wp\/v2\/product_tag?post=5253"}],"curies":[{"name":"wp","href":"https:\/\/api.w.org\/{rel}","templated":true}]}}