{"id":5252,"date":"2022-07-20T09:16:20","date_gmt":"2022-07-20T09:16:20","guid":{"rendered":"https:\/\/www.paddo.shop\/?post_type=product&#038;p=5252"},"modified":"2023-10-09T13:35:46","modified_gmt":"2023-10-09T11:35:46","slug":"cambodian-paddo-growkit","status":"publish","type":"product","link":"https:\/\/www.paddo.shop\/es\/cambodian-paddo-growkit\/","title":{"rendered":"Cambodian Paddo Growkit"},"content":{"rendered":"<h2><strong>Comprar Cambodian Paddo Growkit<\/strong><\/h2>\n<p><span style=\"font-weight: 400;\">Si quieres comprar kits de cultivo, has llegado al lugar adecuado. En nuestra tienda s\u00f3lo encontrar\u00e1s kits de cultivo fiables y eficaces. Son producidos por la empresa holandesa McSmart. Esta empresa es conocida internacionalmente como una de las m\u00e1s renombradas en el campo de las trufas m\u00e1gicas y los kits de cultivo de setas m\u00e1gicas. Si sigues las instrucciones proporcionadas, siempre podr\u00e1s contar con al menos una buena cosecha de setas psicod\u00e9licas, pero en muchos casos, \u00a1incluso podr\u00e1s montar el kit de cultivo varias veces!<\/span><\/p>\n<p><span style=\"font-weight: 400;\">Cuando pida hoy mismo un Paddo Cambodian Growkit, lo recibir\u00e1 en su casa con total discreci\u00f3n en pocos d\u00edas.<\/span><\/p>\n<h3><strong>Qu\u00e9 hay en un Paddo Cambodian Growkit<\/strong><\/h3>\n<p><span style=\"font-weight: 400;\">contiene todo lo necesario para cultivar uno mismo las setas m\u00e1gicas Mexican. El paquete contiene: 1 recipiente de cultivo listo para usar con micelio activo, una bolsa de cultivo con filtros, 2 clips para cerrar la bolsa y un folleto con instrucciones. Todo lo que necesitas es agua y un poco de cari\u00f1o.<\/span><\/p>\n<h3><strong>\u00bfQu\u00e9 tan fuertes son <\/strong><strong>Cambodian<\/strong><strong> \u00bfhongos m\u00e1gicos?<\/strong><\/h3>\n<p><span style=\"font-weight: 400;\">A continuaci\u00f3n encontrar\u00e1s las trufas m\u00e1gicas de nuestra gama clasificadas por potencia psicod\u00e9lica. Descienden de fuerte a suave. As\u00ed podr\u00e1s ver exactamente c\u00f3mo se comparan las setas m\u00e1gicas Mexican con el resto.<\/span><\/p>\n<p><a href=\"https:\/\/www.paddo.shop\/es\/mckennaii-paddo-growkit\/\"><span style=\"font-weight: 400;\">McKennaii<\/span><span style=\"font-weight: 400;\"><br \/>\n<\/span><\/a><a href=\"https:\/\/www.paddo.shop\/es\/hawaiian-copelandia-paddo-growkit\/\"><span style=\"font-weight: 400;\">Hawaiian Copelandia<\/span><span style=\"font-weight: 400;\"><br \/>\n<\/span><\/a><a href=\"https:\/\/www.paddo.shop\/es\/golden-teacher-paddo-growkit\/\"><span style=\"font-weight: 400;\">Golden Teacher<\/span><span style=\"font-weight: 400;\"><br \/>\n<\/span><\/a><a href=\"https:\/\/www.paddo.shop\/es\/mazatapec-paddo-growkit\/\"><span style=\"font-weight: 400;\">Mazatapec<\/span><span style=\"font-weight: 400;\"><br \/>\n<\/span><\/a><a href=\"https:\/\/www.paddo.shop\/es\/colombian-paddo-growkit\/\"><span style=\"font-weight: 400;\">Colombian Paddo<\/span><span style=\"font-weight: 400;\"><br \/>\n<\/span><\/a><a href=\"https:\/\/www.paddo.shop\/es\/cambodian-paddo-growkit\/\"><span style=\"font-weight: 400;\">Cambodian Paddo<\/span><span style=\"font-weight: 400;\"><br \/>\n<\/span><\/a><a href=\"https:\/\/www.paddo.shop\/es\/ecuadorian-paddo-growkit\/\"><span style=\"font-weight: 400;\">Ecuadorian Paddo<\/span><span style=\"font-weight: 400;\"><br \/>\n<\/span><\/a><a href=\"https:\/\/www.paddo.shop\/es\/mexican-paddo-growkit\/\"><span style=\"font-weight: 400;\">Mexican Paddo<\/span><span style=\"font-weight: 400;\"><br \/>\n<\/span><\/a><a href=\"https:\/\/www.paddo.shop\/es\/b-plus-paddo-growkit\/\"><span style=\"font-weight: 400;\">B+ Paddo<\/span><span style=\"font-weight: 400;\"><br \/>\n<\/span><\/a><a href=\"https:\/\/www.paddo.shop\/es\/thai-paddo-growkit\/\"><span style=\"font-weight: 400;\">Thai Paddo<\/span><\/a><\/p>\n<h2><strong>Cultiva tus propias setas Cambodian con un kit de cultivo<\/strong><\/h2>\n<p><span style=\"font-weight: 400;\">Mexican se encuentran entre los productos naturales psicod\u00e9licos m\u00e1s populares hoy en d\u00eda. Son muy f\u00e1ciles de cultivar con la ayuda de nuestros kits de cultivo. B\u00e1sicamente, todo lo que necesitas es un kit de cultivo, un poco de agua y algo de paciencia. Para asegurarnos de que todo va bien, tambi\u00e9n te proporcionamos instrucciones. Si las sigues a rajatabla, podr\u00e1s recoger tus primeras setas en pocas semanas.<\/span><\/p>\n<h3><strong>De beste paddo growkit tips van 2026<\/strong><\/h3>\n<p><span style=\"font-weight: 400;\">Cultivar tus propias setas m\u00e1gicas es muy f\u00e1cil utilizando un kit de cultivo. Sin embargo, es importante que sigas las instrucciones proporcionadas. Dado que se trata de un organismo vivo, hay una serie de cosas que debes tener absolutamente en cuenta. <\/span><strong>no<\/strong><span style=\"font-weight: 400;\"> debe hacer. \u00bfQuieres asegurarte una buena cosecha de setas caseras una y otra vez? Entonces eche un vistazo aqu\u00ed <\/span><a href=\"https:\/\/www.paddo.shop\/es\/growkit-instructies\/\"><span style=\"font-weight: 400;\">de beste paddo growkit tips van 2026<\/span><\/a><span style=\"font-weight: 400;\">.<\/span><\/p>\n<p><strong>Importante:<\/strong><strong><br \/>\n<\/strong><span style=\"font-weight: 400;\">Cultivar setas m\u00e1gicas es incre\u00edblemente divertido y satisfactorio. Pero toma nota: las setas (hongos m\u00e1gicos) tambi\u00e9n contienen de forma natural las sustancias psilocibina y psilocina. La psilocibina y la psilocina son alucin\u00f3genos. Los alucin\u00f3genos son sustancias con un efecto alterador de la conciencia que, entre otras cosas, pueden inducir alucinaciones. Tenlo en cuenta. Y mant\u00e9n siempre tanto el growkit como las setas fuera del alcance de los ni\u00f1os.<\/span><\/p>\n<h2>Preguntas m\u00e1s frecuentes<\/h2>\n<p>A continuaci\u00f3n encontrar\u00e1 las 5 preguntas m\u00e1s frecuentes sobre el Cambodian. A\u00fan tienes preguntas despu\u00e9s de toda la informaci\u00f3n de esta p\u00e1gina? <a href=\"https:\/\/www.paddo.shop\/es\/contact\/\">P\u00f3ngase en contacto con nosotros<\/a> y le ayudaremos inmediatamente.<\/p>\n\t\t<div data-elementor-type=\"section\" data-elementor-id=\"8215\" class=\"elementor elementor-8215\" data-elementor-post-type=\"elementor_library\">\n\t\t\t\t\t<section class=\"elementor-section elementor-top-section elementor-element elementor-element-a20d66a elementor-section-boxed elementor-section-height-default elementor-section-height-default\" data-id=\"a20d66a\" data-element_type=\"section\">\n\t\t\t\t\t\t<div class=\"elementor-container elementor-column-gap-default\">\n\t\t\t\t\t<div class=\"elementor-column elementor-col-100 elementor-top-column elementor-element elementor-element-5ae8cb5\" data-id=\"5ae8cb5\" data-element_type=\"column\">\n\t\t\t<div class=\"elementor-widget-wrap elementor-element-populated\">\n\t\t\t\t\t\t<div class=\"elementor-element elementor-element-5207599 elementor-widget__width-initial elementor-widget elementor-widget-accordion\" data-id=\"5207599\" data-element_type=\"widget\" data-widget_type=\"accordion.default\">\n\t\t\t\t<div class=\"elementor-widget-container\">\n\t\t\t\t\t\t\t<div class=\"elementor-accordion\">\n\t\t\t\t\t\t\t<div class=\"elementor-accordion-item\">\n\t\t\t\t\t<h3 id=\"elementor-tab-title-8601\" class=\"elementor-tab-title\" data-tab=\"1\" role=\"button\" aria-controls=\"elementor-tab-content-8601\" aria-expanded=\"false\">\n\t\t\t\t\t\t\t\t\t\t\t\t\t<span class=\"elementor-accordion-icon elementor-accordion-icon-right\" aria-hidden=\"true\">\n\t\t\t\t\t\t\t\t\t\t\t\t\t\t\t<span class=\"elementor-accordion-icon-closed\"><i class=\"fas fa-plus\"><\/i><\/span>\n\t\t\t\t\t\t\t\t<span class=\"elementor-accordion-icon-opened\"><i class=\"fas fa-minus\"><\/i><\/span>\n\t\t\t\t\t\t\t\t\t\t\t\t\t\t<\/span>\n\t\t\t\t\t\t\t\t\t\t\t\t<a class=\"elementor-accordion-title\" tabindex=\"0\">\u00bfPor qu\u00e9 las setas Cambodian son una buena elecci\u00f3n para quienes buscan viajes visuales?<\/a>\n\t\t\t\t\t<\/h3>\n\t\t\t\t\t<div id=\"elementor-tab-content-8601\" class=\"elementor-tab-content elementor-clearfix\" data-tab=\"1\" role=\"region\" aria-labelledby=\"elementor-tab-title-8601\"><p>Las setas Cambodian son famosas por sus intensos efectos visuales, que las convierten en la mejor elecci\u00f3n para quienes buscan una experiencia psicod\u00e9lica colorida y visualmente estimulante. Estas setas pueden alterar la percepci\u00f3n de colores, formas y patrones, haciendo que el entorno parezca bailar y palpitar con una nueva vitalidad. La experiencia puede cambiar temporalmente la visi\u00f3n del mundo que nos rodea, haci\u00e9ndonos ver la belleza de cosas que antes hab\u00edamos pasado por alto. Si le interesan otras especies de setas que tambi\u00e9n pueden ofrecer experiencias visuales, el <a href=\"https:\/\/www.paddo.shop\/es\/mexican-paddo-growkit\/\" target=\"_new\">Mexican Paddo Growkit<\/a> tambi\u00e9n es algo para usted. Estas setas m\u00e1gicas tambi\u00e9n son conocidas por su capacidad para inducir alucinaciones visuales y alterar la percepci\u00f3n de la realidad.<\/p>\n<\/div>\n\t\t\t\t<\/div>\n\t\t\t\t\t\t\t<div class=\"elementor-accordion-item\">\n\t\t\t\t\t<h3 id=\"elementor-tab-title-8602\" class=\"elementor-tab-title\" data-tab=\"2\" role=\"button\" aria-controls=\"elementor-tab-content-8602\" aria-expanded=\"false\">\n\t\t\t\t\t\t\t\t\t\t\t\t\t<span class=\"elementor-accordion-icon elementor-accordion-icon-right\" aria-hidden=\"true\">\n\t\t\t\t\t\t\t\t\t\t\t\t\t\t\t<span class=\"elementor-accordion-icon-closed\"><i class=\"fas fa-plus\"><\/i><\/span>\n\t\t\t\t\t\t\t\t<span class=\"elementor-accordion-icon-opened\"><i class=\"fas fa-minus\"><\/i><\/span>\n\t\t\t\t\t\t\t\t\t\t\t\t\t\t<\/span>\n\t\t\t\t\t\t\t\t\t\t\t\t<a class=\"elementor-accordion-title\" tabindex=\"0\">\u00bfC\u00f3mo puedo hacer frente a los cambios de temperatura durante el cultivo de champi\u00f1ones Cambodian?<\/a>\n\t\t\t\t\t<\/h3>\n\t\t\t\t\t<div id=\"elementor-tab-content-8602\" class=\"elementor-tab-content elementor-clearfix\" data-tab=\"2\" role=\"region\" aria-labelledby=\"elementor-tab-title-8602\"><p>La temperatura desempe\u00f1a un papel crucial en el cultivo de las setas Cambodian. Lo ideal es cultivar estas setas a una temperatura constante de entre 21 y 24 grados cent\u00edgrados. Sin embargo, si la temperatura de tu casa fluct\u00faa, hay formas de controlarlo. En los periodos m\u00e1s fr\u00edos, puede utilizar una esterilla calefactora para mantener la temperatura, y en los periodos m\u00e1s c\u00e1lidos puede colocarlos en una habitaci\u00f3n m\u00e1s fresca o utilizar un ventilador para bajar la temperatura. Si est\u00e1 pensando en cultivar en distintas estaciones y le preocupan las fluctuaciones de temperatura, una cepa alternativa como las del <a href=\"https:\/\/www.paddo.shop\/es\/ecuadorian-paddo-growkit\/\" target=\"_new\">Ecuadorian Paddo Growkit<\/a> son una buena elecci\u00f3n por su capacidad para prosperar en una amplia gama de temperaturas.<\/p>\n<\/div>\n\t\t\t\t<\/div>\n\t\t\t\t\t\t\t<div class=\"elementor-accordion-item\">\n\t\t\t\t\t<h3 id=\"elementor-tab-title-8603\" class=\"elementor-tab-title\" data-tab=\"3\" role=\"button\" aria-controls=\"elementor-tab-content-8603\" aria-expanded=\"false\">\n\t\t\t\t\t\t\t\t\t\t\t\t\t<span class=\"elementor-accordion-icon elementor-accordion-icon-right\" aria-hidden=\"true\">\n\t\t\t\t\t\t\t\t\t\t\t\t\t\t\t<span class=\"elementor-accordion-icon-closed\"><i class=\"fas fa-plus\"><\/i><\/span>\n\t\t\t\t\t\t\t\t<span class=\"elementor-accordion-icon-opened\"><i class=\"fas fa-minus\"><\/i><\/span>\n\t\t\t\t\t\t\t\t\t\t\t\t\t\t<\/span>\n\t\t\t\t\t\t\t\t\t\t\t\t<a class=\"elementor-accordion-title\" tabindex=\"0\">\u00bfLas setas Cambodian de este kit de cultivo son resistentes a ciertos hongos comunes?<\/a>\n\t\t\t\t\t<\/h3>\n\t\t\t\t\t<div id=\"elementor-tab-content-8603\" class=\"elementor-tab-content elementor-clearfix\" data-tab=\"3\" role=\"region\" aria-labelledby=\"elementor-tab-title-8603\"><p>Aunque las setas Cambodian pueden tener cierto grado de resistencia contra algunos hongos, no son inmunes. El moho es un problema com\u00fan en el cultivo de setas, y la mejor defensa contra \u00e9l es la prevenci\u00f3n. Esto incluye medidas como mantener una buena higiene, evitar la humidificaci\u00f3n excesiva y garantizar una circulaci\u00f3n de aire adecuada. Si observas moho en tu kit de cultivo, es importante limpiar la zona afectada o, en casos graves, eliminar las partes infectadas para evitar una mayor propagaci\u00f3n. Si necesitas ayuda para identificar y tratar las plagas y enfermedades m\u00e1s comunes, consulta nuestra secci\u00f3n <a href=\"https:\/\/www.paddo.shop\/es\/contact\/\" target=\"_new\">p\u00e1gina de contacto<\/a> consulte para obtener ayuda de nuestros expertos.<\/p>\n<\/div>\n\t\t\t\t<\/div>\n\t\t\t\t\t\t\t<div class=\"elementor-accordion-item\">\n\t\t\t\t\t<h3 id=\"elementor-tab-title-8604\" class=\"elementor-tab-title\" data-tab=\"4\" role=\"button\" aria-controls=\"elementor-tab-content-8604\" aria-expanded=\"false\">\n\t\t\t\t\t\t\t\t\t\t\t\t\t<span class=\"elementor-accordion-icon elementor-accordion-icon-right\" aria-hidden=\"true\">\n\t\t\t\t\t\t\t\t\t\t\t\t\t\t\t<span class=\"elementor-accordion-icon-closed\"><i class=\"fas fa-plus\"><\/i><\/span>\n\t\t\t\t\t\t\t\t<span class=\"elementor-accordion-icon-opened\"><i class=\"fas fa-minus\"><\/i><\/span>\n\t\t\t\t\t\t\t\t\t\t\t\t\t\t<\/span>\n\t\t\t\t\t\t\t\t\t\t\t\t<a class=\"elementor-accordion-title\" tabindex=\"0\">\u00bfEn qu\u00e9 se diferencian los efectos de los hongos Cambodian de los de otras especies?<\/a>\n\t\t\t\t\t<\/h3>\n\t\t\t\t\t<div id=\"elementor-tab-content-8604\" class=\"elementor-tab-content elementor-clearfix\" data-tab=\"4\" role=\"region\" aria-labelledby=\"elementor-tab-title-8604\"><p>Los efectos de las setas Cambodian pueden variar de una persona a otra, pero en general son conocidos por sus cualidades visuales e introspectivas. Aunque puedes esperar un intenso viaje visual con las setas Cambodian, otras cepas como las de la <a href=\"https:\/\/www.paddo.shop\/es\/golden-teacher-paddo-growkit\/\" target=\"_new\">Golden Teacher Paddo Growkit<\/a> ofrecen una experiencia m\u00e1s espiritual o esclarecedora. Las setas m\u00e1gicas Golden Teacher son conocidas por su capacidad para ayudar a los usuarios a obtener una comprensi\u00f3n y un entendimiento m\u00e1s profundos. As\u00ed que, dependiendo de lo que busques en una experiencia psicod\u00e9lica, puedes elegir entre estas diferentes cepas. Es fascinante c\u00f3mo los distintos tipos de setas m\u00e1gicas pueden ofrecer experiencias \u00fanicas, \u00a1y explorar estas diferencias puede ser un viaje emocionante en s\u00ed mismo!<\/p>\n<\/div>\n\t\t\t\t<\/div>\n\t\t\t\t\t\t\t<div class=\"elementor-accordion-item\">\n\t\t\t\t\t<h3 id=\"elementor-tab-title-8605\" class=\"elementor-tab-title\" data-tab=\"5\" role=\"button\" aria-controls=\"elementor-tab-content-8605\" aria-expanded=\"false\">\n\t\t\t\t\t\t\t\t\t\t\t\t\t<span class=\"elementor-accordion-icon elementor-accordion-icon-right\" aria-hidden=\"true\">\n\t\t\t\t\t\t\t\t\t\t\t\t\t\t\t<span class=\"elementor-accordion-icon-closed\"><i class=\"fas fa-plus\"><\/i><\/span>\n\t\t\t\t\t\t\t\t<span class=\"elementor-accordion-icon-opened\"><i class=\"fas fa-minus\"><\/i><\/span>\n\t\t\t\t\t\t\t\t\t\t\t\t\t\t<\/span>\n\t\t\t\t\t\t\t\t\t\t\t\t<a class=\"elementor-accordion-title\" tabindex=\"0\">\u00bfQu\u00e9 importancia tiene la humedad para el crecimiento de los champi\u00f1ones Cambodian en este kit de cultivo?<\/a>\n\t\t\t\t\t<\/h3>\n\t\t\t\t\t<div id=\"elementor-tab-content-8605\" class=\"elementor-tab-content elementor-clearfix\" data-tab=\"5\" role=\"region\" aria-labelledby=\"elementor-tab-title-8605\"><p>La humedad es absolutamente crucial para el crecimiento de las setas Cambodian. Las setas necesitan una humedad elevada para crecer correctamente, y esto es especialmente importante en las primeras fases de su desarrollo. Una humedad adecuada garantiza un desarrollo sano del micelio, lo que en \u00faltima instancia conduce a una cosecha abundante. El mantenimiento de una humedad adecuada puede conseguirse mediante pulverizaciones peri\u00f3dicas y el uso de un higr\u00f3metro para controlar los niveles de humedad. Tambi\u00e9n es aconsejable colocar el kit de cultivo en una habitaci\u00f3n donde se mantenga una humedad natural, lejos de ventiladores de calefacci\u00f3n o aires acondicionados que puedan resecar el aire. Para obtener consejos m\u00e1s detallados sobre c\u00f3mo mantener los niveles de humedad, visite nuestra p\u00e1gina <a href=\"https:\/\/www.paddo.shop\/es\/paddo-growkit-kweekverslag\/\" target=\"_new\">p\u00e1gina del informe de cr\u00eda<\/a> Vis\u00edtelo para obtener consejos pr\u00e1cticos y orientaci\u00f3n.<\/p>\n<\/div>\n\t\t\t\t<\/div>\n\t\t\t\t\t\t\t\t\t\t<script type=\"application\/ld+json\">{\n    \"@context\": \"https:\\\/\\\/schema.org\",\n    \"@type\": \"FAQPage\",\n    \"mainEntity\": [\n        {\n            \"@type\": \"Question\",\n            \"name\": \"Waarom zijn Cambodian paddo\\u2019s een goede keuze voor diegenen die op zoek zijn naar visuele trips?\",\n            \"acceptedAnswer\": {\n                \"@type\": \"Answer\",\n                \"text\": \"<p>Cambodian paddo&#8217;s zijn befaamd om hun intense visuele effecten, wat ze een topkeuze maakt voor diegenen die op zoek zijn naar een kleurrijke en visueel stimulerende psychedelische ervaring. Deze paddo\\u2019s kunnen je perceptie van kleuren, vormen en patronen veranderen, waardoor je omgeving lijkt te dansen en te pulseren met een nieuwe levendigheid. De ervaring kan je blik op de wereld om je heen tijdelijk veranderen, waardoor je de schoonheid in dingen ziet die je misschien eerder over het hoofd hebt gezien. Als je ge\\u00efnteresseerd bent in andere paddosoorten die ook visuele ervaringen kunnen bieden, kan de <a href=\\\"https:\\\/\\\/www.paddo.shop\\\/mexican-paddo-growkit\\\/\\\" target=\\\"_new\\\">Mexican Paddo Growkit<\\\/a> ook iets voor jou zijn. Deze paddo&#8217;s staan ook bekend om hun vermogen om visuele hallucinaties en een veranderde perceptie van de realiteit te veroorzaken.<\\\/p>\\n\"\n            }\n        },\n        {\n            \"@type\": \"Question\",\n            \"name\": \"Hoe ga ik om met temperatuurveranderingen tijdens het kweken van Cambodian paddo\\u2019s?\",\n            \"acceptedAnswer\": {\n                \"@type\": \"Answer\",\n                \"text\": \"<p>Temperatuur speelt een cruciale rol bij het kweken van Cambodian paddo\\u2019s. Idealiter moeten deze paddo\\u2019s worden gekweekt bij een constante temperatuur tussen de 21 en 24 graden Celsius. Echter, als de temperatuur in je huis fluctueert, zijn er manieren om dit te beheren. In koudere periodes kun je een verwarmingsmat gebruiken om de temperatuur op peil te houden, en in warmere periodes kun je ze in een koelere kamer plaatsen of een ventilator gebruiken om de temperatuur te verlagen. Als je overweegt om in verschillende seizoenen te kweken en je zorgen maakt over temperatuurschommelingen, kan een alternatieve soort zoals die in de <a href=\\\"https:\\\/\\\/www.paddo.shop\\\/ecuadorian-paddo-growkit\\\/\\\" target=\\\"_new\\\">Ecuadorian Paddo Growkit<\\\/a> een goede keuze zijn, vanwege hun vermogen om te gedijen in een breed scala aan temperaturen.<\\\/p>\\n\"\n            }\n        },\n        {\n            \"@type\": \"Question\",\n            \"name\": \"Zijn Cambodian paddo's in deze growkit resistent tegen bepaalde veel voorkomende schimmels?\",\n            \"acceptedAnswer\": {\n                \"@type\": \"Answer\",\n                \"text\": \"<p>Hoewel Cambodian paddo\\u2019s een bepaalde mate van veerkracht kunnen hebben tegen sommige schimmels, zijn ze niet immuun. Schimmelvorming is een veelvoorkomend probleem in de paddokweek, en de beste verdediging hiertegen is preventie. Dit omvat maatregelen zoals het handhaven van een goede hygi\\u00ebne, het vermijden van overbevochtiging, en het zorgen voor voldoende luchtcirculatie. Als je merkt dat er schimmel in je growkit zit, is het belangrijk om het getroffen gebied schoon te maken of, in ernstige gevallen, de besmette delen te verwijderen om verdere verspreiding te voorkomen. Voor hulp bij het identificeren en behandelen van veel voorkomende plagen en ziekten, kun je onze <a href=\\\"https:\\\/\\\/www.paddo.shop\\\/contact\\\/\\\" target=\\\"_new\\\">contactpagina<\\\/a> raadplegen om hulp te krijgen van onze experts.<\\\/p>\\n\"\n            }\n        },\n        {\n            \"@type\": \"Question\",\n            \"name\": \"Hoe onderscheiden de effecten van Cambodian paddo's zich van andere soorten?\",\n            \"acceptedAnswer\": {\n                \"@type\": \"Answer\",\n                \"text\": \"<p>De effecten van Cambodian paddo&#8217;s kunnen vari\\u00ebren van persoon tot persoon, maar staan over het algemeen bekend om hun visuele en introspectieve kwaliteiten. Terwijl je met Cambodian paddo&#8217;s een intense visuele reis kunt verwachten, kunnen andere soorten zoals die in de <a href=\\\"https:\\\/\\\/www.paddo.shop\\\/golden-teacher-paddo-growkit\\\/\\\" target=\\\"_new\\\">Golden Teacher Paddo Growkit<\\\/a> een meer spirituele of verlichtende ervaring bieden. Golden Teacher paddo&#8217;s zijn bekend om hun vermogen om gebruikers te helpen diepere inzichten en begrip te verkrijgen. Dus, afhankelijk van wat je zoekt in een psychedelische ervaring, kun je kiezen tussen deze verschillende soorten. Het is fascinerend hoe verschillende soorten paddo&#8217;s unieke ervaringen kunnen bieden, en het verkennen van deze verschillen kan een spannende reis op zich zijn!<\\\/p>\\n\"\n            }\n        },\n        {\n            \"@type\": \"Question\",\n            \"name\": \"Hoe belangrijk is luchtvochtigheid voor de groei van Cambodian paddo\\u2019s in deze growkit?\",\n            \"acceptedAnswer\": {\n                \"@type\": \"Answer\",\n                \"text\": \"<p>Luchtvochtigheid is absoluut cruciaal voor de groei van Cambodian paddo\\u2019s. Paddo\\u2019s hebben een hoge luchtvochtigheid nodig om goed te kunnen groeien, en dit is vooral belangrijk in de vroege stadia van hun ontwikkeling. Een juiste luchtvochtigheid zorgt voor een gezonde myceliumontwikkeling, wat uiteindelijk leidt tot een overvloedige oogst. Het handhaven van de juiste luchtvochtigheid kan worden bereikt door regelmatig te sproeien en het gebruik van een hygrometer om de vochtigheidsniveaus te monitoren. Het is ook aan te raden om de growkit in een ruimte te plaatsen waar natuurlijke vochtigheid wordt behouden, weg van verwarmingsventilatoren of airconditioners die de lucht kunnen uitdrogen. Voor meer gedetailleerde tips over hoe je de luchtvochtigheid op peil kunt houden, kun je onze <a href=\\\"https:\\\/\\\/www.paddo.shop\\\/paddo-growkit-kweekverslag\\\/\\\" target=\\\"_new\\\">kweekverslag pagina<\\\/a> bezoeken voor praktische adviezen en begeleiding.<\\\/p>\\n\"\n            }\n        }\n    ]\n}<\/script>\n\t\t\t\t\t<\/div>\n\t\t\t\t\t\t<\/div>\n\t\t\t\t<\/div>\n\t\t\t\t\t<\/div>\n\t\t<\/div>\n\t\t\t\t\t<\/div>\n\t\t<\/section>\n\t\t\t\t<\/div>","protected":false},"excerpt":{"rendered":"<p>\u00bfLe apetece un viaje divertido con una gran calidad visual? Entonces prueba el Paddo Cambodian Growkit. Estos hongos razonablemente fuertes suelen ser elegidos por psiconautas experimentados. El rendimiento del Cambodian Paddo Growkit tampoco decepciona a nadie. De hecho, de media, este kit de cultivo supera al resto de su familia. El Cambodian Paddo Growkit f\u00e1cil de montar contiene: el kit de cultivo, una bolsa de cultivo y 2 clips. M\u00e1s f\u00e1cil imposible.<\/p>","protected":false},"featured_media":5879,"comment_status":"closed","ping_status":"closed","template":"","meta":{"_acf_changed":false},"etheme_brands":[{"term_id":50,"name":"McSmart","slug":"mcsmart","term_group":0,"term_taxonomy_id":50,"taxonomy":"brand","description":"","parent":0,"count":11,"filter":"raw"}],"product_brand":[],"product_cat":[15],"product_tag":[],"class_list":{"0":"post-5252","1":"product","2":"type-product","3":"status-publish","4":"has-post-thumbnail","6":"brand-mcsmart","7":"product_cat-growkits","9":"first","10":"instock","11":"taxable","12":"shipping-taxable","13":"purchasable","14":"product-type-variable","15":"has-default-attributes"},"acf":[],"_links":{"self":[{"href":"https:\/\/www.paddo.shop\/es\/wp-json\/wp\/v2\/product\/5252","targetHints":{"allow":["GET"]}}],"collection":[{"href":"https:\/\/www.paddo.shop\/es\/wp-json\/wp\/v2\/product"}],"about":[{"href":"https:\/\/www.paddo.shop\/es\/wp-json\/wp\/v2\/types\/product"}],"replies":[{"embeddable":true,"href":"https:\/\/www.paddo.shop\/es\/wp-json\/wp\/v2\/comments?post=5252"}],"wp:featuredmedia":[{"embeddable":true,"href":"https:\/\/www.paddo.shop\/es\/wp-json\/wp\/v2\/media\/5879"}],"wp:attachment":[{"href":"https:\/\/www.paddo.shop\/es\/wp-json\/wp\/v2\/media?parent=5252"}],"wp:term":[{"taxonomy":"brand","embeddable":true,"href":"https:\/\/www.paddo.shop\/es\/wp-json\/wp\/v2\/etheme_brands?post=5252"},{"taxonomy":"product_brand","embeddable":true,"href":"https:\/\/www.paddo.shop\/es\/wp-json\/wp\/v2\/product_brand?post=5252"},{"taxonomy":"product_cat","embeddable":true,"href":"https:\/\/www.paddo.shop\/es\/wp-json\/wp\/v2\/product_cat?post=5252"},{"taxonomy":"product_tag","embeddable":true,"href":"https:\/\/www.paddo.shop\/es\/wp-json\/wp\/v2\/product_tag?post=5252"}],"curies":[{"name":"wp","href":"https:\/\/api.w.org\/{rel}","templated":true}]}}