{"id":5894,"date":"2022-08-01T15:54:25","date_gmt":"2022-08-01T13:54:25","guid":{"rendered":"https:\/\/www.paddo.shop\/?page_id=5894"},"modified":"2024-08-20T11:59:20","modified_gmt":"2024-08-20T09:59:20","slug":"partners","status":"publish","type":"page","link":"https:\/\/www.paddo.shop\/es\/partners\/","title":{"rendered":"Socios"},"content":{"rendered":"<div data-elementor-type=\"wp-page\" data-elementor-id=\"5894\" class=\"elementor elementor-5894\" data-elementor-post-type=\"page\">\n\t\t\t\t\t\t<section class=\"elementor-section elementor-top-section elementor-element elementor-element-5abf2a6 elementor-section-boxed elementor-section-height-default elementor-section-height-default\" data-id=\"5abf2a6\" data-element_type=\"section\" data-e-type=\"section\">\n\t\t\t\t\t\t<div class=\"elementor-container elementor-column-gap-default\">\n\t\t\t\t\t<div class=\"elementor-column elementor-col-100 elementor-top-column elementor-element elementor-element-e4d511e\" data-id=\"e4d511e\" data-element_type=\"column\" data-e-type=\"column\">\n\t\t\t<div class=\"elementor-widget-wrap elementor-element-populated\">\n\t\t\t\t\t\t<div class=\"elementor-element elementor-element-392eff0 elementor-widget elementor-widget-text-editor\" data-id=\"392eff0\" data-element_type=\"widget\" data-e-type=\"widget\" data-widget_type=\"text-editor.default\">\n\t\t\t\t<div class=\"elementor-widget-container\">\n\t\t\t\t\t\t\t\t\t<h2>Compartimos nuestros conocimientos<\/h2><p>Por desgracia, todav\u00eda existen grandes tab\u00faes en torno a las trufas m\u00e1gicas y los psicod\u00e9licos en general. En nuestra opini\u00f3n, esto est\u00e1 totalmente injustificado. Al fin y al cabo, cuando se usan adecuadamente, los psicod\u00e9licos pueden aportar much\u00edsimo a la vida humana. Por desgracia, se nos sigue arrinconando demasiado. Es hora de cambiar eso y estamos encantados de poner de nuestra parte. Lo hacemos siendo lo m\u00e1s transparentes posible y proporcionando buena informaci\u00f3n sobre nuestros productos. Todo empieza por ah\u00ed. Nos gusta volver a convertir la psicodelia en algo bello en lugar de algo que da miedo o es malo.<\/p><h2>The Headshop &amp; Tatanka<\/h2><p>Para ello, nos hemos asociado con algunas empresas de renombre en el campo de los productos inteligentes. Por ejemplo, colaboramos con <a href=\"https:\/\/www.headshop.nl\/\" target=\"_blank\" rel=\"noopener\">La tienda de la cabeza<\/a> &amp; <a href=\"https:\/\/www.tatanka.nl\/\" target=\"_blank\" rel=\"noopener\">Tatanka<\/a>. Estas tiendas se encuentran entre las smart y head shops m\u00e1s antiguas de los Pa\u00edses Bajos. As\u00ed que en t\u00e9rminos de conocimiento y experiencia, no hay mejores socios en los que pensar.<\/p><h2>Smartific<\/h2><p>Tambi\u00e9n colaboramos con la incre\u00edble tienda online internacional Smartific. <a href=\"https:\/\/smartific.nl\/\" target=\"_blank\" rel=\"noopener\">Smartific.es<\/a> y <a href=\"https:\/\/smartific.com\/\" target=\"_blank\" rel=\"noopener\">Smartfic.com<\/a> tiene una gran gama en l\u00ednea, pero tambi\u00e9n es conocida por su smartwiki. En esta smartwiki comparten todos sus conocimientos, experiencia e investigaci\u00f3n en el campo de los productos inteligentes. Nosotros tambi\u00e9n estamos encantados de aprovechar estos conocimientos.<\/p><p>Con estas colaboraciones, esperamos contribuir a que el mercado sea m\u00e1s transparente.<\/p><h2 data-pm-slice=\"1 1 []\">McSmart el mayorista para smartshops<\/h2><p>En Paddo.shop estamos orgullosos de nuestra colaboraci\u00f3n con <a href=\"https:\/\/www.mcsmart.com\/\" target=\"_blank\" rel=\"noopener\">McSmart<\/a>el mayorista l\u00edder de smartshops. Esta asociaci\u00f3n nos permite ofrecer a nuestros clientes una amplia gama de productos de alta calidad, incluido el Growkits que vendemos. McSmart es conocido por su fiabilidad, innovaci\u00f3n y calidad superior del producto, que encaja perfectamente con nuestra misi\u00f3n de ofrecer los mejores productos del mercado. Tanto si eres un cultivador novato como un usuario experimentado, los productos de McSmart te garantizar\u00e1n la mejor experiencia posible. Visite nuestra tienda y descubra la gama de productos de McSmart.<\/p>\t\t\t\t\t\t\t\t<\/div>\n\t\t\t\t<\/div>\n\t\t\t\t\t<\/div>\n\t\t<\/div>\n\t\t\t\t\t<\/div>\n\t\t<\/section>\n\t\t\t\t<\/div>","protected":false},"excerpt":{"rendered":"<p>Compartimos nuestros conocimientos Desgraciadamente, todav\u00eda existen grandes tab\u00faes en torno a las trufas m\u00e1gicas y los psicod\u00e9licos en general. En nuestra opini\u00f3n, muy injustificados. Cuando los psicod\u00e9licos se...<\/p>","protected":false},"author":2,"featured_media":0,"parent":0,"menu_order":0,"comment_status":"closed","ping_status":"closed","template":"","meta":{"_acf_changed":false,"footnotes":""},"class_list":["post-5894","page","type-page","status-publish","hentry"],"acf":[],"_links":{"self":[{"href":"https:\/\/www.paddo.shop\/es\/wp-json\/wp\/v2\/pages\/5894","targetHints":{"allow":["GET"]}}],"collection":[{"href":"https:\/\/www.paddo.shop\/es\/wp-json\/wp\/v2\/pages"}],"about":[{"href":"https:\/\/www.paddo.shop\/es\/wp-json\/wp\/v2\/types\/page"}],"author":[{"embeddable":true,"href":"https:\/\/www.paddo.shop\/es\/wp-json\/wp\/v2\/users\/2"}],"replies":[{"embeddable":true,"href":"https:\/\/www.paddo.shop\/es\/wp-json\/wp\/v2\/comments?post=5894"}],"version-history":[{"count":0,"href":"https:\/\/www.paddo.shop\/es\/wp-json\/wp\/v2\/pages\/5894\/revisions"}],"wp:attachment":[{"href":"https:\/\/www.paddo.shop\/es\/wp-json\/wp\/v2\/media?parent=5894"}],"curies":[{"name":"wp","href":"https:\/\/api.w.org\/{rel}","templated":true}]}}