{"id":5661,"date":"2022-07-27T10:09:33","date_gmt":"2022-07-27T08:09:33","guid":{"rendered":"https:\/\/www.paddo.shop\/?page_id=5661"},"modified":"2024-10-15T09:02:58","modified_gmt":"2024-10-15T07:02:58","slug":"paddo-growkit-kweekverslag","status":"publish","type":"page","link":"https:\/\/www.paddo.shop\/es\/paddo-growkit-kweekverslag\/","title":{"rendered":"Informe sobre el cultivo del champi\u00f1\u00f3n Growkit"},"content":{"rendered":"<div data-elementor-type=\"wp-page\" data-elementor-id=\"5661\" class=\"elementor elementor-5661\" data-elementor-post-type=\"page\">\n\t\t\t\t\t\t<section class=\"elementor-section elementor-top-section elementor-element elementor-element-6da08d04 elementor-section-boxed elementor-section-height-default elementor-section-height-default\" data-id=\"6da08d04\" data-element_type=\"section\" data-e-type=\"section\">\n\t\t\t\t\t\t<div class=\"elementor-container elementor-column-gap-default\">\n\t\t\t\t\t<div class=\"elementor-column elementor-col-100 elementor-top-column elementor-element elementor-element-76f56ffd\" data-id=\"76f56ffd\" data-element_type=\"column\" data-e-type=\"column\">\n\t\t\t<div class=\"elementor-widget-wrap elementor-element-populated\">\n\t\t\t\t\t\t<div class=\"elementor-element elementor-element-24e06a2 elementor-widget elementor-widget-text-editor\" data-id=\"24e06a2\" data-element_type=\"widget\" data-e-type=\"widget\" data-widget_type=\"text-editor.default\">\n\t\t\t\t<div class=\"elementor-widget-container\">\n\t\t\t\t\t\t\t\t\t<h2>Cultivar un kit de cultivo de setas m\u00e1gicas<\/h2>\n<p>\u00bfCu\u00e1nto cuesta un <a href=\"\/es\/growkits\/\">kit de cultivo de setas<\/a> \u00bfqu\u00e9 hacen realmente? Recibimos esta pregunta todas las semanas, por lo que hemos creado una serie de kits de cultivo de prueba. De este modo, hemos hecho una estimaci\u00f3n de lo que puede esperar de su kit de cultivo de setas. Ten en cuenta que hay diferentes factores que pueden influir en el rendimiento. Una temperatura demasiado fr\u00eda o un cambio de temperatura pueden tener un efecto, pero tambi\u00e9n pueden influir la calidad del agua que utilices, la atenci\u00f3n que prestes al kit de cultivo de setas y un entorno de trabajo limpio o sucio. Eche tambi\u00e9n un vistazo a nuestro <a href=\"https:\/\/www.paddo.shop\/es\/growkit-instructies\/\">kit de cultivo instrucciones y consejos<\/a>De esta forma estar\u00e1s preparado para empezar a cultivar tu kit de cultivo de setas.<\/p>\n<h2>Informe sobre el kit de cultivo de setas<\/h2>\n<p>A continuaci\u00f3n encontrar\u00e1s los detalles d\u00eda a d\u00eda de los pasos que seguimos durante nuestro informe sobre el kit de cultivo de setas. \u00bfNo puedes esperar? Entonces puedes consultar el resumen a continuaci\u00f3n ahora mismo. Para nuestro informe de cultivo, utilizamos el <a href=\"https:\/\/www.paddo.shop\/es\/golden-teacher-paddo-growkit\/\">Setas Golden Teacher<\/a> elegidos. Estas son algunas de las especies de setas m\u00e1gicas m\u00e1s populares hoy en d\u00eda.<\/p>\t\t\t\t\t\t\t\t<\/div>\n\t\t\t\t<\/div>\n\t\t\t\t<div class=\"elementor-element elementor-element-33130382 elementor-widget elementor-widget-text-editor\" data-id=\"33130382\" data-element_type=\"widget\" data-e-type=\"widget\" data-widget_type=\"text-editor.default\">\n\t\t\t\t<div class=\"elementor-widget-container\">\n\t\t\t\t\t\t\t\t\t<p><\/p>\n<h2 class=\"wp-block-heading\"><strong style=\"font-size: calc(var(--h3-size-proportion) * 1rem); background-color: var(--et_container-bg-color, transparent);\">Resumen del informe sobre el kit de cultivo de setas<\/strong><\/h2>\n<p><\/p>\n<p><\/p>\t\t\t\t\t\t\t\t<\/div>\n\t\t\t\t<\/div>\n\t\t\t\t<section class=\"elementor-section elementor-inner-section elementor-element elementor-element-360ac11 elementor-hidden-mobile elementor-hidden-tablet elementor-section-boxed elementor-section-height-default elementor-section-height-default\" data-id=\"360ac11\" data-element_type=\"section\" data-e-type=\"section\">\n\t\t\t\t\t\t<div class=\"elementor-container elementor-column-gap-default\">\n\t\t\t\t\t<div class=\"elementor-column elementor-col-33 elementor-inner-column elementor-element elementor-element-052c331\" data-id=\"052c331\" data-element_type=\"column\" data-e-type=\"column\" data-settings=\"{&quot;background_background&quot;:&quot;classic&quot;}\">\n\t\t\t<div class=\"elementor-widget-wrap elementor-element-populated\">\n\t\t\t\t\t\t<div class=\"elementor-element elementor-element-568c429 elementor-widget elementor-widget-text-editor\" data-id=\"568c429\" data-element_type=\"widget\" data-e-type=\"widget\" data-widget_type=\"text-editor.default\">\n\t\t\t\t<div class=\"elementor-widget-container\">\n\t\t\t\t\t\t\t\t\t<h2><b>250 cc (Peque\u00f1o)<\/b><\/h2>\n<p><b>N\u00famero de d\u00edas<\/b><span style=\"font-weight: 400;\">:<br \/><\/span><span style=\"font-weight: 400;\">35 d\u00edas<\/span><\/p>\n<p><b>Ingresos totales<\/b><span style=\"font-weight: 400;\">:<br \/><\/span><span style=\"font-weight: 400;\">311 gramos<\/span><\/p>\n<p><b>N\u00famero de descargas:<br \/><\/b>3 descargas<\/p>\t\t\t\t\t\t\t\t<\/div>\n\t\t\t\t<\/div>\n\t\t\t\t<div class=\"elementor-element elementor-element-eef2905 elementor-widget elementor-widget-text-editor\" data-id=\"eef2905\" data-element_type=\"widget\" data-e-type=\"widget\" data-widget_type=\"text-editor.default\">\n\t\t\t\t<div class=\"elementor-widget-container\">\n\t\t\t\t\t\t\t\t\t<p><b style=\"color: inherit; font-family: inherit; font-size: inherit; background-color: var(--et_container-bg-color, transparent);\">Primera descarga:<br \/><\/b><span style=\"font-weight: 400;\">Duraci\u00f3n: 0 - 21 d\u00edas<br \/><\/span><span style=\"font-weight: 400;\">Producci\u00f3n: 165 gramos<\/span><\/p>\n<p><b>Segunda descarga:<br \/><\/b><span style=\"font-weight: 400;\">D\u00eda 21 - 30<br \/><\/span><span style=\"font-weight: 400;\">Rendimiento: 130 gramos<\/span><\/p>\n<p><b>Tercera descarga:<br \/><\/b><span style=\"font-weight: 400;\">D\u00eda 30 - 35<br \/><\/span><span style=\"font-weight: 400;\">Producci\u00f3n: 16 gramos<\/span><\/p>\n<p><b>Cuarta descarga:<br \/><\/b><span style=\"font-weight: 400;\">D\u00eda 35<br \/><\/span><span style=\"font-weight: 400;\">Rendimiento: No<\/span><\/p>\t\t\t\t\t\t\t\t<\/div>\n\t\t\t\t<\/div>\n\t\t\t\t\t<\/div>\n\t\t<\/div>\n\t\t\t\t<div class=\"elementor-column elementor-col-33 elementor-inner-column elementor-element elementor-element-379e4e8\" data-id=\"379e4e8\" data-element_type=\"column\" data-e-type=\"column\" data-settings=\"{&quot;background_background&quot;:&quot;classic&quot;}\">\n\t\t\t<div class=\"elementor-widget-wrap elementor-element-populated\">\n\t\t\t\t\t\t<div class=\"elementor-element elementor-element-f31f0af elementor-widget elementor-widget-text-editor\" data-id=\"f31f0af\" data-element_type=\"widget\" data-e-type=\"widget\" data-widget_type=\"text-editor.default\">\n\t\t\t\t<div class=\"elementor-widget-container\">\n\t\t\t\t\t\t\t\t\t<h2><b>1200 cc (Mediana)<\/b><\/h2>\n<p><b>N\u00famero de d\u00edas<\/b><span style=\"font-weight: 400;\">:<br \/><\/span><span style=\"font-weight: 400;\">35 d\u00edas<\/span><\/p>\n<p><b>Ingresos totales<\/b><span style=\"font-weight: 400;\">:<br \/><\/span><span style=\"font-weight: 400;\">865 gramos<\/span><\/p>\n<p><b>N\u00famero de descargas:<br \/><\/b><span style=\"font-weight: 400;\">3 descargas<\/span><\/p>\t\t\t\t\t\t\t\t<\/div>\n\t\t\t\t<\/div>\n\t\t\t\t<div class=\"elementor-element elementor-element-c4a8c93 elementor-widget elementor-widget-text-editor\" data-id=\"c4a8c93\" data-element_type=\"widget\" data-e-type=\"widget\" data-widget_type=\"text-editor.default\">\n\t\t\t\t<div class=\"elementor-widget-container\">\n\t\t\t\t\t\t\t\t\t<p><span style=\"color: inherit; font-family: inherit; font-size: inherit; background-color: var(--et_container-bg-color, transparent);\"><b>Primera descarga:<br \/><\/b><\/span><span style=\"color: inherit; font-family: inherit; font-size: inherit;\">Duraci\u00f3n: 0 - 21 d\u00edas<br \/><\/span><span style=\"color: inherit; font-family: inherit; font-size: inherit;\">Producci\u00f3n: 433 gramos<\/span><\/p>\n<p><b>Segunda descarga:<br \/><\/b><span style=\"font-weight: 400;\">D\u00eda 21 - 30<br \/><\/span><span style=\"font-weight: 400;\">Producci\u00f3n: 390 gramos<\/span><\/p>\n<p><b>Tercera descarga:<br \/><\/b><span style=\"font-weight: 400;\">D\u00eda 30 - 35<br \/><\/span><span style=\"font-weight: 400;\">Producci\u00f3n: 42 gramos<\/span><\/p>\n<p><b>Cuarta descarga:<br \/><\/b><span style=\"font-weight: 400;\">D\u00eda 35<br \/><\/span><span style=\"color: inherit; font-family: inherit; font-size: inherit; background-color: var(--et_container-bg-color, transparent);\">Rendimiento: No<\/span><\/p>\t\t\t\t\t\t\t\t<\/div>\n\t\t\t\t<\/div>\n\t\t\t\t\t<\/div>\n\t\t<\/div>\n\t\t\t\t<div class=\"elementor-column elementor-col-33 elementor-inner-column elementor-element elementor-element-7252acd\" data-id=\"7252acd\" data-element_type=\"column\" data-e-type=\"column\" data-settings=\"{&quot;background_background&quot;:&quot;classic&quot;}\">\n\t\t\t<div class=\"elementor-widget-wrap elementor-element-populated\">\n\t\t\t\t\t\t<div class=\"elementor-element elementor-element-be025e4 elementor-widget elementor-widget-text-editor\" data-id=\"be025e4\" data-element_type=\"widget\" data-e-type=\"widget\" data-widget_type=\"text-editor.default\">\n\t\t\t\t<div class=\"elementor-widget-container\">\n\t\t\t\t\t\t\t\t\t<h2><b>2100 cc (Grande)<\/b><\/h2>\n<p><b>N\u00famero de d\u00edas<\/b><span style=\"font-weight: 400;\">:<br \/><\/span><span style=\"font-weight: 400;\">35 d\u00edas<\/span><\/p>\n<p><b>Ingresos totales<\/b><span style=\"font-weight: 400;\">:<br \/><\/span><span style=\"font-weight: 400;\">1633 gramos<\/span><\/p>\n<p><b>N\u00famero de descargas:<br \/><\/b><span style=\"font-weight: 400;\">3 descargas<\/span><\/p>\t\t\t\t\t\t\t\t<\/div>\n\t\t\t\t<\/div>\n\t\t\t\t<div class=\"elementor-element elementor-element-0f5af87 elementor-widget elementor-widget-text-editor\" data-id=\"0f5af87\" data-element_type=\"widget\" data-e-type=\"widget\" data-widget_type=\"text-editor.default\">\n\t\t\t\t<div class=\"elementor-widget-container\">\n\t\t\t\t\t\t\t\t\t<p><span style=\"color: inherit; font-family: inherit; font-size: inherit; background-color: var(--et_container-bg-color, transparent);\"><b>Primera descarga:<br \/><\/b><\/span><span style=\"color: inherit; font-family: inherit; font-size: inherit; background-color: var(--et_container-bg-color, transparent);\">Duraci\u00f3n: 0 - 21 d\u00edas<br \/><\/span><span style=\"color: inherit; font-family: inherit; font-size: inherit; background-color: var(--et_container-bg-color, transparent);\">Producci\u00f3n: 809 gramos<\/span><\/p>\n<p><b>Segunda descarga:<br \/><\/b><span style=\"font-weight: 400;\">D\u00eda 21 - 30<br \/><\/span><span style=\"font-weight: 400;\">Producci\u00f3n: 743 gramos<\/span><\/p>\n<p><b>Tercera descarga:<br \/><\/b><span style=\"font-weight: 400;\">D\u00eda 30 - 35<br \/><\/span><span style=\"font-weight: 400;\">Producci\u00f3n: 81 gramos<\/span><\/p>\n<p><b>Cuarta descarga:<br \/><\/b><span style=\"font-weight: 400;\">D\u00eda 35<br \/><\/span><span style=\"font-weight: 400;\">Rendimiento: No<\/span><\/p>\t\t\t\t\t\t\t\t<\/div>\n\t\t\t\t<\/div>\n\t\t\t\t\t<\/div>\n\t\t<\/div>\n\t\t\t\t\t<\/div>\n\t\t<\/section>\n\t\t\t\t<section class=\"elementor-section elementor-inner-section elementor-element elementor-element-d9fb96f elementor-hidden-desktop elementor-section-boxed elementor-section-height-default elementor-section-height-default\" data-id=\"d9fb96f\" data-element_type=\"section\" data-e-type=\"section\">\n\t\t\t\t\t\t<div class=\"elementor-container elementor-column-gap-default\">\n\t\t\t\t\t<div class=\"elementor-column elementor-col-100 elementor-inner-column elementor-element elementor-element-6c7ae39 elementor-hidden-desktop\" data-id=\"6c7ae39\" data-element_type=\"column\" data-e-type=\"column\" data-settings=\"{&quot;background_background&quot;:&quot;classic&quot;}\">\n\t\t\t<div class=\"elementor-widget-wrap elementor-element-populated\">\n\t\t\t\t\t\t<div class=\"elementor-element elementor-element-18f8916 elementor-widget elementor-widget-et-general-tabs\" data-id=\"18f8916\" data-element_type=\"widget\" data-e-type=\"widget\" data-widget_type=\"et-general-tabs.default\">\n\t\t\t\t<div class=\"elementor-widget-container\">\n\t\t\t\t\t        <div id=\"et-advance-tabs-18f8916\" class=\"et-advance-tabs et-tabs-horizontal  horizontal-style-3 responsive-vertical-layout\" data-tabid=\"18f8916\">\n            <div class=\"et-tabs-nav\">\n                <ul >\n\t\t\t\t\t                        <li class=\"inactive et-tab-nav\"\n                            >\n                            \t\t\t\t\t\t\t\t                        \t\t\t\t\t\t\t\t\t\t\t\t\t\t                                <span class=\"et-tab-title\">\n    \t\t\t\t\t\t\t\t250 cc    \t\t\t\t\t\t\t<\/span>\n\t\t\t\t\t\t\t                        <\/li>\n\t\t\t\t\t                        <li class=\"active-default et-tab-nav\"\n                            >\n                            \t\t\t\t\t\t\t\t                        \t\t\t\t\t\t\t\t\t\t\t\t\t\t                                <span class=\"et-tab-title\">\n    \t\t\t\t\t\t\t\t1200 cc    \t\t\t\t\t\t\t<\/span>\n\t\t\t\t\t\t\t                        <\/li>\n\t\t\t\t\t                        <li class=\"inactive et-tab-nav\"\n                            >\n                            \t\t\t\t\t\t\t\t                        \t\t\t\t\t\t\t\t\t\t\t\t\t\t                                <span class=\"et-tab-title\">\n    \t\t\t\t\t\t\t\t2100 c    \t\t\t\t\t\t\t<\/span>\n\t\t\t\t\t\t\t                        <\/li>\n\t\t\t\t\t                <\/ul>\n                            <\/div>\n            <div class=\"et-tabs-content\">\n\t\t\t\t                    <div class=\"clearfix inactive\">\n\t\t\t\t\t\t<h2><b>250 cc (Peque\u00f1o)<\/b><\/h2>\n<p><b>N\u00famero de d\u00edas<\/b><span style=\"font-weight: 400;\">:<br \/><\/span><span style=\"font-weight: 400;\">35 d\u00edas<\/span><\/p>\n<p><b>Ingresos totales<\/b><span style=\"font-weight: 400;\">:<br \/><\/span><span style=\"font-weight: 400;\">311 gramos<\/span><\/p>\n<p><b>N\u00famero de descargas:<br \/><\/b>3 descargas<\/p>\n<hr \/>\n<p><b><br \/>Primera descarga:<br \/><\/b><span style=\"font-weight: 400;\">Duraci\u00f3n: 0 - 21 d\u00edas<br \/><\/span><span style=\"font-weight: 400;\">Producci\u00f3n: 165 gramos<\/span><\/p>\n<p><b>Segunda descarga:<br \/><\/b><span style=\"font-weight: 400;\">D\u00eda 21 - 30<br \/><\/span><span style=\"font-weight: 400;\">Rendimiento: 130 gramos<\/span><\/p>\n<p><b>Tercera descarga:<br \/><\/b><span style=\"font-weight: 400;\">D\u00eda 30 - 35<br \/><\/span><span style=\"font-weight: 400;\">Producci\u00f3n: 16 gramos<\/span><\/p>\n<p><b>Cuarta descarga:<br \/><\/b><span style=\"font-weight: 400;\">D\u00eda 35<br \/><\/span><span style=\"font-weight: 400;\">Rendimiento: No<\/span><\/p>                    <\/div>\n\t\t\t\t                    <div class=\"clearfix active-default\">\n\t\t\t\t\t\t<h2><b>1200 cc (Mediana)<\/b><\/h2>\n<p><b>N\u00famero de d\u00edas<\/b><span style=\"font-weight: 400;\">:<br \/><\/span><span style=\"font-weight: 400;\">35 d\u00edas<\/span><\/p>\n<p><b>Ingresos totales<\/b><span style=\"font-weight: 400;\">:<br \/><\/span><span style=\"font-weight: 400;\">865 gramos<\/span><\/p>\n<p><b>N\u00famero de descargas:<br \/><\/b><span style=\"font-weight: 400;\">3 descargas<\/span><\/p>\n<hr \/>\n<p><b><br \/>Primera descarga:<br \/><\/b><span style=\"font-weight: 400;\">Duraci\u00f3n: 0 - 21 d\u00edas<br \/><\/span><span style=\"font-weight: 400;\">Producci\u00f3n: 433 gramos<\/span><\/p>\n<p><b>Segunda descarga:<br \/><\/b><span style=\"font-weight: 400;\">D\u00eda 21 - 30<br \/><\/span><span style=\"font-weight: 400;\">Producci\u00f3n: 390 gramos<\/span><\/p>\n<p><b>Tercera descarga:<br \/><\/b><span style=\"font-weight: 400;\">D\u00eda 30 - 35<br \/><\/span><span style=\"font-weight: 400;\">Producci\u00f3n: 42 gramos<\/span><\/p>\n<p><b>Cuarta descarga:<br \/><\/b><span style=\"font-weight: 400;\">D\u00eda 35<br \/><\/span><span style=\"color: inherit; font-family: inherit; font-size: inherit; background-color: var(--et_container-bg-color, transparent);\">Rendimiento: No<\/span><\/p>                    <\/div>\n\t\t\t\t                    <div class=\"clearfix inactive\">\n\t\t\t\t\t\t<h2><b>2100 cc (Grande)<\/b><\/h2>\n<p><b>N\u00famero de d\u00edas<\/b><span style=\"font-weight: 400;\">:<br \/><\/span><span style=\"font-weight: 400;\">35 d\u00edas<\/span><\/p>\n<p><b>Ingresos totales<\/b><span style=\"font-weight: 400;\">:<br \/><\/span><span style=\"font-weight: 400;\">1633 gramos<\/span><\/p>\n<p><b>N\u00famero de descargas:<br \/><\/b><span style=\"font-weight: 400;\">3 descargas<\/span><\/p>\n<hr \/>\n<p><b><br \/>Primera descarga:<br \/><\/b><span style=\"font-weight: 400;\">Duraci\u00f3n: 0 - 21 d\u00edas<br \/><\/span><span style=\"font-weight: 400;\">Producci\u00f3n: 809 gramos<\/span><\/p>\n<p><b>Segunda descarga:<br \/><\/b><span style=\"font-weight: 400;\">D\u00eda 21 - 30<br \/><\/span><span style=\"font-weight: 400;\">Producci\u00f3n: 743 gramos<\/span><\/p>\n<p><b>Tercera descarga:<br \/><\/b><span style=\"font-weight: 400;\">D\u00eda 30 - 35<br \/><\/span><span style=\"font-weight: 400;\">Producci\u00f3n: 81 gramos<\/span><\/p>\n<p><b>Cuarta descarga:<br \/><\/b><span style=\"font-weight: 400;\">D\u00eda 35<br \/><\/span><span style=\"font-weight: 400;\">Rendimiento: No<\/span><\/p>                    <\/div>\n\t\t\t\t            <\/div>\n        <\/div>\n\t\t\t\t\t\t<\/div>\n\t\t\t\t<\/div>\n\t\t\t\t\t<\/div>\n\t\t<\/div>\n\t\t\t\t\t<\/div>\n\t\t<\/section>\n\t\t\t\t<div class=\"elementor-element elementor-element-a5c01b6 elementor-widget elementor-widget-text-editor\" data-id=\"a5c01b6\" data-element_type=\"widget\" data-e-type=\"widget\" data-widget_type=\"text-editor.default\">\n\t\t\t\t<div class=\"elementor-widget-container\">\n\t\t\t\t\t\t\t\t\t<h3><strong style=\"font-size: calc(var(--h3-size-proportion) * 1rem); background-color: var(--et_container-bg-color, transparent);\">D\u00eda 0 - 21:\u00a0<\/strong><strong>El primer kit de cultivo de setas a ras<\/strong><\/h3>\n<p>Los kits de cultivo de 250 cc, 1200 cc y 2100 cc se colocaron en una habitaci\u00f3n con una temperatura estable de unos 24 grados. A pesar de tener que mantener la bolsa cerrada, la abrimos a diario y rociamos ligeramente los kits de cultivo con un pulverizador para plantas. Herv\u00edamos previamente el agua que utiliz\u00e1bamos para evitar infecciones. Tambi\u00e9n durante el crecimiento de las setas, abrimos la bolsa a diario y rociamos el kit de cultivo. Las primeras setas peque\u00f1as aparecieron aproximadamente a las 2 semanas. Tardamos un total de 3 semanas (21 d\u00edas) antes de poder recoger un primer lote de los kits de cultivo. A continuaci\u00f3n se muestra el rendimiento.<\/p>\n<div>\n<div>\n<ul>\n<li>250 cc = 165 gramos<\/li>\n<li>1200 cc = 433 gramos<\/li>\n<li>2100 cc = 809 gramos<\/li>\n<\/ul>\n<\/div>\n<\/div>\n<h3><strong style=\"font-size: calc(var(--h3-size-proportion) * 1rem); background-color: var(--et_container-bg-color, transparent);\">D\u00eda 21 - 30:\u00a0<\/strong><strong>El segundo kit de cultivo de setas a ras<\/strong><\/h3>\n<p>Naturalmente, fuimos directamente a por un segundo brote. Tras recoger cuidadosamente todas las setas, ten\u00edamos otro \"kit de cultivo limpio\". Despu\u00e9s repetimos los pasos 4 a 7. Por supuesto, volvimos a trabajar con agua hervida y en un entorno limpio. Tambi\u00e9n esta vez, rociamos ligeramente el kit de cultivo a diario. Esta vez, se tard\u00f3 aproximadamente 1 semana (9 d\u00edas) para una descarga. Sin embargo, el rendimiento fue un poco menor. A continuaci\u00f3n se muestran los resultados.<\/p>\n<div>\n<div>\n<ul>\n<li>250 cc = 130 gramos<\/li>\n<li>1200 cc = 390 gramos<\/li>\n<li>2100 cc = 743 gramos<\/li>\n<\/ul>\n<\/div>\n<\/div>\n<h3><strong style=\"font-size: calc(var(--h3-size-proportion) * 1rem); background-color: var(--et_container-bg-color, transparent);\">D\u00eda 30 - 35:\u00a0<\/strong><strong>El tercer kit de cultivo de setas al ras<\/strong><\/h3>\n<p>\u00bfHay m\u00e1s por venir? Nosotros pensamos que s\u00ed. Una vez m\u00e1s, repetimos los pasos 4 a 7. A pesar de haber sido cuidadosos, podemos ver que el growkit tiene dificultades. La recolecci\u00f3n de la primera y la segunda tanda ha hecho que el growkit parezca pelado en algunas partes. A pesar de la calvicie del growkit, s\u00f3lo tardamos 5 d\u00edas en recoger otro peque\u00f1o lote de setas frescas. A continuaci\u00f3n se muestran los rendimientos.<\/p>\n<ul>\n<li>250 cc = 16 gramos<\/li>\n<li>1200 cc = 42 gramos<\/li>\n<li>2100 cc = 81 gramos<\/li>\n<\/ul>\n<h3><strong style=\"font-size: calc(var(--h3-size-proportion) * 1rem); background-color: var(--et_container-bg-color, transparent);\">D\u00eda 35:\u00a0<\/strong><strong>El cuarto kit de cultivo de setas a ras<\/strong><\/h3>\n<p>Desgraciadamente, ya no conseguimos sacar un cuarto brote de los kits de cultivo de setas. En teor\u00eda, esto deber\u00eda ser posible en condiciones excelentes. Muy a nuestro pesar, tiramos los kits de cultivo est\u00e9riles. Ahora es el momento de ver cu\u00e1nto nos han aportado los kits de cultivo de setas. Estamos muy contentos con los resultados. Usted puede encontrar el rendimiento a continuaci\u00f3n.<\/p>\n<ul>\n<li>250 cc = 311 gramos<\/li>\n<li>1200 cc = 865 gramos<\/li>\n<li>2100 cc = 1633 gramos<\/li>\n<\/ul>\t\t\t\t\t\t\t\t<\/div>\n\t\t\t\t<\/div>\n\t\t\t\t<div class=\"elementor-element elementor-element-c8212d8 elementor-widget elementor-widget-text-editor\" data-id=\"c8212d8\" data-element_type=\"widget\" data-e-type=\"widget\" data-widget_type=\"text-editor.default\">\n\t\t\t\t<div class=\"elementor-widget-container\">\n\t\t\t\t\t\t\t\t\t<h2>Conclusi\u00f3n<\/h2>\n<div>Como se puede ver, se puede esperar muy buenas cantidades de setas por kit de cultivo. Para la prueba anterior hemos utilizado el Golden Teacher, aunque tambi\u00e9n se pueden obtener rendimientos similares con los otros kits de cultivo. La fuerte <a href=\"https:\/\/www.paddo.shop\/es\/mazatapec-paddo-growkit\/\">Mazatapec<\/a> y <a href=\"https:\/\/www.paddo.shop\/es\/mckennaii-paddo-growkit\/\">McKennaii<\/a> son similares, por ejemplo. La condici\u00f3n es que sigas atentamente nuestras instrucciones. Si no lo hace, la cosecha puede ser decepcionante o fracasar.<\/div>\n<div>\u00a0<\/div>\n<div>Buena suerte con el cultivo y esperamos ver su rendimiento.<\/div>\t\t\t\t\t\t\t\t<\/div>\n\t\t\t\t<\/div>\n\t\t\t\t\t<\/div>\n\t\t<\/div>\n\t\t\t\t\t<\/div>\n\t\t<\/section>\n\t\t\t\t<\/div>","protected":false},"excerpt":{"rendered":"<p>Cultivar un kit de cultivo de setas \u00bfCu\u00e1nto da de s\u00ed un kit de cultivo de setas? Esta pregunta nos la hacen todas las semanas, por lo que hemos reunido...<\/p>","protected":false},"author":2,"featured_media":0,"parent":0,"menu_order":0,"comment_status":"closed","ping_status":"closed","template":"","meta":{"_acf_changed":false,"footnotes":""},"class_list":["post-5661","page","type-page","status-publish","hentry"],"acf":[],"_links":{"self":[{"href":"https:\/\/www.paddo.shop\/es\/wp-json\/wp\/v2\/pages\/5661","targetHints":{"allow":["GET"]}}],"collection":[{"href":"https:\/\/www.paddo.shop\/es\/wp-json\/wp\/v2\/pages"}],"about":[{"href":"https:\/\/www.paddo.shop\/es\/wp-json\/wp\/v2\/types\/page"}],"author":[{"embeddable":true,"href":"https:\/\/www.paddo.shop\/es\/wp-json\/wp\/v2\/users\/2"}],"replies":[{"embeddable":true,"href":"https:\/\/www.paddo.shop\/es\/wp-json\/wp\/v2\/comments?post=5661"}],"version-history":[{"count":0,"href":"https:\/\/www.paddo.shop\/es\/wp-json\/wp\/v2\/pages\/5661\/revisions"}],"wp:attachment":[{"href":"https:\/\/www.paddo.shop\/es\/wp-json\/wp\/v2\/media?parent=5661"}],"curies":[{"name":"wp","href":"https:\/\/api.w.org\/{rel}","templated":true}]}}