{"id":26,"date":"2022-02-28T15:02:52","date_gmt":"2022-02-28T15:02:52","guid":{"rendered":"https:\/\/www.magictruffels.shop\/?page_id=26"},"modified":"2024-09-25T13:09:58","modified_gmt":"2024-09-25T11:09:58","slug":"verzending","status":"publish","type":"page","link":"https:\/\/www.paddo.shop\/es\/verzending\/","title":{"rendered":"Env\u00edo"},"content":{"rendered":"<div data-elementor-type=\"wp-page\" data-elementor-id=\"26\" class=\"elementor elementor-26\" data-elementor-post-type=\"page\">\n\t\t\t\t\t\t<section class=\"elementor-section elementor-top-section elementor-element elementor-element-757a2578 elementor-section-boxed elementor-section-height-default elementor-section-height-default\" data-id=\"757a2578\" data-element_type=\"section\" data-e-type=\"section\">\n\t\t\t\t\t\t<div class=\"elementor-container elementor-column-gap-default\">\n\t\t\t\t\t<div class=\"elementor-column elementor-col-100 elementor-top-column elementor-element elementor-element-6423ad67\" data-id=\"6423ad67\" data-element_type=\"column\" data-e-type=\"column\">\n\t\t\t<div class=\"elementor-widget-wrap elementor-element-populated\">\n\t\t\t\t\t\t<div class=\"elementor-element elementor-element-37d0e839 elementor-widget elementor-widget-text-editor\" data-id=\"37d0e839\" data-element_type=\"widget\" data-e-type=\"widget\" data-widget_type=\"text-editor.default\">\n\t\t\t\t<div class=\"elementor-widget-container\">\n\t\t\t\t\t\t\t\t\t<p><\/p>\n<h2><b>ENV\u00cdO DISCRETO<\/b><\/h2>\n<p><a href=\"https:\/\/www.paddo.shop\/es\/\">Paddo.shop<\/a> valora tu intimidad, por eso todas tus compras se empaquetan de la forma m\u00e1s anodina posible. Sin logotipos ni indicaci\u00f3n alguna del contenido. Su paquete llegar\u00e1 en una caja de cart\u00f3n sencilla y resistente, cubierta con una cinta de embalar sencilla pero resistente. Si su pedido es muy peque\u00f1o, lo enviaremos en un discreto sobre acolchado marr\u00f3n o blanco.&nbsp;<\/p>\n<p>Lo \u00fanico que se ver\u00e1 en su caja\/sobre es la etiqueta de env\u00edo (seg\u00fan el servicio utilizado).<\/p>\n<p>De este modo, puede estar seguro de que s\u00f3lo usted se emocionar\u00e1 con el paquete que reciba, los dem\u00e1s ver\u00e1n un paquete aburrido sin ninguna indicaci\u00f3n de su procedencia.<\/p>\n<h2>\u00bfRealizan env\u00edos a mi pa\u00eds?<\/h2>\n<p>Enviamos a la mayor\u00eda de los pa\u00edses de la UE. Puede encontrarlos en la siguiente tabla. Enviamos todos nuestros paquetes de la UE con DHL, DPD o PostNL dependiendo de la zona. De este modo podemos ofrecer el mejor servicio posible. Siempre recibir\u00e1 un c\u00f3digo de seguimiento y localizaci\u00f3n para seguir su paquete de puerta a puerta.<\/p>\n<h2>\u00bfCu\u00e1les son los gastos de env\u00edo?<\/h2>\n<table class=\"tblcal;\">\n<tbody>\n<tr style=\"background-color: #a9a9a9; color: white;\">\n<th class=\"tblcall\">Pa\u00eds<\/th>\n<th class=\"tblcalll\">Gastos de env\u00edo<\/th>\n<th class=\"tblcallll\">Plazo de entrega<\/th>\n<th class=\"tblcalllll\" style=\"text-align: left;\">Libre de<\/th>\n<\/tr>\n<tr>\n<td>Pa\u00edses Bajos<\/td>\n<td>\u20ac6,95<\/td>\n<td>1 - 2 d\u00edas<\/td>\n<td style=\"text-align: left;\">\u20ac25,-<\/td>\n<\/tr>\n<tr>\n<td>B\u00e9lgica<\/td>\n<td>\u20ac7,95<\/td>\n<td>1 - 2 d\u00edas<\/td>\n<td style=\"text-align: left;\">\u20ac50,-<\/td>\n<\/tr>\n<tr>\n<td>Bulgaria<\/td>\n<td>\u20ac22,95<\/td>\n<td>6 - 8 d\u00edas<\/td>\n<td style=\"text-align: left;\">\u20ac125,-<\/td>\n<\/tr>\n<tr>\n<td>Alemania<\/td>\n<td>\u20ac7,95<\/td>\n<td>1 - 3 d\u00edas<\/td>\n<td style=\"text-align: left;\">\u20ac125,-<\/td>\n<\/tr>\n<tr>\n<td>Estonia<\/td>\n<td>\u20ac17,95<\/td>\n<td>4 - 6 d\u00edas<\/td>\n<td style=\"text-align: left;\">\u20ac125,-<\/td>\n<\/tr>\n<tr>\n<td>Francia<\/td>\n<td>\u20ac12,95<\/td>\n<td>2 - 3 d\u00edas<\/td>\n<td style=\"text-align: left;\">\u20ac125,-<\/td>\n<\/tr>\n<tr>\n<td>Grecia<\/td>\n<td>\u20ac23,95<\/td>\n<td>6 - 8 d\u00edas<\/td>\n<td style=\"text-align: left;\">\u20ac125,-<\/td>\n<\/tr>\n<tr>\n<td>Irlanda<\/td>\n<td>\u20ac19,95<\/td>\n<td>3 - 4 d\u00edas<\/td>\n<td style=\"text-align: left;\">\u20ac125,-<\/td>\n<\/tr>\n<tr>\n<td>Italia<\/td>\n<td>\u20ac17,95<\/td>\n<td>2 - 4 d\u00edas<\/td>\n<td style=\"text-align: left;\">\u20ac125,-<\/td>\n<\/tr>\n<tr>\n<td>Croacia<\/td>\n<td>\u20ac18,95<\/td>\n<td>3 - 5 d\u00edas<\/td>\n<td style=\"text-align: left;\">\u20ac125,-<\/td>\n<\/tr>\n<tr>\n<td>Letonia<\/td>\n<td>\u20ac14,95<\/td>\n<td>3 - 5 d\u00edas<\/td>\n<td style=\"text-align: left;\">\u20ac125,-<\/td>\n<\/tr>\n<tr>\n<td>Lituania<\/td>\n<td>\u20ac21,95<\/td>\n<td>3 - 5 d\u00edas<\/td>\n<td style=\"text-align: left;\">\u20ac125,-<\/td>\n<\/tr>\n<tr>\n<td>Luxemburgo<\/td>\n<td>\u20ac11,95<\/td>\n<td>1 - 2 d\u00edas<\/td>\n<td style=\"text-align: left;\">\u20ac125,-<\/td>\n<\/tr>\n<tr>\n<td>Austria<\/td>\n<td>\u20ac11,95<\/td>\n<td>2 - 3 d\u00edas<\/td>\n<td style=\"text-align: left;\">\u20ac125,-<\/td>\n<\/tr>\n<tr>\n<td>Polonia<\/td>\n<td>\u20ac15,95<\/td>\n<td>2 - 3 d\u00edas<\/td>\n<td style=\"text-align: left;\">\u20ac125,-<\/td>\n<\/tr>\n<tr>\n<td>Portugal<\/td>\n<td>\u20ac20,95<\/td>\n<td>3 - 4 d\u00edas<\/td>\n<td style=\"text-align: left;\">\u20ac125,-<\/td>\n<\/tr>\n<tr>\n<td>Ruman\u00eda<\/td>\n<td>\u20ac18,95<\/td>\n<td>3 - 5 d\u00edas<\/td>\n<td style=\"text-align: left;\">\u20ac125,-<\/td>\n<\/tr>\n<tr>\n<td>Eslovenia<\/td>\n<td>\u20ac17,95<\/td>\n<td>2 - 3 d\u00edas<\/td>\n<td style=\"text-align: left;\">\u20ac125,-<\/td>\n<\/tr>\n<tr>\n<td>Eslovaquia<\/td>\n<td>\u20ac16,95<\/td>\n<td>3 - 5 d\u00edas<\/td>\n<td style=\"text-align: left;\">\u20ac125,-<\/td>\n<\/tr>\n<tr>\n<td>Espa\u00f1a<\/td>\n<td>\u20ac17,95<\/td>\n<td>2 - 3 d\u00edas<\/td>\n<td style=\"text-align: left;\">\u20ac125,-<\/td>\n<\/tr>\n<tr>\n<td>Rep\u00fablica Checa<\/td>\n<td>\u20ac15,95<\/td>\n<td>2 - 4 d\u00edas<\/td>\n<td style=\"text-align: left;\">\u20ac125,-<\/td>\n<\/tr>\n<\/tbody>\n<\/table>\n<p style=\"font-size: 14px;\">* Las zonas de dif\u00edcil acceso, como islas u otras regiones remotas, cuestan unos 20 euros m\u00e1s debido a los costes adicionales de transporte.<\/p>\n<p style=\"font-size: 14px;\">Tenga en cuenta: Intentamos enviar todos los pedidos en el plazo de 1 d\u00eda laborable, todos los plazos de entrega son plazos de entrega estimados y pueden variar debido al tr\u00e1fico y los d\u00edas festivos.<\/p>\t\t\t\t\t\t\t\t<\/div>\n\t\t\t\t<\/div>\n\t\t\t\t\t<\/div>\n\t\t<\/div>\n\t\t\t\t\t<\/div>\n\t\t<\/section>\n\t\t\t\t<\/div>","protected":false},"excerpt":{"rendered":"<p>ENV\u00cdO DISCRETO Paddo.shop valora su privacidad, por eso todas sus compras se empaquetan de la forma m\u00e1s anodina posible. Sin logotipos ni indicaciones de lo que...<\/p>","protected":false},"author":1,"featured_media":0,"parent":0,"menu_order":0,"comment_status":"closed","ping_status":"closed","template":"","meta":{"_acf_changed":false,"footnotes":""},"class_list":["post-26","page","type-page","status-publish","hentry"],"acf":[],"_links":{"self":[{"href":"https:\/\/www.paddo.shop\/es\/wp-json\/wp\/v2\/pages\/26","targetHints":{"allow":["GET"]}}],"collection":[{"href":"https:\/\/www.paddo.shop\/es\/wp-json\/wp\/v2\/pages"}],"about":[{"href":"https:\/\/www.paddo.shop\/es\/wp-json\/wp\/v2\/types\/page"}],"author":[{"embeddable":true,"href":"https:\/\/www.paddo.shop\/es\/wp-json\/wp\/v2\/users\/1"}],"replies":[{"embeddable":true,"href":"https:\/\/www.paddo.shop\/es\/wp-json\/wp\/v2\/comments?post=26"}],"version-history":[{"count":0,"href":"https:\/\/www.paddo.shop\/es\/wp-json\/wp\/v2\/pages\/26\/revisions"}],"wp:attachment":[{"href":"https:\/\/www.paddo.shop\/es\/wp-json\/wp\/v2\/media?parent=26"}],"curies":[{"name":"wp","href":"https:\/\/api.w.org\/{rel}","templated":true}]}}