{"id":1616,"date":"2022-03-04T13:34:34","date_gmt":"2022-03-04T13:34:34","guid":{"rendered":"https:\/\/www.magictruffels.shop\/?page_id=1616"},"modified":"2022-03-14T09:28:21","modified_gmt":"2022-03-14T09:28:21","slug":"retourneren","status":"publish","type":"page","link":"https:\/\/www.paddo.shop\/es\/retourneren\/","title":{"rendered":"Devoluci\u00f3n"},"content":{"rendered":"<div data-elementor-type=\"wp-page\" data-elementor-id=\"1616\" class=\"elementor elementor-1616\" data-elementor-post-type=\"page\">\n\t\t\t\t\t\t<section class=\"elementor-section elementor-top-section elementor-element elementor-element-e585a9c elementor-section-boxed elementor-section-height-default elementor-section-height-default\" data-id=\"e585a9c\" data-element_type=\"section\">\n\t\t\t\t\t\t<div class=\"elementor-container elementor-column-gap-default\">\n\t\t\t\t\t<div class=\"elementor-column elementor-col-100 elementor-top-column elementor-element elementor-element-c9480d9\" data-id=\"c9480d9\" data-element_type=\"column\">\n\t\t\t<div class=\"elementor-widget-wrap elementor-element-populated\">\n\t\t\t\t\t\t<div class=\"elementor-element elementor-element-4b3dab5 elementor-widget elementor-widget-text-editor\" data-id=\"4b3dab5\" data-element_type=\"widget\" data-widget_type=\"text-editor.default\">\n\t\t\t\t<div class=\"elementor-widget-container\">\n\t\t\t\t\t\t\t\t\t<h2><strong>NUESTRA POL\u00cdTICA DE DEVOLUCIONES:<\/strong><\/h2><p>En <a href=\"\/es\/\">magictruffles.shop<\/a> usted tiene el derecho legal de notificar la devoluci\u00f3n de un producto en un plazo de 14 d\u00edas a partir de la fecha de recepci\u00f3n sin indicar el motivo. Tras esta notificaci\u00f3n, dispone de OTROS 14 d\u00edas para devolver efectivamente el producto. Si hace uso de su derecho de devoluci\u00f3n, recibir\u00e1 en su cuenta el importe \u00edntegro del pedido, incluidos los gastos de env\u00edo, en un plazo de 14 d\u00edas a partir de la notificaci\u00f3n de devoluci\u00f3n.<\/p><p><strong>Los gastos de devoluci\u00f3n correr\u00e1n a su cargo.<\/strong><\/p><p>Usted ser\u00e1 el \u00fanico responsable de cualquier depreciaci\u00f3n del producto o productos resultante de la manipulaci\u00f3n o uso de los bienes m\u00e1s all\u00e1 de lo necesario para establecer su naturaleza, caracter\u00edsticas y funcionamiento.<\/p><p>Algunos productos (por ejemplo, bongs, pipas, vaporizadores y productos similares) quedan excluidos del derecho de desistimiento si se desprecintan y\/o utilizan despu\u00e9s de la entrega. Una vez roto el precinto, estos productos ya no son aptos para su devoluci\u00f3n por motivos de salud e higiene. Los productos perecederos (como trufas, esporas y kits de cultivo) tampoco pueden devolverse. No obstante, si no est\u00e1 satisfecho con un producto perecedero, p\u00f3ngase en contacto con nuestro equipo de atenci\u00f3n al cliente. Estaremos encantados de trabajar con usted para encontrar una soluci\u00f3n.<\/p><p>Para iniciar una devoluci\u00f3n, p\u00f3ngase en contacto con nosotros en info@magictruffels.shop. Si su devoluci\u00f3n es aceptada, le enviaremos una etiqueta de devoluci\u00f3n, as\u00ed como instrucciones sobre c\u00f3mo y d\u00f3nde enviar su paquete. No se aceptar\u00e1n art\u00edculos devueltos sin haber realizado previamente una solicitud de devoluci\u00f3n.<\/p><p>Siempre puede ponerse en contacto con nosotros para cualquier devoluci\u00f3n en info@magictruffels.shop.<\/p><h2><b>DA\u00d1OS Y PROBLEMAS<\/b><\/h2><p>Por favor, compruebe su pedido en cuanto lo reciba y p\u00f3ngase en contacto con nosotros inmediatamente si el art\u00edculo est\u00e1 defectuoso, da\u00f1ado o si recibe un art\u00edculo equivocado para que podamos evaluar y resolver el problema.<\/p><h2><b>EXCEPCIONES \/ ART\u00cdCULOS NO RETORNABLES<\/b><\/h2><p>Ciertos tipos de art\u00edculos no pueden devolverse, incluidos los productos perecederos (como alimentos, flores o plantas), los productos a medida (como pedidos especiales o art\u00edculos personalizados) y los art\u00edculos de cuidado personal (como productos de belleza). Tampoco aceptamos devoluciones de materiales peligrosos, l\u00edquidos inflamables o gases. P\u00f3ngase en contacto con nosotros si tiene alguna pregunta o duda sobre su art\u00edculo espec\u00edfico.<\/p><h2>ACTUALIZACI\u00d3N<\/h2><p>La forma m\u00e1s r\u00e1pida de asegurarse lo que quiere es devolver el art\u00edculo que tiene y, una vez aceptada la devoluci\u00f3n, hacer una compra por separado del nuevo art\u00edculo.<\/p><h2><b>REPAGOS<\/b><\/h2><p>Le notificaremos una vez hayamos recibido e inspeccionado su devoluci\u00f3n y le comunicaremos si el reembolso ha sido aprobado o no. Si se aprueba, se le reembolsar\u00e1 autom\u00e1ticamente a su m\u00e9todo de pago original. Recuerde que su banco o la entidad emisora de su tarjeta de cr\u00e9dito pueden tardar alg\u00fan tiempo en procesar y contabilizar el reembolso.<\/p><h2><b>DEVOLVER DATOS<\/b><\/h2><p>Tienda Magictruffles.shop<br \/>PePePe BV<br \/>Sulky 6 J<br \/>Zeewolde<br \/>3897AJ<\/p><p>C\u00c1MARA DE COMERCIO: 34236211<br \/>IVA: NL815030411B01<\/p><p>Tel\u00e9fono: 085-0160877<\/p>\t\t\t\t\t\t\t\t<\/div>\n\t\t\t\t<\/div>\n\t\t\t\t\t<\/div>\n\t\t<\/div>\n\t\t\t\t\t<\/div>\n\t\t<\/section>\n\t\t\t\t<\/div>","protected":false},"excerpt":{"rendered":"<p>NUESTRA POL\u00cdTICA DE DEVOLUCI\u00d3N: En magictruffels.shop, usted tiene el derecho legal de registrar un producto para su devoluci\u00f3n dentro de los 14 d\u00edas siguientes a la recepci\u00f3n sin...<\/p>","protected":false},"author":2,"featured_media":0,"parent":0,"menu_order":0,"comment_status":"closed","ping_status":"closed","template":"","meta":{"_acf_changed":false,"footnotes":""},"class_list":["post-1616","page","type-page","status-publish","hentry"],"acf":[],"_links":{"self":[{"href":"https:\/\/www.paddo.shop\/es\/wp-json\/wp\/v2\/pages\/1616","targetHints":{"allow":["GET"]}}],"collection":[{"href":"https:\/\/www.paddo.shop\/es\/wp-json\/wp\/v2\/pages"}],"about":[{"href":"https:\/\/www.paddo.shop\/es\/wp-json\/wp\/v2\/types\/page"}],"author":[{"embeddable":true,"href":"https:\/\/www.paddo.shop\/es\/wp-json\/wp\/v2\/users\/2"}],"replies":[{"embeddable":true,"href":"https:\/\/www.paddo.shop\/es\/wp-json\/wp\/v2\/comments?post=1616"}],"version-history":[{"count":0,"href":"https:\/\/www.paddo.shop\/es\/wp-json\/wp\/v2\/pages\/1616\/revisions"}],"wp:attachment":[{"href":"https:\/\/www.paddo.shop\/es\/wp-json\/wp\/v2\/media?parent=1616"}],"curies":[{"name":"wp","href":"https:\/\/api.w.org\/{rel}","templated":true}]}}