{"id":5253,"date":"2022-07-20T09:16:26","date_gmt":"2022-07-20T09:16:26","guid":{"rendered":"https:\/\/www.paddo.shop\/?post_type=product&#038;p=5253"},"modified":"2023-10-09T13:35:46","modified_gmt":"2023-10-09T11:35:46","slug":"thai-paddo-growkit","status":"publish","type":"product","link":"https:\/\/www.paddo.shop\/de\/thai-paddo-growkit\/","title":{"rendered":"Thai Paddo Growkit"},"content":{"rendered":"<h2><strong>Kaufen Sie Thai Paddo Growkit<\/strong><\/h2>\n<p><span style=\"font-weight: 400;\">Wenn Sie Grow-Kits kaufen m\u00f6chten, sind Sie bei uns genau richtig. In unserem Shop finden Sie nur zuverl\u00e4ssige und effektive Growkits. Sie werden von dem niederl\u00e4ndischen Unternehmen McSmart hergestellt. Diese Firma ist international bekannt als eine der renommiertesten Firmen im Bereich der magischen Tr\u00fcffel und der magischen Pilzanbaus\u00e4tze. Wenn Sie die mitgelieferten Anweisungen befolgen, k\u00f6nnen Sie also immer mit mindestens einem guten Flush (Ernte) psychedelischer Pilze rechnen, aber in vielen F\u00e4llen k\u00f6nnen Sie das Grow-Kit sogar mehrmals aufstellen!<\/span><\/p>\n<p><span style=\"font-weight: 400;\">Wenn Sie heute ein Thai Paddo Growkit bestellen, erhalten Sie es innerhalb weniger Tage v\u00f6llig diskret nach Hause geliefert.<\/span><\/p>\n<h3><strong>Was steckt in einem Thai Paddo Growkit<\/strong><\/h3>\n<p><span style=\"font-weight: 400;\">enth\u00e4lt alles, was man braucht, um Mexican Magic Mushrooms selbst anzubauen. Das Paket enth\u00e4lt: 1 gebrauchsfertiges Zuchtbeh\u00e4ltnis mit aktivem Myzel, einen Zuchtbeutel mit Filtern, 2 Clips zum Verschlie\u00dfen des Beutels und ein Faltblatt mit Anleitungen. Alles, was Sie hinzuf\u00fcgen m\u00fcssen, ist Wasser und etwas Liebe.<\/span><\/p>\n<h3><strong>Wie stark sind <\/strong><strong>Thai<\/strong><strong> Magic Mushrooms?<\/strong><\/h3>\n<p><span style=\"font-weight: 400;\">Nachstehend finden Sie die magischen Tr\u00fcffel aus unserem Sortiment, sortiert nach psychedelischer St\u00e4rke. Sie sind von stark bis mild geordnet. Auf diese Weise kannst du genau sehen, wie die Mexican Zauberpilze im Vergleich zu den anderen sind.<\/span><\/p>\n<p><a href=\"https:\/\/www.paddo.shop\/de\/mckennaii-paddo-growkit\/\"><span style=\"font-weight: 400;\">McKennaii<\/span><span style=\"font-weight: 400;\"><br \/>\n<\/span><\/a><a href=\"https:\/\/www.paddo.shop\/de\/hawaiian-copelandia-paddo-growkit\/\"><span style=\"font-weight: 400;\">Hawaiian Copelandia<\/span><span style=\"font-weight: 400;\"><br \/>\n<\/span><\/a><a href=\"https:\/\/www.paddo.shop\/de\/golden-teacher-paddo-growkit\/\"><span style=\"font-weight: 400;\">Golden Teacher<\/span><span style=\"font-weight: 400;\"><br \/>\n<\/span><\/a><a href=\"https:\/\/www.paddo.shop\/de\/mazatapec-paddo-growkit\/\"><span style=\"font-weight: 400;\">Mazatapec<\/span><span style=\"font-weight: 400;\"><br \/>\n<\/span><\/a><a href=\"https:\/\/www.paddo.shop\/de\/colombian-paddo-growkit\/\"><span style=\"font-weight: 400;\">Colombian Paddo<\/span><span style=\"font-weight: 400;\"><br \/>\n<\/span><\/a><a href=\"https:\/\/www.paddo.shop\/de\/cambodian-paddo-growkit\/\"><span style=\"font-weight: 400;\">Cambodian Paddo<\/span><span style=\"font-weight: 400;\"><br \/>\n<\/span><\/a><a href=\"https:\/\/www.paddo.shop\/de\/ecuadorian-paddo-growkit\/\"><span style=\"font-weight: 400;\">Ecuadorian Paddo<\/span><span style=\"font-weight: 400;\"><br \/>\n<\/span><\/a><a href=\"https:\/\/www.paddo.shop\/de\/mexican-paddo-growkit\/\"><span style=\"font-weight: 400;\">Mexican Paddo<\/span><span style=\"font-weight: 400;\"><br \/>\n<\/span><\/a><a href=\"https:\/\/www.paddo.shop\/de\/b-plus-paddo-growkit\/\"><span style=\"font-weight: 400;\">B+ Paddo<\/span><span style=\"font-weight: 400;\"><br \/>\n<\/span><\/a><a href=\"https:\/\/www.paddo.shop\/de\/thai-paddo-growkit\/\"><span style=\"font-weight: 400;\">Thai Paddo<\/span><\/a><\/p>\n<h2><strong>Z\u00fcchten Sie Ihre eigenen Thai-Pilze mit einem Grow-Kit<\/strong><\/h2>\n<p><span style=\"font-weight: 400;\">Mexican geh\u00f6ren heute zu den beliebtesten psychedelischen Naturprodukten. Sie sind mit Hilfe unserer Grow-Kits sehr einfach anzubauen. Im Grunde genommen brauchen Sie nur ein Anbauset, ein wenig Wasser und etwas Geduld. Um sicherzustellen, dass alles gut geht, liefern wir Ihnen auch eine Anleitung. Wenn Sie sich daran halten, k\u00f6nnen Sie schon nach wenigen Wochen Ihre ersten Pilze ernten.<\/span><\/p>\n<h3><strong>De beste paddo growkit tips van 2026<\/strong><\/h3>\n<p><span style=\"font-weight: 400;\">Mit einem Anzuchtset ist es sehr einfach, seine eigenen Magic Mushrooms zu z\u00fcchten. Es ist jedoch wichtig, dass Du die mitgelieferten Anweisungen befolgst. Da wir es mit einem lebenden Organismus zu tun haben, gibt es eine Reihe von Dingen, die Sie unbedingt beachten m\u00fcssen <\/span><strong>nicht<\/strong><span style=\"font-weight: 400;\"> tun sollte. Wollen Sie sich immer wieder einen sch\u00f6nen Ertrag an selbst gez\u00fcchteten Pilzen sichern? Dann schauen Sie mal hier <\/span><a href=\"https:\/\/www.paddo.shop\/de\/growkit-instructies\/\"><span style=\"font-weight: 400;\">de beste paddo growkit tips van 2026<\/span><\/a><span style=\"font-weight: 400;\">.<\/span><\/p>\n<p><strong>Das ist wichtig:<\/strong><strong><br \/>\n<\/strong><span style=\"font-weight: 400;\">Das Z\u00fcchten von Magic Mushrooms macht unglaublich viel Spa\u00df und ist sehr befriedigend. Aber Achtung: Pilze (Magic Mushrooms) enthalten nat\u00fcrlich auch die Substanzen Psilocybin und Psilocin. Psilocybin und Psilocin sind Halluzinogene. Halluzinogene sind Stoffe mit bewusstseinsver\u00e4ndernder Wirkung, die unter anderem Halluzinationen hervorrufen k\u00f6nnen. Behalte dies im Hinterkopf. Und bewahre sowohl das Growkit als auch die Pilze immer au\u00dferhalb der Reichweite von Kindern auf!<\/span><\/p>\n<h2>Am h\u00e4ufigsten gestellte Fragen<\/h2>\n<p>Nachstehend finden Sie die 5 am h\u00e4ufigsten gestellten Fragen zum Thai. Haben Sie nach all den Informationen auf dieser Seite noch Fragen? <a href=\"https:\/\/www.paddo.shop\/de\/contact\/\">Dann kontaktieren Sie uns<\/a> und wir werden Ihnen sofort helfen.<\/p>\n\t\t<div data-elementor-type=\"section\" data-elementor-id=\"8215\" class=\"elementor elementor-8215\" data-elementor-post-type=\"elementor_library\">\n\t\t\t\t\t<section class=\"elementor-section elementor-top-section elementor-element elementor-element-a20d66a elementor-section-boxed elementor-section-height-default elementor-section-height-default\" data-id=\"a20d66a\" data-element_type=\"section\">\n\t\t\t\t\t\t<div class=\"elementor-container elementor-column-gap-default\">\n\t\t\t\t\t<div class=\"elementor-column elementor-col-100 elementor-top-column elementor-element elementor-element-5ae8cb5\" data-id=\"5ae8cb5\" data-element_type=\"column\">\n\t\t\t<div class=\"elementor-widget-wrap elementor-element-populated\">\n\t\t\t\t\t\t<div class=\"elementor-element elementor-element-5207599 elementor-widget__width-initial elementor-widget elementor-widget-accordion\" data-id=\"5207599\" data-element_type=\"widget\" data-widget_type=\"accordion.default\">\n\t\t\t\t<div class=\"elementor-widget-container\">\n\t\t\t\t\t\t\t<div class=\"elementor-accordion\">\n\t\t\t\t\t\t\t<div class=\"elementor-accordion-item\">\n\t\t\t\t\t<h3 id=\"elementor-tab-title-8601\" class=\"elementor-tab-title\" data-tab=\"1\" role=\"button\" aria-controls=\"elementor-tab-content-8601\" aria-expanded=\"false\">\n\t\t\t\t\t\t\t\t\t\t\t\t\t<span class=\"elementor-accordion-icon elementor-accordion-icon-right\" aria-hidden=\"true\">\n\t\t\t\t\t\t\t\t\t\t\t\t\t\t\t<span class=\"elementor-accordion-icon-closed\"><i class=\"fas fa-plus\"><\/i><\/span>\n\t\t\t\t\t\t\t\t<span class=\"elementor-accordion-icon-opened\"><i class=\"fas fa-minus\"><\/i><\/span>\n\t\t\t\t\t\t\t\t\t\t\t\t\t\t<\/span>\n\t\t\t\t\t\t\t\t\t\t\t\t<a class=\"elementor-accordion-title\" tabindex=\"0\">Warum sind Thai-Pilze bei Reisenden und Psychonauten so beliebt?<\/a>\n\t\t\t\t\t<\/h3>\n\t\t\t\t\t<div id=\"elementor-tab-content-8601\" class=\"elementor-tab-content elementor-clearfix\" data-tab=\"1\" role=\"region\" aria-labelledby=\"elementor-tab-title-8601\"><p>Thai Magic Mushrooms sind f\u00fcr ihre erhebende und soziale Wirkung bekannt. Sie k\u00f6nnen ein Gef\u00fchl der Euphorie und Verbundenheit erzeugen, was perfekt f\u00fcr soziale Situationen oder Festivals ist. Reisende und Psychonauten sind von diesen einzigartigen Eigenschaften besonders angetan. Au\u00dferdem sind sie relativ einfach anzubauen, was sie zu einer beliebten Wahl f\u00fcr Anf\u00e4nger und erfahrene Z\u00fcchter gleicherma\u00dfen macht. Wenn Du daran interessiert bist, Thai-Pilze mit anderen Sorten zu vergleichen, kannst Du einen Blick auf unsere <a href=\"https:\/\/www.paddo.shop\/de\/growkits\/\" target=\"_new\">Vergleichsseite<\/a>.<\/p>\n<\/div>\n\t\t\t\t<\/div>\n\t\t\t\t\t\t\t<div class=\"elementor-accordion-item\">\n\t\t\t\t\t<h3 id=\"elementor-tab-title-8602\" class=\"elementor-tab-title\" data-tab=\"2\" role=\"button\" aria-controls=\"elementor-tab-content-8602\" aria-expanded=\"false\">\n\t\t\t\t\t\t\t\t\t\t\t\t\t<span class=\"elementor-accordion-icon elementor-accordion-icon-right\" aria-hidden=\"true\">\n\t\t\t\t\t\t\t\t\t\t\t\t\t\t\t<span class=\"elementor-accordion-icon-closed\"><i class=\"fas fa-plus\"><\/i><\/span>\n\t\t\t\t\t\t\t\t<span class=\"elementor-accordion-icon-opened\"><i class=\"fas fa-minus\"><\/i><\/span>\n\t\t\t\t\t\t\t\t\t\t\t\t\t\t<\/span>\n\t\t\t\t\t\t\t\t\t\t\t\t<a class=\"elementor-accordion-title\" tabindex=\"0\">Wie kann ich die Lebensf\u00e4higkeit der Sporen im Thai Pilzzucht-Set verl\u00e4ngern?<\/a>\n\t\t\t\t\t<\/h3>\n\t\t\t\t\t<div id=\"elementor-tab-content-8602\" class=\"elementor-tab-content elementor-clearfix\" data-tab=\"2\" role=\"region\" aria-labelledby=\"elementor-tab-title-8602\"><p>Die Lebensf\u00e4higkeit der Sporen kann verl\u00e4ngert werden, indem man sie an einem k\u00fchlen, dunklen und trockenen Ort lagert. Es ist wichtig, direktes Sonnenlicht und Feuchtigkeit zu vermeiden. Wenn Sie sich nicht sicher sind, wie Sie dies tun k\u00f6nnen, lesen Sie unsere <a href=\"https:\/\/www.paddo.shop\/de\/growkit-instructies\/\" target=\"_new\">growkit anleitung seite<\/a> f\u00fcr weitere Informationen.<\/p>\n<\/div>\n\t\t\t\t<\/div>\n\t\t\t\t\t\t\t<div class=\"elementor-accordion-item\">\n\t\t\t\t\t<h3 id=\"elementor-tab-title-8603\" class=\"elementor-tab-title\" data-tab=\"3\" role=\"button\" aria-controls=\"elementor-tab-content-8603\" aria-expanded=\"false\">\n\t\t\t\t\t\t\t\t\t\t\t\t\t<span class=\"elementor-accordion-icon elementor-accordion-icon-right\" aria-hidden=\"true\">\n\t\t\t\t\t\t\t\t\t\t\t\t\t\t\t<span class=\"elementor-accordion-icon-closed\"><i class=\"fas fa-plus\"><\/i><\/span>\n\t\t\t\t\t\t\t\t<span class=\"elementor-accordion-icon-opened\"><i class=\"fas fa-minus\"><\/i><\/span>\n\t\t\t\t\t\t\t\t\t\t\t\t\t\t<\/span>\n\t\t\t\t\t\t\t\t\t\t\t\t<a class=\"elementor-accordion-title\" tabindex=\"0\">Gibt es saisonale \u00dcberlegungen f\u00fcr den Anbau von Thai-Pilzen?<\/a>\n\t\t\t\t\t<\/h3>\n\t\t\t\t\t<div id=\"elementor-tab-content-8603\" class=\"elementor-tab-content elementor-clearfix\" data-tab=\"3\" role=\"region\" aria-labelledby=\"elementor-tab-title-8603\"><p>Thai-Pilze sind recht anpassungsf\u00e4hig, aber sie m\u00f6gen w\u00e4rmere Temperaturen. In den k\u00e4lteren Monaten kann es daher sinnvoll sein, eine W\u00e4rmematte zu verwenden, um die ideale Anbautemperatur zu halten. Weitere Tipps zum saisonalen Anbau von Champignons finden Sie auf unserer <a href=\"https:\/\/www.paddo.shop\/de\/paddo-growkit-kweekverslag\/\" target=\"_new\">Zuchtbericht Seite<\/a>.<\/p>\n<\/div>\n\t\t\t\t<\/div>\n\t\t\t\t\t\t\t<div class=\"elementor-accordion-item\">\n\t\t\t\t\t<h3 id=\"elementor-tab-title-8604\" class=\"elementor-tab-title\" data-tab=\"4\" role=\"button\" aria-controls=\"elementor-tab-content-8604\" aria-expanded=\"false\">\n\t\t\t\t\t\t\t\t\t\t\t\t\t<span class=\"elementor-accordion-icon elementor-accordion-icon-right\" aria-hidden=\"true\">\n\t\t\t\t\t\t\t\t\t\t\t\t\t\t\t<span class=\"elementor-accordion-icon-closed\"><i class=\"fas fa-plus\"><\/i><\/span>\n\t\t\t\t\t\t\t\t<span class=\"elementor-accordion-icon-opened\"><i class=\"fas fa-minus\"><\/i><\/span>\n\t\t\t\t\t\t\t\t\t\t\t\t\t\t<\/span>\n\t\t\t\t\t\t\t\t\t\t\t\t<a class=\"elementor-accordion-title\" tabindex=\"0\">Wie reagieren Thai-Pilze auf unterschiedliche Lichtverh\u00e4ltnisse in diesem Growkit?<\/a>\n\t\t\t\t\t<\/h3>\n\t\t\t\t\t<div id=\"elementor-tab-content-8604\" class=\"elementor-tab-content elementor-clearfix\" data-tab=\"4\" role=\"region\" aria-labelledby=\"elementor-tab-title-8604\"><p>Licht ist wichtig f\u00fcr das Wachstum von Thai-Pilzen, aber sie brauchen keine starke Lichtquelle. Indirektes Sonnenlicht oder eine normale Zimmerlampe reichen aus. Vermeiden Sie direktes Sonnenlicht, da dies das Growkit austrocknen kann. Weitere Einzelheiten zu den idealen Wachstumsbedingungen finden Sie in unserem <a href=\"https:\/\/www.paddo.shop\/de\/growkit-instructies\/\" target=\"_new\">Anleitungsseite<\/a>.<\/p>\n<\/div>\n\t\t\t\t<\/div>\n\t\t\t\t\t\t\t<div class=\"elementor-accordion-item\">\n\t\t\t\t\t<h3 id=\"elementor-tab-title-8605\" class=\"elementor-tab-title\" data-tab=\"5\" role=\"button\" aria-controls=\"elementor-tab-content-8605\" aria-expanded=\"false\">\n\t\t\t\t\t\t\t\t\t\t\t\t\t<span class=\"elementor-accordion-icon elementor-accordion-icon-right\" aria-hidden=\"true\">\n\t\t\t\t\t\t\t\t\t\t\t\t\t\t\t<span class=\"elementor-accordion-icon-closed\"><i class=\"fas fa-plus\"><\/i><\/span>\n\t\t\t\t\t\t\t\t<span class=\"elementor-accordion-icon-opened\"><i class=\"fas fa-minus\"><\/i><\/span>\n\t\t\t\t\t\t\t\t\t\t\t\t\t\t<\/span>\n\t\t\t\t\t\t\t\t\t\t\t\t<a class=\"elementor-accordion-title\" tabindex=\"0\">Wie konsumiert man Thai-Pilze am besten, um ein angenehmes Erlebnis zu haben?<\/a>\n\t\t\t\t\t<\/h3>\n\t\t\t\t\t<div id=\"elementor-tab-content-8605\" class=\"elementor-tab-content elementor-clearfix\" data-tab=\"5\" role=\"region\" aria-labelledby=\"elementor-tab-title-8605\"><p>Thai-Pilze k\u00f6nnen roh verzehrt, als Tee zubereitet oder mit Lebensmitteln vermischt werden. Es ist wichtig, mit einer niedrigeren Dosis zu beginnen, vor allem, wenn Du noch keine Erfahrung mit Magic Mushrooms hast. Eine ruhige und angenehme Umgebung kann ebenfalls zu einer angenehmen Erfahrung beitragen. M\u00f6chtest Du mehr \u00fcber die Dosierung erfahren? Schau Dir unser <a href=\"https:\/\/www.paddo.shop\/de\/vind-dosering\/\" target=\"_new\">Dosierungsseite.<\/a><\/p>\n<\/div>\n\t\t\t\t<\/div>\n\t\t\t\t\t\t\t\t\t\t<script type=\"application\/ld+json\">{\n    \"@context\": \"https:\\\/\\\/schema.org\",\n    \"@type\": \"FAQPage\",\n    \"mainEntity\": [\n        {\n            \"@type\": \"Question\",\n            \"name\": \"Wat maakt Thai paddo's een populaire keuze onder reizigers en psychonauten?\",\n            \"acceptedAnswer\": {\n                \"@type\": \"Answer\",\n                \"text\": \"<p>Thai paddo&#8217;s staan bekend om hun opwekkende en sociale effecten. Ze kunnen een gevoel van euforie en verbondenheid cre\\u00ebren, wat perfect is voor sociale situaties of festivals. Vooral reizigers en psychonauten zijn gecharmeerd van deze unieke eigenschappen. Bovendien zijn ze relatief makkelijk te kweken, wat ze een favoriete keuze maakt voor zowel beginners als ervaren kwekers. Als je ge\\u00efnteresseerd bent in het vergelijken van Thai paddo&#8217;s met andere soorten, kan je een kijkje nemen op onze <a href=\\\"https:\\\/\\\/www.paddo.shop\\\/growkits\\\/\\\" target=\\\"_new\\\">vergelijkingspagina<\\\/a>.<\\\/p>\\n\"\n            }\n        },\n        {\n            \"@type\": \"Question\",\n            \"name\": \"Hoe kan ik de levensvatbaarheid van de sporen in de Thai paddo growkit verlengen?\",\n            \"acceptedAnswer\": {\n                \"@type\": \"Answer\",\n                \"text\": \"<p>De levensvatbaarheid van de sporen kan worden verlengd door ze op een koele, donkere en droge plaats te bewaren. Het is belangrijk om direct zonlicht en vocht te vermijden. Als je niet zeker weet hoe je dit moet doen, check dan onze <a href=\\\"https:\\\/\\\/www.paddo.shop\\\/growkit-instructies\\\/\\\" target=\\\"_new\\\">growkit instructiespagina<\\\/a> voor meer informatie.<\\\/p>\\n\"\n            }\n        },\n        {\n            \"@type\": \"Question\",\n            \"name\": \"Zijn er seizoensgebonden overwegingen voor het kweken van Thai paddo\\u2019s?\",\n            \"acceptedAnswer\": {\n                \"@type\": \"Answer\",\n                \"text\": \"<p>Thai paddo\\u2019s zijn redelijk flexibel, maar ze houden van warmere temperaturen. In de koudere maanden kan het daarom nuttig zijn om een warmtemat te gebruiken om de ideale groeitemperatuur te behouden. Meer tips over het kweken van paddo&#8217;s per seizoen vind je op onze <a href=\\\"https:\\\/\\\/www.paddo.shop\\\/paddo-growkit-kweekverslag\\\/\\\" target=\\\"_new\\\">kweekverslagpagina<\\\/a>.<\\\/p>\\n\"\n            }\n        },\n        {\n            \"@type\": \"Question\",\n            \"name\": \"Hoe reageren Thai paddo's op verschillende lichtomstandigheden in deze growkit?\",\n            \"acceptedAnswer\": {\n                \"@type\": \"Answer\",\n                \"text\": \"<p>Licht is belangrijk voor de groei van Thai paddo&#8217;s, maar ze hebben geen sterke lichtbron nodig. Indirect zonlicht of een gewone kamerlamp is voldoende. Vermijd direct zonlicht, want dat kan de growkit uitdrogen. Voor meer details over de ideale groeiomstandigheden, neem een kijkje op onze <a href=\\\"https:\\\/\\\/www.paddo.shop\\\/growkit-instructies\\\/\\\" target=\\\"_new\\\">instructiespagina<\\\/a>.<\\\/p>\\n\"\n            }\n        },\n        {\n            \"@type\": \"Question\",\n            \"name\": \"Wat zijn de beste manieren om Thai paddo\\u2019s te consumeren voor een aangename ervaring?\",\n            \"acceptedAnswer\": {\n                \"@type\": \"Answer\",\n                \"text\": \"<p>Thai paddo&#8217;s kunnen rauw worden gegeten, in thee worden gezet of met voedsel worden gemengd. Het is belangrijk om te starten met een lagere dosis, vooral als je nieuw bent met paddo&#8217;s. Een rustige en comfortabele setting kan ook bijdragen aan een aangename ervaring. Wil je meer weten over dosering? Check onze <a href=\\\"https:\\\/\\\/www.paddo.shop\\\/vind-dosering\\\/\\\" target=\\\"_new\\\">dosering pagina.<\\\/a><\\\/p>\\n\"\n            }\n        }\n    ]\n}<\/script>\n\t\t\t\t\t<\/div>\n\t\t\t\t\t\t<\/div>\n\t\t\t\t<\/div>\n\t\t\t\t\t<\/div>\n\t\t<\/div>\n\t\t\t\t\t<\/div>\n\t\t<\/section>\n\t\t\t\t<\/div>","protected":false},"excerpt":{"rendered":"<p>Nat\u00fcrlich haben Sie erraten, woher die Sorte Thai Paddo Growkit stammt. Der Thai Paddo Growkit hat seine Wurzeln in Thailand. Dieser Party-Pilz wird von den Thai-Leuten auf alle m\u00f6glichen Arten eingenommen, bevor eine Party beginnt. Sie kochen zum Beispiel Tee damit, machen Shakes damit, verarbeiten ihn frisch im Essen oder essen ihn getrocknet. Sind Sie schon bereit f\u00fcr eine Party? Dann stellen Sie sicher, dass Sie das Thai Paddo Growkit in Ihrem Haus haben. In ein paar Tagen haben Sie eine sch\u00f6ne Ernte zusammen und die Party kann beginnen.<\/p>","protected":false},"featured_media":5887,"comment_status":"closed","ping_status":"closed","template":"","meta":{"_acf_changed":false},"etheme_brands":[{"term_id":50,"name":"McSmart","slug":"mcsmart","term_group":0,"term_taxonomy_id":50,"taxonomy":"brand","description":"","parent":0,"count":11,"filter":"raw"}],"product_brand":[],"product_cat":[15],"product_tag":[],"class_list":{"0":"post-5253","1":"product","2":"type-product","3":"status-publish","4":"has-post-thumbnail","6":"brand-mcsmart","7":"product_cat-growkits","9":"first","10":"instock","11":"taxable","12":"shipping-taxable","13":"purchasable","14":"product-type-variable","15":"has-default-attributes"},"acf":[],"_links":{"self":[{"href":"https:\/\/www.paddo.shop\/de\/wp-json\/wp\/v2\/product\/5253","targetHints":{"allow":["GET"]}}],"collection":[{"href":"https:\/\/www.paddo.shop\/de\/wp-json\/wp\/v2\/product"}],"about":[{"href":"https:\/\/www.paddo.shop\/de\/wp-json\/wp\/v2\/types\/product"}],"replies":[{"embeddable":true,"href":"https:\/\/www.paddo.shop\/de\/wp-json\/wp\/v2\/comments?post=5253"}],"wp:featuredmedia":[{"embeddable":true,"href":"https:\/\/www.paddo.shop\/de\/wp-json\/wp\/v2\/media\/5887"}],"wp:attachment":[{"href":"https:\/\/www.paddo.shop\/de\/wp-json\/wp\/v2\/media?parent=5253"}],"wp:term":[{"taxonomy":"brand","embeddable":true,"href":"https:\/\/www.paddo.shop\/de\/wp-json\/wp\/v2\/etheme_brands?post=5253"},{"taxonomy":"product_brand","embeddable":true,"href":"https:\/\/www.paddo.shop\/de\/wp-json\/wp\/v2\/product_brand?post=5253"},{"taxonomy":"product_cat","embeddable":true,"href":"https:\/\/www.paddo.shop\/de\/wp-json\/wp\/v2\/product_cat?post=5253"},{"taxonomy":"product_tag","embeddable":true,"href":"https:\/\/www.paddo.shop\/de\/wp-json\/wp\/v2\/product_tag?post=5253"}],"curies":[{"name":"wp","href":"https:\/\/api.w.org\/{rel}","templated":true}]}}