{"id":6113,"date":"2022-10-25T11:48:59","date_gmt":"2022-10-25T09:48:59","guid":{"rendered":"https:\/\/www.paddo.shop\/?page_id=6113"},"modified":"2022-10-25T11:53:57","modified_gmt":"2022-10-25T09:53:57","slug":"korting","status":"publish","type":"page","link":"https:\/\/www.paddo.shop\/de\/korting\/","title":{"rendered":"Rabatt"},"content":{"rendered":"\n<div class=\"wp-block-columns is-layout-flex wp-container-core-columns-is-layout-9d6595d7 wp-block-columns-is-layout-flex\">\n<div class=\"wp-block-column is-layout-flow wp-block-column-is-layout-flow\">\n<h2 class=\"wp-block-heading\">5% kortingscode bij inschrijving<\/h2>\n\n\n\n<p>Schrijf je in voor onze nieuwsbrief en ontvang een 5% kortingscode voor je eerstvolgende bestelling. Je ontvangt de code direct na aanmelding in je mailbox. Gebruik het formulier om je aan te melden.<\/p>\n\n\n<p>[sibwp_form id=1]<\/p>\n<\/div>\n\n\n\n<div class=\"wp-block-column is-vertically-aligned-center is-layout-flow wp-block-column-is-layout-flow\">\n<figure class=\"wp-block-image size-full\"><img loading=\"lazy\" loading=\"lazy\" decoding=\"async\" width=\"500\" height=\"166\" src=\"https:\/\/www.paddo.shop\/wp-content\/uploads\/2022\/03\/Paddo-kweekset-shop.png\" alt=\"Paddo kweekset shop\" class=\"wp-image-5428\" srcset=\"https:\/\/www.paddo.shop\/wp-content\/uploads\/2022\/03\/Paddo-kweekset-shop.png 500w, https:\/\/www.paddo.shop\/wp-content\/uploads\/2022\/03\/Paddo-kweekset-shop-300x100.png 300w, https:\/\/www.paddo.shop\/wp-content\/uploads\/2022\/03\/Paddo-kweekset-shop-18x6.png 18w, https:\/\/www.paddo.shop\/wp-content\/uploads\/2022\/03\/Paddo-kweekset-shop-1x1.png 1w, https:\/\/www.paddo.shop\/wp-content\/uploads\/2022\/03\/Paddo-kweekset-shop-10x3.png 10w\" sizes=\"auto, (max-width: 500px) 100vw, 500px\" \/><\/figure>\n<\/div>\n<\/div>\n","protected":false},"excerpt":{"rendered":"<p>5% Rabatt-Code, wenn Sie sich anmelden Melden Sie sich f\u00fcr unseren Newsletter an und erhalten Sie einen 5% Rabatt-Code f\u00fcr Ihre n\u00e4chste Bestellung. Sie erhalten den Code sofort nach Ihrer...<\/p>","protected":false},"author":2,"featured_media":0,"parent":0,"menu_order":0,"comment_status":"closed","ping_status":"closed","template":"","meta":{"_acf_changed":false,"footnotes":""},"class_list":["post-6113","page","type-page","status-publish","hentry"],"acf":[],"_links":{"self":[{"href":"https:\/\/www.paddo.shop\/de\/wp-json\/wp\/v2\/pages\/6113","targetHints":{"allow":["GET"]}}],"collection":[{"href":"https:\/\/www.paddo.shop\/de\/wp-json\/wp\/v2\/pages"}],"about":[{"href":"https:\/\/www.paddo.shop\/de\/wp-json\/wp\/v2\/types\/page"}],"author":[{"embeddable":true,"href":"https:\/\/www.paddo.shop\/de\/wp-json\/wp\/v2\/users\/2"}],"replies":[{"embeddable":true,"href":"https:\/\/www.paddo.shop\/de\/wp-json\/wp\/v2\/comments?post=6113"}],"version-history":[{"count":0,"href":"https:\/\/www.paddo.shop\/de\/wp-json\/wp\/v2\/pages\/6113\/revisions"}],"wp:attachment":[{"href":"https:\/\/www.paddo.shop\/de\/wp-json\/wp\/v2\/media?parent=6113"}],"curies":[{"name":"wp","href":"https:\/\/api.w.org\/{rel}","templated":true}]}}