{"id":5894,"date":"2022-08-01T15:54:25","date_gmt":"2022-08-01T13:54:25","guid":{"rendered":"https:\/\/www.paddo.shop\/?page_id=5894"},"modified":"2024-08-20T11:59:20","modified_gmt":"2024-08-20T09:59:20","slug":"partners","status":"publish","type":"page","link":"https:\/\/www.paddo.shop\/de\/partners\/","title":{"rendered":"Partner"},"content":{"rendered":"<div data-elementor-type=\"wp-page\" data-elementor-id=\"5894\" class=\"elementor elementor-5894\" data-elementor-post-type=\"page\">\n\t\t\t\t\t\t<section class=\"elementor-section elementor-top-section elementor-element elementor-element-5abf2a6 elementor-section-boxed elementor-section-height-default elementor-section-height-default\" data-id=\"5abf2a6\" data-element_type=\"section\" data-e-type=\"section\">\n\t\t\t\t\t\t<div class=\"elementor-container elementor-column-gap-default\">\n\t\t\t\t\t<div class=\"elementor-column elementor-col-100 elementor-top-column elementor-element elementor-element-e4d511e\" data-id=\"e4d511e\" data-element_type=\"column\" data-e-type=\"column\">\n\t\t\t<div class=\"elementor-widget-wrap elementor-element-populated\">\n\t\t\t\t\t\t<div class=\"elementor-element elementor-element-392eff0 elementor-widget elementor-widget-text-editor\" data-id=\"392eff0\" data-element_type=\"widget\" data-e-type=\"widget\" data-widget_type=\"text-editor.default\">\n\t\t\t\t<div class=\"elementor-widget-container\">\n\t\t\t\t\t\t\t\t\t<h2>Wir teilen unser Wissen<\/h2><p>Leider sind magische Tr\u00fcffel und Psychedelika im Allgemeinen immer noch mit einem gro\u00dfen Tabu behaftet. Unserer Meinung nach ist dies v\u00f6llig ungerechtfertigt. Schlie\u00dflich k\u00f6nnen Psychedelika, wenn sie richtig eingesetzt werden, das Leben eines Menschen unheimlich bereichern. Leider werden wir immer noch zu sehr in die Ecke gedr\u00e4ngt. Es ist an der Zeit, das zu \u00e4ndern, und wir sind gerne bereit, unseren Teil dazu beizutragen. Wir tun dies, indem wir so transparent wie m\u00f6glich sind und gute Informationen \u00fcber unsere Produkte bereitstellen. Damit f\u00e4ngt es an. Wir m\u00f6chten Psychedelika wieder in etwas Sch\u00f6nes verwandeln und nicht in etwas Be\u00e4ngstigendes oder Schlechtes.<\/p><h2>Der Headshop &amp; Tatanka<\/h2><p>Zu diesem Zweck haben wir uns mit einigen renommierten Unternehmen aus dem Bereich der intelligenten Produkte zusammengeschlossen. Wir arbeiten zum Beispiel zusammen mit <a href=\"https:\/\/www.headshop.nl\/\" target=\"_blank\" rel=\"noopener\">Der Headshop<\/a> &amp; <a href=\"https:\/\/www.tatanka.nl\/\" target=\"_blank\" rel=\"noopener\">Tatanka<\/a>. Diese Gesch\u00e4fte geh\u00f6ren zu den \u00e4ltesten Smart- und Headshops in den Niederlanden. In Bezug auf Wissen und Erfahrung kann man sich also keine besseren Partner vorstellen.<\/p><h2>Smartific<\/h2><p>Wir arbeiten auch mit dem fantastischen internationalen Online-Smartshop Smartific zusammen. <a href=\"https:\/\/smartific.nl\/\" target=\"_blank\" rel=\"noopener\">Smartific.de<\/a> und <a href=\"https:\/\/smartific.com\/\" target=\"_blank\" rel=\"noopener\">Smartfic.com<\/a> hat ein gro\u00dfes Online-Angebot, ist aber auch f\u00fcr sein Smartwiki bekannt. In diesem Smartwiki wird das gesamte Wissen, die Expertise und die Forschung im Bereich der intelligenten Produkte geteilt. Auch dies ist Wissen, das wir gerne nutzen.<\/p><p>Wir hoffen, dass wir mit dieser Zusammenarbeit dazu beitragen k\u00f6nnen, den Markt transparenter zu machen.<\/p><h2 data-pm-slice=\"1 1 []\">McSmart der Gro\u00dfh\u00e4ndler f\u00fcr Smartshops<\/h2><p>Wir von Paddo.shop sind stolz auf unsere Partnerschaft mit <a href=\"https:\/\/www.mcsmart.com\/\" target=\"_blank\" rel=\"noopener\">McSmart<\/a>, dem f\u00fchrenden Gro\u00dfh\u00e4ndler f\u00fcr Smartshops. Diese Partnerschaft erm\u00f6glicht es uns, unseren Kunden eine breite Palette an hochwertigen Produkten anzubieten, darunter auch das von uns vertriebene Growkits. McSmart ist f\u00fcr seine Zuverl\u00e4ssigkeit, Innovation und hervorragende Produktqualit\u00e4t bekannt, was perfekt zu unserer Mission passt, die besten Produkte auf dem Markt anzubieten. Egal, ob Sie ein neuer Z\u00fcchter oder ein erfahrener Nutzer sind, die Produkte von McSmart werden Ihnen die bestm\u00f6gliche Erfahrung bieten. Besuchen Sie unseren Shop und entdecken Sie die Produktpalette von McSmart.<\/p>\t\t\t\t\t\t\t\t<\/div>\n\t\t\t\t<\/div>\n\t\t\t\t\t<\/div>\n\t\t<\/div>\n\t\t\t\t\t<\/div>\n\t\t<\/section>\n\t\t\t\t<\/div>","protected":false},"excerpt":{"rendered":"<p>Wir teilen unser Wissen Leider gibt es immer noch gro\u00dfe Tabus rund um magische Tr\u00fcffel und Psychedelika im Allgemeinen. Unserer Meinung nach v\u00f6llig ungerechtfertigt. Wenn Psychedelika...<\/p>","protected":false},"author":2,"featured_media":0,"parent":0,"menu_order":0,"comment_status":"closed","ping_status":"closed","template":"","meta":{"_acf_changed":false,"footnotes":""},"class_list":["post-5894","page","type-page","status-publish","hentry"],"acf":[],"_links":{"self":[{"href":"https:\/\/www.paddo.shop\/de\/wp-json\/wp\/v2\/pages\/5894","targetHints":{"allow":["GET"]}}],"collection":[{"href":"https:\/\/www.paddo.shop\/de\/wp-json\/wp\/v2\/pages"}],"about":[{"href":"https:\/\/www.paddo.shop\/de\/wp-json\/wp\/v2\/types\/page"}],"author":[{"embeddable":true,"href":"https:\/\/www.paddo.shop\/de\/wp-json\/wp\/v2\/users\/2"}],"replies":[{"embeddable":true,"href":"https:\/\/www.paddo.shop\/de\/wp-json\/wp\/v2\/comments?post=5894"}],"version-history":[{"count":0,"href":"https:\/\/www.paddo.shop\/de\/wp-json\/wp\/v2\/pages\/5894\/revisions"}],"wp:attachment":[{"href":"https:\/\/www.paddo.shop\/de\/wp-json\/wp\/v2\/media?parent=5894"}],"curies":[{"name":"wp","href":"https:\/\/api.w.org\/{rel}","templated":true}]}}