{"id":5661,"date":"2022-07-27T10:09:33","date_gmt":"2022-07-27T08:09:33","guid":{"rendered":"https:\/\/www.paddo.shop\/?page_id=5661"},"modified":"2024-10-15T09:02:58","modified_gmt":"2024-10-15T07:02:58","slug":"paddo-growkit-kweekverslag","status":"publish","type":"page","link":"https:\/\/www.paddo.shop\/de\/paddo-growkit-kweekverslag\/","title":{"rendered":"Pilz Growkit Anbaureport"},"content":{"rendered":"<div data-elementor-type=\"wp-page\" data-elementor-id=\"5661\" class=\"elementor elementor-5661\" data-elementor-post-type=\"page\">\n\t\t\t\t\t\t<section class=\"elementor-section elementor-top-section elementor-element elementor-element-6da08d04 elementor-section-boxed elementor-section-height-default elementor-section-height-default\" data-id=\"6da08d04\" data-element_type=\"section\">\n\t\t\t\t\t\t<div class=\"elementor-container elementor-column-gap-default\">\n\t\t\t\t\t<div class=\"elementor-column elementor-col-100 elementor-top-column elementor-element elementor-element-76f56ffd\" data-id=\"76f56ffd\" data-element_type=\"column\">\n\t\t\t<div class=\"elementor-widget-wrap elementor-element-populated\">\n\t\t\t\t\t\t<div class=\"elementor-element elementor-element-24e06a2 elementor-widget elementor-widget-text-editor\" data-id=\"24e06a2\" data-element_type=\"widget\" data-widget_type=\"text-editor.default\">\n\t\t\t\t<div class=\"elementor-widget-container\">\n\t\t\t\t\t\t\t\t\t<h2>Ein magisches Pilzanbauset anbauen<\/h2>\n<p>Wie viel kostet ein <a href=\"\/de\/growkits\/\">Bausatz f\u00fcr Pilzzucht<\/a> Was bewirken sie eigentlich? Diese Frage wird uns jede Woche gestellt. Deshalb haben wir eine Reihe von Test-Zuchtkits zusammengestellt. Auf diese Weise haben wir eine Sch\u00e4tzung gemacht, was Sie von Ihrem Pilzanbausatz erwarten k\u00f6nnen. Denken Sie daran, dass verschiedene Faktoren den Ertrag beeinflussen k\u00f6nnen. Eine zu kalte Temperatur oder ein Temperaturwechsel kann sich auswirken, aber auch die Qualit\u00e4t des Wassers, das Du verwendest, die Aufmerksamkeit, die Du dem Pilzzuchtset schenkst und eine saubere oder schmutzige Arbeitsumgebung k\u00f6nnen einen Einfluss haben. Werfen Sie auch einen Blick auf unsere <a href=\"https:\/\/www.paddo.shop\/de\/growkit-instructies\/\">Anleitungen und Tipps f\u00fcr Growkits<\/a>Auf diese Weise sind Sie bestens vorbereitet, um mit dem Anbau Ihres Pilzkits zu beginnen.<\/p>\n<h2>Bericht \u00fcber den Anbau von Pilzen<\/h2>\n<p>Nachfolgend finden Sie eine detaillierte Beschreibung der einzelnen Schritte, die wir w\u00e4hrend unseres Berichts \u00fcber den Anbau von Pilzkits durchlaufen haben. Du kannst es nicht abwarten? Dann kannst du dir gleich die Zusammenfassung unten ansehen. F\u00fcr unseren Anbaureport haben wir das <a href=\"https:\/\/www.paddo.shop\/de\/golden-teacher-paddo-growkit\/\">Golden Teacher-Pilze<\/a> ausgew\u00e4hlt. Diese geh\u00f6ren heute zu den beliebtesten magischen Pilzarten.<\/p>\t\t\t\t\t\t\t\t<\/div>\n\t\t\t\t<\/div>\n\t\t\t\t<div class=\"elementor-element elementor-element-33130382 elementor-widget elementor-widget-text-editor\" data-id=\"33130382\" data-element_type=\"widget\" data-widget_type=\"text-editor.default\">\n\t\t\t\t<div class=\"elementor-widget-container\">\n\t\t\t\t\t\t\t\t\t<p><\/p>\n<h2 class=\"wp-block-heading\"><strong style=\"font-size: calc(var(--h3-size-proportion) * 1rem); background-color: var(--et_container-bg-color, transparent);\">Zusammenfassung des Berichts \u00fcber den Anbau von Pilzkultursets<\/strong><\/h2>\n<p><\/p>\n<p><\/p>\t\t\t\t\t\t\t\t<\/div>\n\t\t\t\t<\/div>\n\t\t\t\t<section class=\"elementor-section elementor-inner-section elementor-element elementor-element-360ac11 elementor-hidden-mobile elementor-hidden-tablet elementor-section-boxed elementor-section-height-default elementor-section-height-default\" data-id=\"360ac11\" data-element_type=\"section\">\n\t\t\t\t\t\t<div class=\"elementor-container elementor-column-gap-default\">\n\t\t\t\t\t<div class=\"elementor-column elementor-col-33 elementor-inner-column elementor-element elementor-element-052c331\" data-id=\"052c331\" data-element_type=\"column\" data-settings=\"{&quot;background_background&quot;:&quot;classic&quot;}\">\n\t\t\t<div class=\"elementor-widget-wrap elementor-element-populated\">\n\t\t\t\t\t\t<div class=\"elementor-element elementor-element-568c429 elementor-widget elementor-widget-text-editor\" data-id=\"568c429\" data-element_type=\"widget\" data-widget_type=\"text-editor.default\">\n\t\t\t\t<div class=\"elementor-widget-container\">\n\t\t\t\t\t\t\t\t\t<h2><b>250 cc (klein)<\/b><\/h2>\n<p><b>Anzahl der Tage<\/b><span style=\"font-weight: 400;\">:<br \/><\/span><span style=\"font-weight: 400;\">35 Tage<\/span><\/p>\n<p><b>Einnahmen insgesamt<\/b><span style=\"font-weight: 400;\">:<br \/><\/span><span style=\"font-weight: 400;\">311 Gramm<\/span><\/p>\n<p><b>Anzahl der Sp\u00fclvorg\u00e4nge:<br \/><\/b>3 Sp\u00fclungen<\/p>\t\t\t\t\t\t\t\t<\/div>\n\t\t\t\t<\/div>\n\t\t\t\t<div class=\"elementor-element elementor-element-eef2905 elementor-widget elementor-widget-text-editor\" data-id=\"eef2905\" data-element_type=\"widget\" data-widget_type=\"text-editor.default\">\n\t\t\t\t<div class=\"elementor-widget-container\">\n\t\t\t\t\t\t\t\t\t<p><b style=\"color: inherit; font-family: inherit; font-size: inherit; background-color: var(--et_container-bg-color, transparent);\">Erste Sp\u00fclung:<br \/><\/b><span style=\"font-weight: 400;\">Dauer: 0 - 21 Tage<br \/><\/span><span style=\"font-weight: 400;\">Ausbeute: 165 Gramm<\/span><\/p>\n<p><b>Zweiter Schwall:<br \/><\/b><span style=\"font-weight: 400;\">Tag 21 - 30<br \/><\/span><span style=\"font-weight: 400;\">Ausbeute: 130 Gramm<\/span><\/p>\n<p><b>Dritter Schwall:<br \/><\/b><span style=\"font-weight: 400;\">Tag 30 - 35<br \/><\/span><span style=\"font-weight: 400;\">Ausbeute: 16 Gramm<\/span><\/p>\n<p><b>Vierte Sp\u00fclung:<br \/><\/b><span style=\"font-weight: 400;\">Tag 35<br \/><\/span><span style=\"font-weight: 400;\">Ausbeute: Nicht<\/span><\/p>\t\t\t\t\t\t\t\t<\/div>\n\t\t\t\t<\/div>\n\t\t\t\t\t<\/div>\n\t\t<\/div>\n\t\t\t\t<div class=\"elementor-column elementor-col-33 elementor-inner-column elementor-element elementor-element-379e4e8\" data-id=\"379e4e8\" data-element_type=\"column\" data-settings=\"{&quot;background_background&quot;:&quot;classic&quot;}\">\n\t\t\t<div class=\"elementor-widget-wrap elementor-element-populated\">\n\t\t\t\t\t\t<div class=\"elementor-element elementor-element-f31f0af elementor-widget elementor-widget-text-editor\" data-id=\"f31f0af\" data-element_type=\"widget\" data-widget_type=\"text-editor.default\">\n\t\t\t\t<div class=\"elementor-widget-container\">\n\t\t\t\t\t\t\t\t\t<h2><b>1200 cc (Mittel)<\/b><\/h2>\n<p><b>Anzahl der Tage<\/b><span style=\"font-weight: 400;\">:<br \/><\/span><span style=\"font-weight: 400;\">35 Tage<\/span><\/p>\n<p><b>Einnahmen insgesamt<\/b><span style=\"font-weight: 400;\">:<br \/><\/span><span style=\"font-weight: 400;\">865 Gramm<\/span><\/p>\n<p><b>Anzahl der Sp\u00fclvorg\u00e4nge:<br \/><\/b><span style=\"font-weight: 400;\">3 Sp\u00fclungen<\/span><\/p>\t\t\t\t\t\t\t\t<\/div>\n\t\t\t\t<\/div>\n\t\t\t\t<div class=\"elementor-element elementor-element-c4a8c93 elementor-widget elementor-widget-text-editor\" data-id=\"c4a8c93\" data-element_type=\"widget\" data-widget_type=\"text-editor.default\">\n\t\t\t\t<div class=\"elementor-widget-container\">\n\t\t\t\t\t\t\t\t\t<p><span style=\"color: inherit; font-family: inherit; font-size: inherit; background-color: var(--et_container-bg-color, transparent);\"><b>Erste Sp\u00fclung:<br \/><\/b><\/span><span style=\"color: inherit; font-family: inherit; font-size: inherit;\">Dauer: 0 - 21 Tage<br \/><\/span><span style=\"color: inherit; font-family: inherit; font-size: inherit;\">Ausbeute: 433 Gramm<\/span><\/p>\n<p><b>Zweiter Schwall:<br \/><\/b><span style=\"font-weight: 400;\">Tag 21 - 30<br \/><\/span><span style=\"font-weight: 400;\">Ausbeute: 390 Gramm<\/span><\/p>\n<p><b>Dritter Schwall:<br \/><\/b><span style=\"font-weight: 400;\">Tag 30 - 35<br \/><\/span><span style=\"font-weight: 400;\">Ausbeute: 42 Gramm<\/span><\/p>\n<p><b>Vierte Sp\u00fclung:<br \/><\/b><span style=\"font-weight: 400;\">Tag 35<br \/><\/span><span style=\"color: inherit; font-family: inherit; font-size: inherit; background-color: var(--et_container-bg-color, transparent);\">Ausbeute: Nicht<\/span><\/p>\t\t\t\t\t\t\t\t<\/div>\n\t\t\t\t<\/div>\n\t\t\t\t\t<\/div>\n\t\t<\/div>\n\t\t\t\t<div class=\"elementor-column elementor-col-33 elementor-inner-column elementor-element elementor-element-7252acd\" data-id=\"7252acd\" data-element_type=\"column\" data-settings=\"{&quot;background_background&quot;:&quot;classic&quot;}\">\n\t\t\t<div class=\"elementor-widget-wrap elementor-element-populated\">\n\t\t\t\t\t\t<div class=\"elementor-element elementor-element-be025e4 elementor-widget elementor-widget-text-editor\" data-id=\"be025e4\" data-element_type=\"widget\" data-widget_type=\"text-editor.default\">\n\t\t\t\t<div class=\"elementor-widget-container\">\n\t\t\t\t\t\t\t\t\t<h2><b>2100 cm\u00b3 (gro\u00df)<\/b><\/h2>\n<p><b>Anzahl der Tage<\/b><span style=\"font-weight: 400;\">:<br \/><\/span><span style=\"font-weight: 400;\">35 Tage<\/span><\/p>\n<p><b>Einnahmen insgesamt<\/b><span style=\"font-weight: 400;\">:<br \/><\/span><span style=\"font-weight: 400;\">1633 Gramm<\/span><\/p>\n<p><b>Anzahl der Sp\u00fclvorg\u00e4nge:<br \/><\/b><span style=\"font-weight: 400;\">3 Sp\u00fclungen<\/span><\/p>\t\t\t\t\t\t\t\t<\/div>\n\t\t\t\t<\/div>\n\t\t\t\t<div class=\"elementor-element elementor-element-0f5af87 elementor-widget elementor-widget-text-editor\" data-id=\"0f5af87\" data-element_type=\"widget\" data-widget_type=\"text-editor.default\">\n\t\t\t\t<div class=\"elementor-widget-container\">\n\t\t\t\t\t\t\t\t\t<p><span style=\"color: inherit; font-family: inherit; font-size: inherit; background-color: var(--et_container-bg-color, transparent);\"><b>Erste Sp\u00fclung:<br \/><\/b><\/span><span style=\"color: inherit; font-family: inherit; font-size: inherit; background-color: var(--et_container-bg-color, transparent);\">Dauer: 0 - 21 Tage<br \/><\/span><span style=\"color: inherit; font-family: inherit; font-size: inherit; background-color: var(--et_container-bg-color, transparent);\">Ausbeute: 809 Gramm<\/span><\/p>\n<p><b>Zweiter Schwall:<br \/><\/b><span style=\"font-weight: 400;\">Tag 21 - 30<br \/><\/span><span style=\"font-weight: 400;\">Ausbeute: 743 Gramm<\/span><\/p>\n<p><b>Dritter Schwall:<br \/><\/b><span style=\"font-weight: 400;\">Tag 30 - 35<br \/><\/span><span style=\"font-weight: 400;\">Ausbeute: 81 Gramm<\/span><\/p>\n<p><b>Vierte Sp\u00fclung:<br \/><\/b><span style=\"font-weight: 400;\">Tag 35<br \/><\/span><span style=\"font-weight: 400;\">Ausbeute: Nicht<\/span><\/p>\t\t\t\t\t\t\t\t<\/div>\n\t\t\t\t<\/div>\n\t\t\t\t\t<\/div>\n\t\t<\/div>\n\t\t\t\t\t<\/div>\n\t\t<\/section>\n\t\t\t\t<section class=\"elementor-section elementor-inner-section elementor-element elementor-element-d9fb96f elementor-hidden-desktop elementor-section-boxed elementor-section-height-default elementor-section-height-default\" data-id=\"d9fb96f\" data-element_type=\"section\">\n\t\t\t\t\t\t<div class=\"elementor-container elementor-column-gap-default\">\n\t\t\t\t\t<div class=\"elementor-column elementor-col-100 elementor-inner-column elementor-element elementor-element-6c7ae39 elementor-hidden-desktop\" data-id=\"6c7ae39\" data-element_type=\"column\" data-settings=\"{&quot;background_background&quot;:&quot;classic&quot;}\">\n\t\t\t<div class=\"elementor-widget-wrap elementor-element-populated\">\n\t\t\t\t\t\t<div class=\"elementor-element elementor-element-18f8916 elementor-widget elementor-widget-et-general-tabs\" data-id=\"18f8916\" data-element_type=\"widget\" data-widget_type=\"et-general-tabs.default\">\n\t\t\t\t<div class=\"elementor-widget-container\">\n\t\t\t\t\t        <div id=\"et-advance-tabs-18f8916\" class=\"et-advance-tabs et-tabs-horizontal  horizontal-style-3 responsive-vertical-layout\" data-tabid=\"18f8916\">\n            <div class=\"et-tabs-nav\">\n                <ul >\n\t\t\t\t\t                        <li class=\"inactive et-tab-nav\"\n                            >\n                            \t\t\t\t\t\t\t\t                        \t\t\t\t\t\t\t\t\t\t\t\t\t\t                                <span class=\"et-tab-title\">\n    \t\t\t\t\t\t\t\t250 cm\u00b3    \t\t\t\t\t\t\t<\/span>\n\t\t\t\t\t\t\t                        <\/li>\n\t\t\t\t\t                        <li class=\"active-default et-tab-nav\"\n                            >\n                            \t\t\t\t\t\t\t\t                        \t\t\t\t\t\t\t\t\t\t\t\t\t\t                                <span class=\"et-tab-title\">\n    \t\t\t\t\t\t\t\t1200 cc    \t\t\t\t\t\t\t<\/span>\n\t\t\t\t\t\t\t                        <\/li>\n\t\t\t\t\t                        <li class=\"inactive et-tab-nav\"\n                            >\n                            \t\t\t\t\t\t\t\t                        \t\t\t\t\t\t\t\t\t\t\t\t\t\t                                <span class=\"et-tab-title\">\n    \t\t\t\t\t\t\t\t2100 c    \t\t\t\t\t\t\t<\/span>\n\t\t\t\t\t\t\t                        <\/li>\n\t\t\t\t\t                <\/ul>\n                            <\/div>\n            <div class=\"et-tabs-content\">\n\t\t\t\t                    <div class=\"clearfix inactive\">\n\t\t\t\t\t\t<h2><b>250 cc (klein)<\/b><\/h2>\n<p><b>Anzahl der Tage<\/b><span style=\"font-weight: 400;\">:<br \/><\/span><span style=\"font-weight: 400;\">35 Tage<\/span><\/p>\n<p><b>Einnahmen insgesamt<\/b><span style=\"font-weight: 400;\">:<br \/><\/span><span style=\"font-weight: 400;\">311 Gramm<\/span><\/p>\n<p><b>Anzahl der Sp\u00fclvorg\u00e4nge:<br \/><\/b>3 Sp\u00fclungen<\/p>\n<hr \/>\n<p><b><br \/>Erste Sp\u00fclung:<br \/><\/b><span style=\"font-weight: 400;\">Dauer: 0 - 21 Tage<br \/><\/span><span style=\"font-weight: 400;\">Ausbeute: 165 Gramm<\/span><\/p>\n<p><b>Zweiter Schwall:<br \/><\/b><span style=\"font-weight: 400;\">Tag 21 - 30<br \/><\/span><span style=\"font-weight: 400;\">Ausbeute: 130 Gramm<\/span><\/p>\n<p><b>Dritter Schwall:<br \/><\/b><span style=\"font-weight: 400;\">Tag 30 - 35<br \/><\/span><span style=\"font-weight: 400;\">Ausbeute: 16 Gramm<\/span><\/p>\n<p><b>Vierte Sp\u00fclung:<br \/><\/b><span style=\"font-weight: 400;\">Tag 35<br \/><\/span><span style=\"font-weight: 400;\">Ausbeute: Nicht<\/span><\/p>                    <\/div>\n\t\t\t\t                    <div class=\"clearfix active-default\">\n\t\t\t\t\t\t<h2><b>1200 cc (Mittel)<\/b><\/h2>\n<p><b>Anzahl der Tage<\/b><span style=\"font-weight: 400;\">:<br \/><\/span><span style=\"font-weight: 400;\">35 Tage<\/span><\/p>\n<p><b>Einnahmen insgesamt<\/b><span style=\"font-weight: 400;\">:<br \/><\/span><span style=\"font-weight: 400;\">865 Gramm<\/span><\/p>\n<p><b>Anzahl der Sp\u00fclvorg\u00e4nge:<br \/><\/b><span style=\"font-weight: 400;\">3 Sp\u00fclungen<\/span><\/p>\n<hr \/>\n<p><b><br \/>Erste Sp\u00fclung:<br \/><\/b><span style=\"font-weight: 400;\">Dauer: 0 - 21 Tage<br \/><\/span><span style=\"font-weight: 400;\">Ausbeute: 433 Gramm<\/span><\/p>\n<p><b>Zweiter Schwall:<br \/><\/b><span style=\"font-weight: 400;\">Tag 21 - 30<br \/><\/span><span style=\"font-weight: 400;\">Ausbeute: 390 Gramm<\/span><\/p>\n<p><b>Dritter Schwall:<br \/><\/b><span style=\"font-weight: 400;\">Tag 30 - 35<br \/><\/span><span style=\"font-weight: 400;\">Ausbeute: 42 Gramm<\/span><\/p>\n<p><b>Vierte Sp\u00fclung:<br \/><\/b><span style=\"font-weight: 400;\">Tag 35<br \/><\/span><span style=\"color: inherit; font-family: inherit; font-size: inherit; background-color: var(--et_container-bg-color, transparent);\">Ausbeute: Nicht<\/span><\/p>                    <\/div>\n\t\t\t\t                    <div class=\"clearfix inactive\">\n\t\t\t\t\t\t<h2><b>2100 cm\u00b3 (gro\u00df)<\/b><\/h2>\n<p><b>Anzahl der Tage<\/b><span style=\"font-weight: 400;\">:<br \/><\/span><span style=\"font-weight: 400;\">35 Tage<\/span><\/p>\n<p><b>Einnahmen insgesamt<\/b><span style=\"font-weight: 400;\">:<br \/><\/span><span style=\"font-weight: 400;\">1633 Gramm<\/span><\/p>\n<p><b>Anzahl der Sp\u00fclvorg\u00e4nge:<br \/><\/b><span style=\"font-weight: 400;\">3 Sp\u00fclungen<\/span><\/p>\n<hr \/>\n<p><b><br \/>Erste Sp\u00fclung:<br \/><\/b><span style=\"font-weight: 400;\">Dauer: 0 - 21 Tage<br \/><\/span><span style=\"font-weight: 400;\">Ausbeute: 809 Gramm<\/span><\/p>\n<p><b>Zweiter Schwall:<br \/><\/b><span style=\"font-weight: 400;\">Tag 21 - 30<br \/><\/span><span style=\"font-weight: 400;\">Ausbeute: 743 Gramm<\/span><\/p>\n<p><b>Dritter Schwall:<br \/><\/b><span style=\"font-weight: 400;\">Tag 30 - 35<br \/><\/span><span style=\"font-weight: 400;\">Ausbeute: 81 Gramm<\/span><\/p>\n<p><b>Vierte Sp\u00fclung:<br \/><\/b><span style=\"font-weight: 400;\">Tag 35<br \/><\/span><span style=\"font-weight: 400;\">Ausbeute: Nicht<\/span><\/p>                    <\/div>\n\t\t\t\t            <\/div>\n        <\/div>\n\t\t\t\t\t\t<\/div>\n\t\t\t\t<\/div>\n\t\t\t\t\t<\/div>\n\t\t<\/div>\n\t\t\t\t\t<\/div>\n\t\t<\/section>\n\t\t\t\t<div class=\"elementor-element elementor-element-a5c01b6 elementor-widget elementor-widget-text-editor\" data-id=\"a5c01b6\" data-element_type=\"widget\" data-widget_type=\"text-editor.default\">\n\t\t\t\t<div class=\"elementor-widget-container\">\n\t\t\t\t\t\t\t\t\t<h3><strong style=\"font-size: calc(var(--h3-size-proportion) * 1rem); background-color: var(--et_container-bg-color, transparent);\">Tag 0 - 21:\u00a0<\/strong><strong>Das erste Pilzzucht-Set b\u00fcndig<\/strong><\/h3>\n<p>Die Pilzanbaus\u00e4tze von 250cc, 1200cc und 2100cc wurden alle in einem Raum mit einer stabilen Temperatur von etwa 24 Grad aufgestellt. Obwohl wir den Beutel geschlossen halten mussten, \u00f6ffneten wir ihn t\u00e4glich und bespr\u00fchten die Growkits leicht mit einem Pflanzenspray. Das verwendete Wasser haben wir vorher abgekocht, um Infektionen zu vermeiden. Auch w\u00e4hrend des Wachstums der Pilze \u00f6ffneten wir den Beutel t\u00e4glich und bespr\u00fchten das Growkit. Die ersten kleinen Pilze tauchten nach etwa 2 Wochen auf. Es dauerte insgesamt 3 Wochen (21 Tage), bis eine erste Charge aus den Growkits geerntet werden konnte. Den Ertrag finden Sie unten.<\/p>\n<div>\n<div>\n<ul>\n<li>250 cm\u00b3 = 165 Gramm<\/li>\n<li>1200 cm\u00b3 = 433 Gramm<\/li>\n<li>2100 cm\u00b3 = 809 Gramm<\/li>\n<\/ul>\n<\/div>\n<\/div>\n<h3><strong style=\"font-size: calc(var(--h3-size-proportion) * 1rem); background-color: var(--et_container-bg-color, transparent);\">Tag 21 - 30:\u00a0<\/strong><strong>Das zweite Pilzzucht-Set b\u00fcndig<\/strong><\/h3>\n<p>Nat\u00fcrlich haben wir gleich einen zweiten Schwall genommen. Nachdem wir alle Pilze sorgf\u00e4ltig gepfl\u00fcckt hatten, hatten wir ein weiteres \"sauberes Growkit\". Danach wiederholten wir die Schritte 4 bis 7. Nat\u00fcrlich arbeiteten wir wieder mit abgekochtem Wasser und in einer sauberen Umgebung. Auch dieses Mal haben wir das Growkit t\u00e4glich leicht bespr\u00fcht. Diesmal dauerte es etwa 1 Woche (9 Tage) f\u00fcr einen Flush. Der Ertrag war allerdings etwas geringer. Unten sind die Ergebnisse.<\/p>\n<div>\n<div>\n<ul>\n<li>250 cm\u00b3 = 130 Gramm<\/li>\n<li>1200 cm\u00b3 = 390 Gramm<\/li>\n<li>2100 cm\u00b3 = 743 Gramm<\/li>\n<\/ul>\n<\/div>\n<\/div>\n<h3><strong style=\"font-size: calc(var(--h3-size-proportion) * 1rem); background-color: var(--et_container-bg-color, transparent);\">Tag 30 - 35:\u00a0<\/strong><strong>Der dritte Pilzanbausatz flush<\/strong><\/h3>\n<p>Wird es noch mehr geben? Wir dachten es uns! Wir haben die Schritte 4 bis 7 noch einmal wiederholt. Obwohl wir vorsichtig waren, sehen wir, dass das Growkit Probleme hat. Durch das Pfl\u00fccken der ersten und zweiten Charge sieht das Growkit an einigen Stellen kahl aus. Trotz des kahlen Growkits dauerte es nur 5 Tage, um eine weitere kleine Partie frischer Pilze zu ernten. Unten sind die Ertr\u00e4ge zu sehen.<\/p>\n<ul>\n<li>250 cm\u00b3 = 16 Gramm<\/li>\n<li>1200 cm\u00b3 = 42 Gramm<\/li>\n<li>2100 cm\u00b3 = 81 Gramm<\/li>\n<\/ul>\n<h3><strong style=\"font-size: calc(var(--h3-size-proportion) * 1rem); background-color: var(--et_container-bg-color, transparent);\">Tag 35:\u00a0<\/strong><strong>Das vierte Pilzzucht-Set flush<\/strong><\/h3>\n<p>Leider ist es uns nicht mehr gelungen, einen vierten Flush aus den Pilzanbaus\u00e4tzen herauszuholen. Theoretisch sollte dies unter hervorragenden Bedingungen m\u00f6glich sein. Sehr zu unserem Leidwesen haben wir die unfruchtbaren Growkits weggeworfen. Jetzt ist es an der Zeit zu sehen, wie viel uns die Pilzanbaus\u00e4tze jetzt gebracht haben. Wir sind sehr zufrieden mit den Ergebnissen. Den Ertrag finden Sie unten.<\/p>\n<ul>\n<li>250 cm\u00b3 = 311 Gramm<\/li>\n<li>1200 cm\u00b3 = 865 Gramm<\/li>\n<li>2100 cm\u00b3 = 1633 Gramm<\/li>\n<\/ul>\t\t\t\t\t\t\t\t<\/div>\n\t\t\t\t<\/div>\n\t\t\t\t<div class=\"elementor-element elementor-element-c8212d8 elementor-widget elementor-widget-text-editor\" data-id=\"c8212d8\" data-element_type=\"widget\" data-widget_type=\"text-editor.default\">\n\t\t\t\t<div class=\"elementor-widget-container\">\n\t\t\t\t\t\t\t\t\t<h2>Schlussfolgerung<\/h2>\n<div>Wie Sie sehen k\u00f6nnen, k\u00f6nnen Sie sehr sch\u00f6ne Mengen an Pilzen pro Growkit erwarten. F\u00fcr den obigen Test haben wir das Golden Teacher verwendet, aber \u00e4hnliche Ertr\u00e4ge k\u00f6nnen auch von den anderen Growkits erwartet werden. Die starke <a href=\"https:\/\/www.paddo.shop\/de\/mazatapec-paddo-growkit\/\">Mazatapec<\/a> und <a href=\"https:\/\/www.paddo.shop\/de\/mckennaii-paddo-growkit\/\">McKennaii<\/a> sind zum Beispiel \u00e4hnlich. Die Bedingung ist, dass Sie unsere Anweisungen sorgf\u00e4ltig befolgen. Wenn Sie das nicht tun, kann die Ernte entt\u00e4uschend sein oder ausfallen.<\/div>\n<div>\u00a0<\/div>\n<div>Viel Erfolg mit dem Anbau und wir freuen uns auf Ihren Ertrag!<\/div>\t\t\t\t\t\t\t\t<\/div>\n\t\t\t\t<\/div>\n\t\t\t\t\t<\/div>\n\t\t<\/div>\n\t\t\t\t\t<\/div>\n\t\t<\/section>\n\t\t\t\t<\/div>","protected":false},"excerpt":{"rendered":"<p>Anbau eines Champignonzucht-Kits Wie viel bringt ein Champignonzucht-Kit eigentlich ein? Diese Frage wird uns w\u00f6chentlich gestellt. Deshalb haben wir f\u00fcr Sie ein paar...<\/p>","protected":false},"author":2,"featured_media":0,"parent":0,"menu_order":0,"comment_status":"closed","ping_status":"closed","template":"","meta":{"_acf_changed":false,"footnotes":""},"class_list":["post-5661","page","type-page","status-publish","hentry"],"acf":[],"_links":{"self":[{"href":"https:\/\/www.paddo.shop\/de\/wp-json\/wp\/v2\/pages\/5661","targetHints":{"allow":["GET"]}}],"collection":[{"href":"https:\/\/www.paddo.shop\/de\/wp-json\/wp\/v2\/pages"}],"about":[{"href":"https:\/\/www.paddo.shop\/de\/wp-json\/wp\/v2\/types\/page"}],"author":[{"embeddable":true,"href":"https:\/\/www.paddo.shop\/de\/wp-json\/wp\/v2\/users\/2"}],"replies":[{"embeddable":true,"href":"https:\/\/www.paddo.shop\/de\/wp-json\/wp\/v2\/comments?post=5661"}],"version-history":[{"count":0,"href":"https:\/\/www.paddo.shop\/de\/wp-json\/wp\/v2\/pages\/5661\/revisions"}],"wp:attachment":[{"href":"https:\/\/www.paddo.shop\/de\/wp-json\/wp\/v2\/media?parent=5661"}],"curies":[{"name":"wp","href":"https:\/\/api.w.org\/{rel}","templated":true}]}}