{"id":3,"date":"2022-02-28T13:30:34","date_gmt":"2022-02-28T13:30:34","guid":{"rendered":"https:\/\/www.magictruffels.shop\/?page_id=3"},"modified":"2022-07-26T07:27:50","modified_gmt":"2022-07-26T07:27:50","slug":"privacybeleid","status":"publish","type":"page","link":"https:\/\/www.paddo.shop\/de\/privacybeleid\/","title":{"rendered":"Datenschutzbestimmungen"},"content":{"rendered":"<div data-elementor-type=\"wp-page\" data-elementor-id=\"3\" class=\"elementor elementor-3\" data-elementor-post-type=\"page\">\n\t\t\t\t\t\t<section class=\"elementor-section elementor-top-section elementor-element elementor-element-2ac4a4e2 elementor-section-boxed elementor-section-height-default elementor-section-height-default\" data-id=\"2ac4a4e2\" data-element_type=\"section\">\n\t\t\t\t\t\t<div class=\"elementor-container elementor-column-gap-default\">\n\t\t\t\t\t<div class=\"elementor-column elementor-col-100 elementor-top-column elementor-element elementor-element-2f36f339\" data-id=\"2f36f339\" data-element_type=\"column\">\n\t\t\t<div class=\"elementor-widget-wrap elementor-element-populated\">\n\t\t\t\t\t\t<div class=\"elementor-element elementor-element-75dac149 elementor-widget elementor-widget-text-editor\" data-id=\"75dac149\" data-element_type=\"widget\" data-widget_type=\"text-editor.default\">\n\t\t\t\t<div class=\"elementor-widget-container\">\n\t\t\t\t\t\t\t\t\t<p><\/p>\n<p><strong>PePePe B.V. \/ <a href=\"https:\/\/www.paddo.shop\/de\/\">https:\/\/www.paddo.shop\/<\/a><\/strong><\/p>\n<h2 class=\"wp-block-heading\">\u00dcBER UNSERE DATENSCHUTZPOLITIK<\/h2>\n<p>PePePe B.V. legt gro\u00dfen Wert auf Ihre Privatsph\u00e4re. Wir verarbeiten daher nur Daten, die wir f\u00fcr die (Verbesserung) unserer Dienstleistungen ben\u00f6tigen, und behandeln die Informationen, die wir \u00fcber Sie und Ihre Nutzung unserer Dienstleistungen gesammelt haben, mit Sorgfalt. Wir geben Ihre Daten niemals zu kommerziellen Zwecken an Dritte weiter.<\/p>\n<p>Diese Datenschutzbestimmungen gelten f\u00fcr die Nutzung der Website von PePePe B.V. und der dort angebotenen Dienste. Das Datum des Inkrafttretens dieser Bedingungen ist der 12.02.2020, mit der Ver\u00f6ffentlichung einer neuen Version erlischt die G\u00fcltigkeit aller vorherigen Versionen. Diese Datenschutzerkl\u00e4rung beschreibt, welche Daten \u00fcber Sie von uns erhoben werden, wof\u00fcr diese Daten verwendet werden und mit wem und unter welchen Bedingungen diese Daten gegebenenfalls an Dritte weitergegeben werden. Wir erl\u00e4utern Ihnen auch, wie wir Ihre Daten speichern und wie wir Ihre Daten vor Missbrauch sch\u00fctzen und welche Rechte Sie in Bezug auf die von Ihnen zur Verf\u00fcgung gestellten personenbezogenen Daten haben.<\/p>\n<p>Wenn Sie Fragen zu unserer Datenschutzpolitik haben, wenden Sie sich bitte an unseren Datenschutzbeauftragten, dessen Kontaktdaten Sie am Ende unserer Datenschutzpolitik finden.<\/p>\n<h2>ZUR DATENVERARBEITUNG<\/h2>\n<p>Im Folgenden k\u00f6nnen Sie nachlesen, wie wir Ihre Daten verarbeiten, wo wir sie speichern (lassen), welche Sicherheitstechniken wir einsetzen und f\u00fcr wen die Daten einsehbar sind.<\/p>\n<h2>WEBSHOP-SOFTWARE<\/h2>\n<h3>WORDPRESS \/ WOOCOMMERCE<\/h3>\n<p>Unser Online-Shop ist mit WordPress \/ Woocommerce-Software entwickelt. Pers\u00f6nliche Daten, die Sie uns f\u00fcr die Zwecke unserer Dienstleistung zur Verf\u00fcgung stellen, werden mit dieser Partei geteilt. MyOnlineStore hat Zugang zu Ihren Daten, um uns (technische) Unterst\u00fctzung zu geben, sie werden Ihre Daten niemals f\u00fcr andere Zwecke verwenden. WordPress \/ woocommerce ist gem\u00e4\u00df der Vereinbarung, die wir mit ihnen haben, verpflichtet, angemessene Sicherheitsma\u00dfnahmen zu ergreifen. WordPress \/ woocommerce verwendet Cookies, um technische Informationen \u00fcber Ihre Nutzung der Software zu sammeln, es werden keine pers\u00f6nlichen Daten gesammelt und\/oder gespeichert.<\/p>\n<h2>WEBHOSTING<\/h2>\n<h3>VIMEXX<\/h3>\n<p>Wir beziehen Webhosting- und E-Mail-Dienste von Vimexx. Vimexx verarbeitet personenbezogene Daten in unserem Auftrag und verwendet Ihre Daten nicht f\u00fcr eigene Zwecke. Allerdings kann diese Partei Metadaten \u00fcber die Nutzung der Dienste sammeln. Dabei handelt es sich nicht um personenbezogene Daten. Vimexx hat geeignete technische und organisatorische Ma\u00dfnahmen ergriffen, um den Verlust und die unberechtigte Nutzung Ihrer personenbezogenen Daten zu verhindern. Vimexx ist durch den Vertrag zur Geheimhaltung verpflichtet.<\/p>\n<h3>VIMEXX<\/h3>\n<p>Wir nutzen die Dienste von Vimexx f\u00fcr unseren regelm\u00e4\u00dfigen gesch\u00e4ftlichen E-Mail-Verkehr. Diese Partei hat<\/p>\n<p>geeignete technische und organisatorische Ma\u00dfnahmen, um Missbrauch, Verlust und Verf\u00e4lschung Ihrer und unserer Daten so weit wie m\u00f6glich zu verhindern. Vimexx hat keinen Zugang zu unserer Mailbox und wir behandeln unseren gesamten E-Mail-Verkehr vertraulich.<\/p>\n<h2>ZAHLUNGSABWICKLER<\/h2>\n<h3>PAY.DE<\/h3>\n<p>Wir verwenden die<\/p>\n<p>Zahlungsdienstleister Pay.nl. Pay.nl verarbeitet Ihren Namen, Ihre Adresse und Ihren Wohnort sowie Ihre Zahlungsdaten wie Ihre Bankverbindung oder Kreditkartennummer. Pay.nl hat angemessene technische und organisatorische Ma\u00dfnahmen zum Schutz Ihrer personenbezogenen Daten getroffen. Pay.nl beh\u00e4lt sich das Recht vor, Ihre Daten zur weiteren Verbesserung des Dienstes und in diesem Zusammenhang (anonymisierte) Daten mit Dritten zu nutzen.<\/p>\n<p>Teilen. Pay.co.uk-Anteile im Falle eines Antrags auf Zahlungsaufschub (Kreditfazilit\u00e4t)<\/p>\n<p>personenbezogene Daten und Auftragsdaten mit Post-Payment-Dienstleistern. Alle oben genannten Garantien hinsichtlich des Schutzes Ihrer pers\u00f6nlichen Daten gelten auch f\u00fcr die Teile der Dienstleistungen von Pay.nl, f\u00fcr die es Dritte einsetzt. Pay.nl bewahrt Ihre Daten nicht l\u00e4nger auf, als es die gesetzlichen Fristen erlauben.<\/p>\n<h2>BEWERTUNGEN<\/h2>\n<h3>WEBWORK<\/h3>\n<p>Wir sammeln Bewertungen \u00fcber die Plattform von WebwinkelKeur. Wenn Sie eine Bewertung \u00fcber WebwinkelKeur abgeben, m\u00fcssen Sie einen Namen und eine E-Mail-Adresse angeben. WebwinkelKeur teilt diese Informationen mit uns, damit wir die Bewertung mit Ihrer Bestellung verkn\u00fcpfen k\u00f6nnen. WebwinkelKeur ver\u00f6ffentlicht Ihren Namen auch auf seiner eigenen Website. In einigen F\u00e4llen kann WebwinkelKeur Sie kontaktieren, um Ihre Bewertung zu kommentieren. Falls wir Sie auffordern, eine Bewertung zu hinterlassen, teilen wir Ihren Namen und Ihre E-Mail-Adresse mit<\/p>\n<p>WebwinkelKeur. Sie verwenden diese Daten nur, um Sie einzuladen, eine Bewertung abzugeben. WebwinkelKeur hat geeignete technische und organisatorische Ma\u00dfnahmen zum Schutz Ihrer personenbezogenen Daten getroffen. WebwinkelKeur beh\u00e4lt sich das Recht vor, Dritte f\u00fcr die Erbringung von Dienstleistungen einzusetzen, f\u00fcr die wir WebwinkelKeur eine Genehmigung erteilt haben. Alle oben genannten Garantien hinsichtlich des Schutzes Ihrer pers\u00f6nlichen Daten gelten auch f\u00fcr die Teile der Dienstleistung, f\u00fcr die WebwinkelKeur Dritte einsetzt.<\/p>\n<h2><strong>VERSAND UND LOGISTIK<\/strong><\/h2>\n<h3>POSTNL<\/h3>\n<p>Wenn Sie bei uns eine Bestellung aufgeben, ist es unsere Aufgabe, Ihnen Ihr Paket zuzustellen. Wir nutzen die Dienste von PostNL, um die Lieferungen zu t\u00e4tigen. Dazu m\u00fcssen wir Ihren Namen, Ihre Adresse und Ihren Wohnort an PostNL weitergeben. PostNL verwendet diese Daten ausschlie\u00dflich zum Zweck der Vertragsdurchf\u00fchrung. Wenn PostNL Subunternehmer beauftragt, wird PostNL Ihre Daten auch diesen Parteien zur Verf\u00fcgung stellen.<\/p>\n<h3>DHL<\/h3>\n<p>Wenn Sie eine Bestellung bei uns aufgeben, ist es unsere Aufgabe, Ihr Paket zu Ihnen zu bringen. Wir nutzen die Dienste von DHL, um die Lieferungen durchzuf\u00fchren. Dazu m\u00fcssen wir Ihren Namen, Ihre Adresse und Ihren Wohnort an DHL weitergeben. DHL verwendet diese Daten nur zum Zweck der Vertragserf\u00fcllung. Wenn DHL Subunternehmer beauftragt, stellt DHL Ihre Daten auch diesen Parteien zur Verf\u00fcgung.<\/p>\n<h3>GLS<\/h3>\n<p>Wenn Sie bei uns eine Bestellung aufgeben, ist es unsere Aufgabe, Ihnen Ihr Paket zuzustellen. Wir nutzen die Dienste von GLS, um die Lieferungen durchzuf\u00fchren. Dazu m\u00fcssen wir Ihren Namen, Ihre Adresse und Ihren Wohnort an GLS weitergeben. GLS verwendet diese Daten nur zum Zweck der Vertragserf\u00fcllung. F\u00fcr den Fall, dass GLS Subunternehmer beauftragt, wird GLS Ihre Daten auch diesen Parteien zur Verf\u00fcgung stellen.<\/p>\n<h3>UPS<\/h3>\n<p>Wenn Sie bei uns eine Bestellung aufgeben, ist es unsere Aufgabe, Ihnen Ihr Paket zuzustellen. Wir nehmen die Dienste von [LIEFERANT] in Anspruch, um die Lieferungen auszuf\u00fchren. Dies erfordert, dass wir Ihren Namen, Ihre Adresse und Ihren Wohnsitz an UPS weitergeben. UPS verwendet diese Daten ausschlie\u00dflich zum Zweck der Ausf\u00fchrung des Vertrags. F\u00fcr den Fall, dass UPS Subunternehmer einsetzt, wird UPS Ihre Daten auch diesen Parteien zur Verf\u00fcgung stellen.<\/p>\n<h2>RECHNUNGSSTELLUNG UND BUCHHALTUNG<\/h2>\n<h3>WORDPRESS \/ WOOCOMMERCE<\/h3>\n<p>Wir verwenden WordPress \/ Woocommerce Dienste, um unsere Aufzeichnungen und Konten zu f\u00fchren. Wir teilen Ihren Namen, Ihre Adresse und Ihren Wohnsitz sowie Details zu Ihrer Bestellung. Diese Daten werden zur Verwaltung der Verkaufsrechnungen verwendet. Ihre pers\u00f6nlichen Daten werden sicher \u00fcbertragen und gespeichert. WordPress \/ woocommerce verpflichtet sich zur Vertraulichkeit und wird Ihre Daten vertraulich behandeln. WordPress \/ woocommerce wird Ihre pers\u00f6nlichen Daten nicht f\u00fcr andere als die oben beschriebenen Zwecke verwenden.<\/p>\n<h2>ZWECK DER DATENVERARBEITUNG<\/h2>\n<p>Wir verwenden Ihre Daten ausschlie\u00dflich f\u00fcr die Erbringung unserer Dienstleistungen. Das hei\u00dft, der Zweck der Verarbeitung steht immer in direktem Zusammenhang mit dem von Ihnen erteilten Auftrag. Wir verwenden Ihre Daten nicht f\u00fcr (gezieltes) Marketing. Wenn Sie uns Daten mitteilen und wir diese Daten verwenden, um Sie zu einem sp\u00e4teren Zeitpunkt - anders als auf Ihren Wunsch hin - zu kontaktieren, werden wir Sie um Ihre ausdr\u00fcckliche Erlaubnis bitten, dies zu tun. Ihre Daten werden nicht an Dritte weitergegeben, es sei denn, um buchhalterischen und anderen administrativen Verpflichtungen nachzukommen. Diese Dritten sind alle aufgrund einer Vereinbarung zwischen ihnen und uns oder aufgrund einer eidesstattlichen oder gesetzlichen Verpflichtung zur Vertraulichkeit verpflichtet.<\/p>\n<h2>AUTOMATISCH ERFASSTE DATEN<\/h2>\n<p>Die von unserer Website automatisch erhobenen Daten werden mit dem Ziel verarbeitet, unsere Dienstleistungen weiter zu verbessern. Diese Daten (z.B. Ihre IP-Adresse, Webbrowser und Betriebssystem) sind keine personenbezogenen Daten.<\/p>\n<h2>ZUSAMMENARBEIT BEI STEUER- UND STRAFERMITTLUNGEN<\/h2>\n<p>Gegebenenfalls kann PePePe B.V. gesetzlich verpflichtet sein, Ihre Daten im Zusammenhang mit staatlichen Steuer- oder Strafermittlungen weiterzugeben. In einem solchen Fall sind wir gezwungen, Ihre Daten weiterzugeben, aber wir werden uns im Rahmen der gesetzlichen M\u00f6glichkeiten wehren.<\/p>\n<h2>AUFBEWAHRUNGSFRISTEN<\/h2>\n<p>Wir bewahren Ihre Daten so lange auf, wie Sie unser Kunde sind. Das bedeutet, dass wir Ihr Kundenprofil so lange aufbewahren, bis Sie angeben, dass Sie unsere Dienste nicht mehr in Anspruch nehmen m\u00f6chten. Wenn Sie uns dies mitteilen, interpretieren wir dies auch als Antrag auf Vergessen. Aufgrund geltender verwaltungstechnischer Verpflichtungen sind wir verpflichtet, Rechnungen mit Ihren (personenbezogenen) Daten aufzubewahren, die wir daher so lange aufbewahren, wie die entsprechende Frist l\u00e4uft. Unsere Mitarbeiter haben jedoch keinen Zugriff mehr auf Ihr Kundenprofil und die Dokumente, die wir in Ihrem Auftrag erstellt haben.<\/p>\n<h2>IHRE RECHTE<\/h2>\n<p>Nach geltendem niederl\u00e4ndischem und europ\u00e4ischem Recht haben Sie als betroffene Person bestimmte Rechte in Bezug auf personenbezogene Daten, die von oder im Namen von uns verarbeitet werden. Wir erl\u00e4utern im Folgenden, welche Rechte dies sind und wie Sie diese Rechte geltend machen k\u00f6nnen. Um Missbrauch vorzubeugen, senden wir Kopien und Abschriften Ihrer Daten grunds\u00e4tzlich nur an Ihre uns bereits bekannte E-Mail Adresse. Falls Sie die Daten z. B. an eine andere E-Mail-Adresse oder per Post erhalten m\u00f6chten, bitten wir Sie, sich zu identifizieren. Wir f\u00fchren Aufzeichnungen \u00fcber erledigte Anfragen, im Falle einer vergessenen Anfrage verwalten wir anonymisierte Daten. Sie erhalten alle Kopien und Abschriften von Daten in dem maschinenlesbaren Datenformat, das wir in unseren Systemen verwenden. Sie haben jederzeit das Recht, eine Beschwerde bei der Datenschutzbeh\u00f6rde einzureichen, wenn Sie den Verdacht haben, dass wir Ihre personenbezogenen Daten nicht korrekt verwenden.<\/p>\n<h2>INSPEKTIERT<\/h2>\n<p>Sie haben jederzeit das Recht auf Einsicht in die Daten, die wir verarbeiten (oder verarbeitet haben) und die sich auf Ihre Person beziehen oder zu dieser zur\u00fcckverfolgt werden k\u00f6nnen. Sie k\u00f6nnen einen entsprechenden Antrag an unsere Kontaktperson f\u00fcr Datenschutzfragen stellen. Sie erhalten dann innerhalb von 30 Tagen eine Antwort auf Ihren Antrag. Wird Ihrem Antrag stattgegeben, senden wir Ihnen an die uns bekannte E-Mail-Adresse eine Kopie aller Daten mit einer Liste der Verarbeiter, die \u00fcber diese Daten verf\u00fcgen, unter Angabe der Kategorie, unter der wir diese Daten gespeichert haben.<\/p>\n<h2>RECHT AUF BERICHTIGUNG<\/h2>\n<p>Sie haben jederzeit das Recht auf Berichtigung der Daten, die wir verarbeiten (oder haben verarbeiten lassen) und die sich auf Ihre Person beziehen oder zu Ihnen zur\u00fcckverfolgt werden k\u00f6nnen. Sie k\u00f6nnen einen entsprechenden Antrag an unsere Kontaktperson f\u00fcr Datenschutzfragen stellen. Sie erhalten dann innerhalb von 30 Tagen eine Antwort auf Ihren Antrag. Wenn Ihrem Antrag stattgegeben wird, senden wir Ihnen an die uns bekannte E-Mail-Adresse eine Best\u00e4tigung, dass die Daten angepasst wurden.<\/p>\n<h2>RECHT AUF EINSCHR\u00c4NKUNG DER VERARBEITUNG<\/h2>\n<p>Sie haben jederzeit das Recht auf Einschr\u00e4nkung der Daten, die wir verarbeiten (oder verarbeiten lassen) und die sich auf Ihre Person beziehen oder auf sie zur\u00fcckgef\u00fchrt werden k\u00f6nnen. Sie k\u00f6nnen einen entsprechenden Antrag an unsere Kontaktperson f\u00fcr Datenschutzfragen stellen. Sie erhalten dann innerhalb von 30 Tagen eine Antwort auf Ihren Antrag. Wenn Ihrem Antrag stattgegeben wird, senden wir Ihnen an die uns bekannte E-Mail-Adresse eine Best\u00e4tigung, dass die Daten nicht mehr verarbeitet werden, bis Sie die Einschr\u00e4nkung aufheben.<\/p>\n<h2>RECHT AUF \u00dcBERTRAGBARKEIT<\/h2>\n<p>Sie haben jederzeit das Recht, dass die Daten, die wir verarbeiten (oder verarbeiten lassen) und die sich auf Ihre Person beziehen oder zu Ihnen zur\u00fcckverfolgt werden k\u00f6nnen, von einer anderen Partei verarbeitet werden. Sie k\u00f6nnen einen entsprechenden Antrag an unsere Kontaktperson f\u00fcr Datenschutzfragen stellen. Sie erhalten dann innerhalb von 30 Tagen eine Antwort auf Ihren Antrag. Wenn Ihrem Antrag stattgegeben wird, senden wir Ihnen an die uns bekannte E-Mail-Adresse Kopien oder Abschriften aller Daten \u00fcber Sie, die wir verarbeitet haben oder in unserem Auftrag von anderen Auftragsverarbeitern oder Dritten verarbeiten lie\u00dfen. Aller Wahrscheinlichkeit nach k\u00f6nnen wir in einem solchen Fall unsere Dienstleistungen nicht mehr erbringen, da die sichere Verbindung von Dateien nicht mehr gew\u00e4hrleistet werden kann.<\/p>\n<h2>WIDERSPRUCHSRECHT UND ANDERE RECHTE<\/h2>\n<p>Sie haben das Recht, der Verarbeitung Ihrer personenbezogenen Daten durch oder im Namen von PePePe B.V. in geeigneten F\u00e4llen zu widersprechen. Wenn Sie Widerspruch einlegen, werden wir die Datenverarbeitung unverz\u00fcglich einstellen, bis Ihr Widerspruch bearbeitet ist. Wenn Ihr Widerspruch begr\u00fcndet ist, werden wir Ihnen Kopien und\/oder Abschriften der Daten, die wir verarbeiten (oder verarbeitet haben), zur Verf\u00fcgung stellen und danach die Verarbeitung endg\u00fcltig einstellen. Sie haben auch das Recht, nicht einer automatisierten individuellen Entscheidungsfindung oder einem Profiling unterworfen zu werden. Wir verarbeiten Ihre Daten nicht in einer Weise, auf die dieses Recht Anwendung findet. Wenn Sie der Meinung sind, dass dies der Fall ist, wenden Sie sich bitte an unsere Kontaktperson f\u00fcr Datenschutzfragen.<\/p>\n<h2>COOKIES<\/h2>\n<h2>GOOGLE-ANALYSEN<\/h2>\n<p>Auf unserer Website werden im Rahmen des Dienstes \"Analytics\" Cookies von dem US-amerikanischen Unternehmen Google gesetzt.<\/p>\n<p>Wir nutzen diesen Dienst, um zu verfolgen und Berichte dar\u00fcber zu erhalten, wie Besucher die Website nutzen. Dieser Auftragsverarbeiter kann durch geltende Gesetze und Vorschriften verpflichtet sein, Zugang zu diesen Daten zu gew\u00e4hren. Wir sammeln Informationen \u00fcber Ihr Browsing-Verhalten und teilen diese Daten mit Google. Google kann diese Informationen in Verbindung mit anderen Datens\u00e4tzen interpretieren und so Ihre Bewegungen im Internet verfolgen. Google nutzt diese Informationen unter anderem, um gezielte Werbung (Adwords) und andere Dienste und Produkte von Google anzubieten.<\/p>\n<h2>DRITTANBIETER-COOKIES<\/h2>\n<p>Falls Softwarel\u00f6sungen von Drittanbietern Cookies verwenden, wird dies in dieser Datenschutzerkl\u00e4rung erw\u00e4hnt.<\/p>\n<h2>\u00c4NDERUNGEN AN DER DATENSCHUTZPOLITIK<\/h2>\n<p>Wir behalten uns das Recht vor, unsere Datenschutzpolitik jederzeit zu \u00e4ndern. Sie finden jedoch immer die aktuellste Version auf dieser Seite. Sollte sich die neue Datenschutzrichtlinie auf die Art und Weise auswirken, wie wir bereits \u00fcber Sie erhobene Daten verarbeiten, werden wir Sie per E-Mail benachrichtigen.<\/p>\n<h2>KONTAKTINFORMATIONEN<\/h2>\n<p><strong>PePePe B.V. \/ <a href=\"https:\/\/www.paddo.shop\/de\/\">https:\/\/www.paddo.shop\/<\/a><\/strong><\/p>\n<p>Sulky 6 J<br \/>3897AJ<br \/>Zeewolde<br \/>Niederlande<\/p>\n<p><strong>T<\/strong>\u00a0(085) 016-0877<br \/><strong>E<\/strong> info@paddo.shop<\/p>\n<h2>KONTAKTPERSON F\u00dcR DATENSCHUTZFRAGEN<\/h2>\n<p class=\"p4\">Nick (Abteilung Datenschutz)<br \/>info@paddo.shop<\/p>\n<p><\/p>\t\t\t\t\t\t\t\t<\/div>\n\t\t\t\t<\/div>\n\t\t\t\t\t<\/div>\n\t\t<\/div>\n\t\t\t\t\t<\/div>\n\t\t<\/section>\n\t\t\t\t<\/div>","protected":false},"excerpt":{"rendered":"<p>PePePe B.V. \/ https:\/\/www.paddo.shop\/ OVER ONS PRIVACYBELEID PePePe B.V. geeft veel om uw privacy. Wij verwerken daarom uitsluitend gegevens die wij nodig hebben voor (het&#8230;<\/p>","protected":false},"author":1,"featured_media":0,"parent":0,"menu_order":0,"comment_status":"closed","ping_status":"open","template":"","meta":{"_acf_changed":false,"footnotes":""},"class_list":["post-3","page","type-page","status-publish","hentry"],"acf":[],"_links":{"self":[{"href":"https:\/\/www.paddo.shop\/de\/wp-json\/wp\/v2\/pages\/3","targetHints":{"allow":["GET"]}}],"collection":[{"href":"https:\/\/www.paddo.shop\/de\/wp-json\/wp\/v2\/pages"}],"about":[{"href":"https:\/\/www.paddo.shop\/de\/wp-json\/wp\/v2\/types\/page"}],"author":[{"embeddable":true,"href":"https:\/\/www.paddo.shop\/de\/wp-json\/wp\/v2\/users\/1"}],"replies":[{"embeddable":true,"href":"https:\/\/www.paddo.shop\/de\/wp-json\/wp\/v2\/comments?post=3"}],"version-history":[{"count":0,"href":"https:\/\/www.paddo.shop\/de\/wp-json\/wp\/v2\/pages\/3\/revisions"}],"wp:attachment":[{"href":"https:\/\/www.paddo.shop\/de\/wp-json\/wp\/v2\/media?parent=3"}],"curies":[{"name":"wp","href":"https:\/\/api.w.org\/{rel}","templated":true}]}}