{"id":26,"date":"2022-02-28T15:02:52","date_gmt":"2022-02-28T15:02:52","guid":{"rendered":"https:\/\/www.magictruffels.shop\/?page_id=26"},"modified":"2024-09-25T13:09:58","modified_gmt":"2024-09-25T11:09:58","slug":"verzending","status":"publish","type":"page","link":"https:\/\/www.paddo.shop\/de\/verzending\/","title":{"rendered":"Versand"},"content":{"rendered":"<div data-elementor-type=\"wp-page\" data-elementor-id=\"26\" class=\"elementor elementor-26\" data-elementor-post-type=\"page\">\n\t\t\t\t\t\t<section class=\"elementor-section elementor-top-section elementor-element elementor-element-757a2578 elementor-section-boxed elementor-section-height-default elementor-section-height-default\" data-id=\"757a2578\" data-element_type=\"section\" data-e-type=\"section\">\n\t\t\t\t\t\t<div class=\"elementor-container elementor-column-gap-default\">\n\t\t\t\t\t<div class=\"elementor-column elementor-col-100 elementor-top-column elementor-element elementor-element-6423ad67\" data-id=\"6423ad67\" data-element_type=\"column\" data-e-type=\"column\">\n\t\t\t<div class=\"elementor-widget-wrap elementor-element-populated\">\n\t\t\t\t\t\t<div class=\"elementor-element elementor-element-37d0e839 elementor-widget elementor-widget-text-editor\" data-id=\"37d0e839\" data-element_type=\"widget\" data-e-type=\"widget\" data-widget_type=\"text-editor.default\">\n\t\t\t\t<div class=\"elementor-widget-container\">\n\t\t\t\t\t\t\t\t\t<p><\/p>\n<h2><b>DISKRETER VERSAND<\/b><\/h2>\n<p><a href=\"https:\/\/www.paddo.shop\/de\/\">Paddo.shop<\/a> legt Wert auf Ihre Privatsph\u00e4re, deshalb sind alle Ihre Eink\u00e4ufe so unauff\u00e4llig wie m\u00f6glich verpackt. Keine Logos und kein Hinweis auf den Inhalt. Erwarten Sie, dass Ihr Paket in einem schlichten, stabilen Karton ankommt, der mit einem einfachen, aber stabilen Klebeband abgedeckt ist. Wenn Ihre Bestellung sehr klein ist, schicken wir sie in einem diskreten braunen oder wei\u00dfen gepolsterten Umschlag.&nbsp;<\/p>\n<p>Das Einzige, was auf Ihrem Karton\/Umschlag zu sehen sein wird, ist Ihr Versandetikett (je nach verwendetem Dienst).<\/p>\n<p>Auf diese Weise k\u00f6nnen Sie sicher sein, dass nur Sie sich \u00fcber das Paket freuen, das Sie erhalten, und alle anderen ein langweiliges Paket sehen, ohne einen Hinweis darauf, woher es kommt.<\/p>\n<h2>Liefern Sie auch in mein Land?<\/h2>\n<p>Wir liefern in die meisten EU-L\u00e4nder. Diese finden Sie in der untenstehenden Tabelle. Wir versenden alle unsere EU-Pakete mit DHL, DPD oder PostNL, je nach Region. Auf diese Weise k\u00f6nnen wir Ihnen den bestm\u00f6glichen Service bieten. Sie erhalten immer einen Track-and-Trace-Code, mit dem Sie Ihr Paket von T\u00fcr zu T\u00fcr verfolgen k\u00f6nnen.<\/p>\n<h2>Wie hoch sind die Versandkosten?<\/h2>\n<table class=\"tblcal;\">\n<tbody>\n<tr style=\"background-color: #a9a9a9; color: white;\">\n<th class=\"tblcall\">Land<\/th>\n<th class=\"tblcalll\">Kosten f\u00fcr den Versand<\/th>\n<th class=\"tblcallll\">Lieferfrist<\/th>\n<th class=\"tblcalllll\" style=\"text-align: left;\">Frei von<\/th>\n<\/tr>\n<tr>\n<td>Niederlande<\/td>\n<td>\u20ac6,95<\/td>\n<td>1 - 2 Tage<\/td>\n<td style=\"text-align: left;\">\u20ac25,-<\/td>\n<\/tr>\n<tr>\n<td>Belgien<\/td>\n<td>\u20ac7,95<\/td>\n<td>1 - 2 Tage<\/td>\n<td style=\"text-align: left;\">\u20ac50,-<\/td>\n<\/tr>\n<tr>\n<td>Bulgarien<\/td>\n<td>\u20ac22,95<\/td>\n<td>6 - 8 Tage<\/td>\n<td style=\"text-align: left;\">\u20ac125,-<\/td>\n<\/tr>\n<tr>\n<td>Deutschland<\/td>\n<td>\u20ac7,95<\/td>\n<td>1 - 3 Tage<\/td>\n<td style=\"text-align: left;\">\u20ac125,-<\/td>\n<\/tr>\n<tr>\n<td>Estland<\/td>\n<td>\u20ac17,95<\/td>\n<td>4 - 6 Tage<\/td>\n<td style=\"text-align: left;\">\u20ac125,-<\/td>\n<\/tr>\n<tr>\n<td>Frankreich<\/td>\n<td>\u20ac12,95<\/td>\n<td>2 - 3 Tage<\/td>\n<td style=\"text-align: left;\">\u20ac125,-<\/td>\n<\/tr>\n<tr>\n<td>Griechenland<\/td>\n<td>\u20ac23,95<\/td>\n<td>6 - 8 Tage<\/td>\n<td style=\"text-align: left;\">\u20ac125,-<\/td>\n<\/tr>\n<tr>\n<td>Irland<\/td>\n<td>\u20ac19,95<\/td>\n<td>3 - 4 Tage<\/td>\n<td style=\"text-align: left;\">\u20ac125,-<\/td>\n<\/tr>\n<tr>\n<td>Italien<\/td>\n<td>\u20ac17,95<\/td>\n<td>2 - 4 Tage<\/td>\n<td style=\"text-align: left;\">\u20ac125,-<\/td>\n<\/tr>\n<tr>\n<td>Kroatien<\/td>\n<td>\u20ac18,95<\/td>\n<td>3 - 5 Tage<\/td>\n<td style=\"text-align: left;\">\u20ac125,-<\/td>\n<\/tr>\n<tr>\n<td>Lettland<\/td>\n<td>\u20ac14,95<\/td>\n<td>3 - 5 Tage<\/td>\n<td style=\"text-align: left;\">\u20ac125,-<\/td>\n<\/tr>\n<tr>\n<td>Litauen<\/td>\n<td>\u20ac21,95<\/td>\n<td>3 - 5 Tage<\/td>\n<td style=\"text-align: left;\">\u20ac125,-<\/td>\n<\/tr>\n<tr>\n<td>Luxemburg<\/td>\n<td>\u20ac11,95<\/td>\n<td>1 - 2 Tage<\/td>\n<td style=\"text-align: left;\">\u20ac125,-<\/td>\n<\/tr>\n<tr>\n<td>\u00d6sterreich<\/td>\n<td>\u20ac11,95<\/td>\n<td>2 - 3 Tage<\/td>\n<td style=\"text-align: left;\">\u20ac125,-<\/td>\n<\/tr>\n<tr>\n<td>Polen<\/td>\n<td>\u20ac15,95<\/td>\n<td>2 - 3 Tage<\/td>\n<td style=\"text-align: left;\">\u20ac125,-<\/td>\n<\/tr>\n<tr>\n<td>Portugal<\/td>\n<td>\u20ac20,95<\/td>\n<td>3 - 4 Tage<\/td>\n<td style=\"text-align: left;\">\u20ac125,-<\/td>\n<\/tr>\n<tr>\n<td>Rum\u00e4nien<\/td>\n<td>\u20ac18,95<\/td>\n<td>3 - 5 Tage<\/td>\n<td style=\"text-align: left;\">\u20ac125,-<\/td>\n<\/tr>\n<tr>\n<td>Slowenien<\/td>\n<td>\u20ac17,95<\/td>\n<td>2 - 3 Tage<\/td>\n<td style=\"text-align: left;\">\u20ac125,-<\/td>\n<\/tr>\n<tr>\n<td>Slowakei<\/td>\n<td>\u20ac16,95<\/td>\n<td>3 - 5 Tage<\/td>\n<td style=\"text-align: left;\">\u20ac125,-<\/td>\n<\/tr>\n<tr>\n<td>Spanien<\/td>\n<td>\u20ac17,95<\/td>\n<td>2 - 3 Tage<\/td>\n<td style=\"text-align: left;\">\u20ac125,-<\/td>\n<\/tr>\n<tr>\n<td>Tschechische Republik<\/td>\n<td>\u20ac15,95<\/td>\n<td>2 - 4 Tage<\/td>\n<td style=\"text-align: left;\">\u20ac125,-<\/td>\n<\/tr>\n<\/tbody>\n<\/table>\n<p style=\"font-size: 14px;\">* Schwer zug\u00e4ngliche Gebiete wie Inseln oder andere abgelegene Regionen kosten aufgrund zus\u00e4tzlicher Transportkosten etwa 20 \u20ac mehr.<\/p>\n<p style=\"font-size: 14px;\">Bitte beachten Sie: Wir versuchen, alle Bestellungen innerhalb von 1 Werktag zu versenden, alle Lieferzeiten sind gesch\u00e4tzte Lieferzeiten und k\u00f6nnen aufgrund von Verkehr und Feiertagen variieren.<\/p>\t\t\t\t\t\t\t\t<\/div>\n\t\t\t\t<\/div>\n\t\t\t\t\t<\/div>\n\t\t<\/div>\n\t\t\t\t\t<\/div>\n\t\t<\/section>\n\t\t\t\t<\/div>","protected":false},"excerpt":{"rendered":"<p>DISKRETE VERSAND Paddo.shop sch\u00e4tzt Ihre Privatsph\u00e4re, weshalb alle Ihre Eink\u00e4ufe so unauff\u00e4llig wie m\u00f6glich verpackt werden. Keine Logos und kein Hinweis darauf, was...<\/p>","protected":false},"author":1,"featured_media":0,"parent":0,"menu_order":0,"comment_status":"closed","ping_status":"closed","template":"","meta":{"_acf_changed":false,"footnotes":""},"class_list":["post-26","page","type-page","status-publish","hentry"],"acf":[],"_links":{"self":[{"href":"https:\/\/www.paddo.shop\/de\/wp-json\/wp\/v2\/pages\/26","targetHints":{"allow":["GET"]}}],"collection":[{"href":"https:\/\/www.paddo.shop\/de\/wp-json\/wp\/v2\/pages"}],"about":[{"href":"https:\/\/www.paddo.shop\/de\/wp-json\/wp\/v2\/types\/page"}],"author":[{"embeddable":true,"href":"https:\/\/www.paddo.shop\/de\/wp-json\/wp\/v2\/users\/1"}],"replies":[{"embeddable":true,"href":"https:\/\/www.paddo.shop\/de\/wp-json\/wp\/v2\/comments?post=26"}],"version-history":[{"count":0,"href":"https:\/\/www.paddo.shop\/de\/wp-json\/wp\/v2\/pages\/26\/revisions"}],"wp:attachment":[{"href":"https:\/\/www.paddo.shop\/de\/wp-json\/wp\/v2\/media?parent=26"}],"curies":[{"name":"wp","href":"https:\/\/api.w.org\/{rel}","templated":true}]}}