{"id":1616,"date":"2022-03-04T13:34:34","date_gmt":"2022-03-04T13:34:34","guid":{"rendered":"https:\/\/www.magictruffels.shop\/?page_id=1616"},"modified":"2022-03-14T09:28:21","modified_gmt":"2022-03-14T09:28:21","slug":"retourneren","status":"publish","type":"page","link":"https:\/\/www.paddo.shop\/de\/retourneren\/","title":{"rendered":"R\u00fcckkehr"},"content":{"rendered":"<div data-elementor-type=\"wp-page\" data-elementor-id=\"1616\" class=\"elementor elementor-1616\" data-elementor-post-type=\"page\">\n\t\t\t\t\t\t<section class=\"elementor-section elementor-top-section elementor-element elementor-element-e585a9c elementor-section-boxed elementor-section-height-default elementor-section-height-default\" data-id=\"e585a9c\" data-element_type=\"section\" data-e-type=\"section\">\n\t\t\t\t\t\t<div class=\"elementor-container elementor-column-gap-default\">\n\t\t\t\t\t<div class=\"elementor-column elementor-col-100 elementor-top-column elementor-element elementor-element-c9480d9\" data-id=\"c9480d9\" data-element_type=\"column\" data-e-type=\"column\">\n\t\t\t<div class=\"elementor-widget-wrap elementor-element-populated\">\n\t\t\t\t\t\t<div class=\"elementor-element elementor-element-4b3dab5 elementor-widget elementor-widget-text-editor\" data-id=\"4b3dab5\" data-element_type=\"widget\" data-e-type=\"widget\" data-widget_type=\"text-editor.default\">\n\t\t\t\t<div class=\"elementor-widget-container\">\n\t\t\t\t\t\t\t\t\t<h2><strong>UNSERE R\u00dcCKGABEPOLITIK:<\/strong><\/h2><p>Unter <a href=\"\/de\/\">magictruffles.shop<\/a> Sie haben das gesetzliche Recht, ein Produkt innerhalb von 14 Tagen nach Erhalt ohne Angabe von Gr\u00fcnden zur R\u00fcckgabe zu melden. Nach dieser Meldung haben Sie noch einmal 14 Tage Zeit, um die Ware tats\u00e4chlich zur\u00fcckzusenden. Wenn Sie von Ihrem R\u00fcckgaberecht Gebrauch machen, erhalten Sie den gesamten Bestellbetrag inklusive Versandkosten innerhalb von 14 Tagen nach der R\u00fccksendemeldung auf Ihr Konto zur\u00fcck.<\/p><p><strong>Alle anfallenden R\u00fccksendekosten gehen zu Ihren eigenen Lasten.<\/strong><\/p><p>Sie tragen die alleinige Verantwortung f\u00fcr jegliche Wertminderung des Produkts\/der Produkte, die sich aus der Handhabung oder Verwendung der Waren ergibt, die \u00fcber das hinausgeht, was zur Feststellung der Art, der Eigenschaften und der Funktionsweise der Waren erforderlich ist.<\/p><p>Einige Produkte (z. B. Bongs, Pfeifen, Verdampfer und \u00e4hnliche Produkte) sind vom Widerrufsrecht ausgeschlossen, wenn sie nach der Lieferung entsiegelt und\/oder benutzt wurden. Nach dem Brechen des Siegels sind diese Produkte aus gesundheitlichen und hygienischen Gr\u00fcnden nicht mehr zur R\u00fcckgabe geeignet. Auch verderbliche Waren (wie Tr\u00fcffel, Sporen und Grow-Kits) k\u00f6nnen nicht zur\u00fcckgegeben werden. Wenn Sie jedoch mit einem verderblichen Produkt nicht zufrieden sind, wenden Sie sich bitte an unseren Kundendienst. Wir werden gerne mit Ihnen zusammenarbeiten, um eine L\u00f6sung zu finden.<\/p><p>Um eine R\u00fccksendung zu veranlassen, kontaktieren Sie uns bitte unter info@magictruffels.shop. Wenn Ihre R\u00fccksendung akzeptiert wird, senden wir Ihnen ein R\u00fccksendeetikett sowie Anweisungen, wie und wohin Sie Ihr Paket schicken sollen. Artikel, die an uns zur\u00fcckgeschickt werden, ohne dass zuvor ein R\u00fcckgabeantrag gestellt wurde, werden nicht angenommen.<\/p><p>F\u00fcr R\u00fccksendungen k\u00f6nnen Sie uns jederzeit unter info@magictruffels.shop kontaktieren.<\/p><h2><b>SCH\u00c4DEN UND PROBLEME<\/b><\/h2><p>Bitte \u00fcberpr\u00fcfen Sie Ihre Bestellung bei Erhalt und kontaktieren Sie uns sofort, wenn der Artikel fehlerhaft oder besch\u00e4digt ist oder wenn Sie den falschen Artikel erhalten haben, damit wir das Problem beurteilen und l\u00f6sen k\u00f6nnen.<\/p><h2><b>AUSNAHMEN \/ NICHT UMTAUSCHBARE ARTIKEL<\/b><\/h2><p>Bestimmte Artikel k\u00f6nnen nicht zur\u00fcckgegeben werden, z. B. verderbliche Waren (wie Lebensmittel, Blumen oder Pflanzen), kundenspezifische Produkte (wie Sonderbestellungen oder personalisierte Artikel) und pers\u00f6nliche Pflegeartikel (wie Kosmetikartikel). Wir nehmen auch keine R\u00fccksendungen von Gefahrgut, brennbaren Fl\u00fcssigkeiten oder Gasen an. Bitte kontaktieren Sie uns, wenn Sie Fragen oder Bedenken zu Ihrem speziellen Artikel haben.<\/p><h2>UPDATE<\/h2><p>Der schnellste Weg, um sicherzustellen, dass Sie bekommen, was Sie wollen, ist die R\u00fcckgabe des Artikels, den Sie haben, und wenn die R\u00fcckgabe akzeptiert wird, machen Sie einen separaten Kauf f\u00fcr den neuen Artikel.<\/p><h2><b>R\u00dcCKZAHLUNGEN<\/b><\/h2><p>Wir werden Sie benachrichtigen, sobald wir Ihre R\u00fccksendung erhalten und gepr\u00fcft haben, und Ihnen mitteilen, ob die Erstattung genehmigt wurde oder nicht. Wenn dies der Fall ist, erhalten Sie automatisch eine R\u00fcckerstattung auf Ihre urspr\u00fcngliche Zahlungsmethode. Denken Sie daran, dass es einige Zeit dauern kann, bis Ihre Bank oder Ihr Kreditkartenunternehmen die Erstattung bearbeitet und verbucht hat.<\/p><h2><b>R\u00dcCKGABEDATEN<\/b><\/h2><p>Magictruffles.shop<br \/>PePePe BV<br \/>Sulky 6 J<br \/>Zeewolde<br \/>3897AJ<\/p><p>HANDELSKAMMER: 34236211<br \/>MEHRWERTSTEUER: NL815030411B01<\/p><p>Rufnummer: 085-0160877<\/p>\t\t\t\t\t\t\t\t<\/div>\n\t\t\t\t<\/div>\n\t\t\t\t\t<\/div>\n\t\t<\/div>\n\t\t\t\t\t<\/div>\n\t\t<\/section>\n\t\t\t\t<\/div>","protected":false},"excerpt":{"rendered":"<p>UNSER R\u00dcCKGABEVERFAHREN: Bei magictruffels.shop haben Sie das gesetzliche Recht, ein Produkt innerhalb von 14 Tagen nach Erhalt ohne Angabe von Gr\u00fcnden zur\u00fcckzugeben...<\/p>","protected":false},"author":2,"featured_media":0,"parent":0,"menu_order":0,"comment_status":"closed","ping_status":"closed","template":"","meta":{"_acf_changed":false,"footnotes":""},"class_list":["post-1616","page","type-page","status-publish","hentry"],"acf":[],"_links":{"self":[{"href":"https:\/\/www.paddo.shop\/de\/wp-json\/wp\/v2\/pages\/1616","targetHints":{"allow":["GET"]}}],"collection":[{"href":"https:\/\/www.paddo.shop\/de\/wp-json\/wp\/v2\/pages"}],"about":[{"href":"https:\/\/www.paddo.shop\/de\/wp-json\/wp\/v2\/types\/page"}],"author":[{"embeddable":true,"href":"https:\/\/www.paddo.shop\/de\/wp-json\/wp\/v2\/users\/2"}],"replies":[{"embeddable":true,"href":"https:\/\/www.paddo.shop\/de\/wp-json\/wp\/v2\/comments?post=1616"}],"version-history":[{"count":0,"href":"https:\/\/www.paddo.shop\/de\/wp-json\/wp\/v2\/pages\/1616\/revisions"}],"wp:attachment":[{"href":"https:\/\/www.paddo.shop\/de\/wp-json\/wp\/v2\/media?parent=1616"}],"curies":[{"name":"wp","href":"https:\/\/api.w.org\/{rel}","templated":true}]}}