{"id":5250,"date":"2022-07-20T09:17:06","date_gmt":"2022-07-20T09:17:06","guid":{"rendered":"https:\/\/www.paddo.shop\/?post_type=product&#038;p=5250"},"modified":"2024-05-10T11:36:29","modified_gmt":"2024-05-10T09:36:29","slug":"hawaiian-copelandia-paddo-growkit","status":"publish","type":"product","link":"https:\/\/www.paddo.shop\/cs\/hawaiian-copelandia-paddo-growkit\/","title":{"rendered":"Hawaiian Copelandia Cyanescens Paddo Growkit"},"content":{"rendered":"<h2><strong>Koupit Hawaiian Copelandia Cyanescens Paddo Growkit<\/strong><\/h2>\n<p><span style=\"font-weight: 400;\">Pokud si chcete koupit p\u011bstebn\u00ed sady, jste na spr\u00e1vn\u00e9m m\u00edst\u011b. V na\u0161em obchod\u011b najdete pouze spolehliv\u00e9 a \u00fa\u010dinn\u00e9 p\u011bstebn\u00ed soupravy. Vyr\u00e1b\u00ed je nizozemsk\u00e1 spole\u010dnost McSmart. Tato spole\u010dnost je mezin\u00e1rodn\u011b zn\u00e1m\u00e1 jako jedna z nejrenomovan\u011bj\u0161\u00edch firem v oblasti magick\u00fdch lan\u00fd\u017e\u016f a sad pro p\u011bstov\u00e1n\u00ed magick\u00fdch hub. Pokud tedy budete postupovat podle p\u0159ilo\u017een\u00e9ho n\u00e1vodu, m\u016f\u017eete se v\u017edy spolehnout na minim\u00e1ln\u011b jeden dobr\u00fd v\u00fdplach (sklize\u0148) psychedelick\u00fdch hub, ale v mnoha p\u0159\u00edpadech m\u016f\u017eete p\u011bstebn\u00ed soupravu nastavit i n\u011bkolikr\u00e1t!<\/span><\/p>\n<p><span style=\"font-weight: 400;\">Kdy\u017e si dnes objedn\u00e1te Hawaiian Copelandia Cyanescens Paddo Growkit, obdr\u017e\u00edte ho dom\u016f zcela diskr\u00e9tn\u011b b\u011bhem n\u011bkolika dn\u00ed.<\/span><\/p>\n<p><img loading=\"lazy\" decoding=\"async\" class=\"alignnone size-medium wp-image-5626\" src=\"https:\/\/www.paddo.shop\/wp-content\/uploads\/2022\/07\/Copelandia-Hawaiian-kit-300x238.jpg\" alt=\"Souprava Copelandia Hawaiian\" width=\"300\" height=\"238\" srcset=\"https:\/\/www.paddo.shop\/wp-content\/uploads\/2022\/07\/Copelandia-Hawaiian-kit-300x238.jpg 300w, https:\/\/www.paddo.shop\/wp-content\/uploads\/2022\/07\/Copelandia-Hawaiian-kit-768x610.jpg 768w, https:\/\/www.paddo.shop\/wp-content\/uploads\/2022\/07\/Copelandia-Hawaiian-kit-1x1.jpg 1w, https:\/\/www.paddo.shop\/wp-content\/uploads\/2022\/07\/Copelandia-Hawaiian-kit-10x8.jpg 10w, https:\/\/www.paddo.shop\/wp-content\/uploads\/2022\/07\/Copelandia-Hawaiian-kit-600x476.jpg 600w, https:\/\/www.paddo.shop\/wp-content\/uploads\/2022\/07\/Copelandia-Hawaiian-kit.jpg 800w\" sizes=\"auto, (max-width: 300px) 100vw, 300px\" \/><\/p>\n<h3><strong>Co obsahuje Hawaiian Copelandia Cyanescens Paddo Growkit<\/strong><\/h3>\n<p><span style=\"font-weight: 400;\">Ka\u017ed\u00e1 houba Hawaiian Copelandia Cyanescens Growkit obsahuje v\u0161e pot\u0159ebn\u00e9 k vyp\u011bstov\u00e1n\u00ed vlastn\u00edch magick\u00fdch hub Hawaiian. Balen\u00ed obsahuje: 1 p\u011bstebn\u00ed n\u00e1dobu p\u0159ipravenou k pou\u017eit\u00ed s aktivn\u00edm myceliem, p\u011bstebn\u00ed s\u00e1\u010dek s filtry, 2 klipy k uzav\u0159en\u00ed s\u00e1\u010dku a let\u00e1k s n\u00e1vodem. V\u0161e, co mus\u00edte ud\u011blat sami, je p\u0159idat vodu a trochu l\u00e1sky. V z\u00e1vislosti na dostupnosti pojme 1 velk\u00fd nebo 2 mal\u00e9 z\u00e1sobn\u00edky s \u010dernou zeminou.<\/span><\/p>\n<h3><strong>Jak siln\u00e9 jsou <\/strong><strong>Hawaiian<\/strong><strong> kouzeln\u00e9 houbi\u010dky?<\/strong><\/h3>\n<p><span style=\"font-weight: 400;\">N\u00ed\u017ee najdete kouzeln\u00e9 lan\u00fd\u017ee z na\u0161\u00ed nab\u00eddky se\u0159azen\u00e9 podle psychedelick\u00e9 s\u00edly. Jsou se\u0159azeny od siln\u00fdch po m\u00edrn\u00e9. M\u016f\u017eete tak p\u0159esn\u011b vid\u011bt, jak si magick\u00e9 houby Mexican stoj\u00ed v porovn\u00e1n\u00ed s ostatn\u00edmi.<\/span><\/p>\n<p><a href=\"https:\/\/www.paddo.shop\/cs\/mckennaii-paddo-growkit\/\"><span style=\"font-weight: 400;\">McKennaii<\/span><span style=\"font-weight: 400;\"><br \/>\n<\/span><\/a><a href=\"https:\/\/www.paddo.shop\/cs\/hawaiian-copelandia-paddo-growkit\/\"><span style=\"font-weight: 400;\">Hawaiian Copelandia<\/span><span style=\"font-weight: 400;\"><br \/>\n<\/span><\/a><a href=\"https:\/\/www.paddo.shop\/cs\/golden-teacher-paddo-growkit\/\"><span style=\"font-weight: 400;\">Golden Teacher<\/span><span style=\"font-weight: 400;\"><br \/>\n<\/span><\/a><a href=\"https:\/\/www.paddo.shop\/cs\/mazatapec-paddo-growkit\/\"><span style=\"font-weight: 400;\">Mazatapec<\/span><span style=\"font-weight: 400;\"><br \/>\n<\/span><\/a><a href=\"https:\/\/www.paddo.shop\/cs\/colombian-paddo-growkit\/\"><span style=\"font-weight: 400;\">Colombian Paddo<\/span><span style=\"font-weight: 400;\"><br \/>\n<\/span><\/a><a href=\"https:\/\/www.paddo.shop\/cs\/cambodian-paddo-growkit\/\"><span style=\"font-weight: 400;\">Cambodian Paddo<\/span><span style=\"font-weight: 400;\"><br \/>\n<\/span><\/a><a href=\"https:\/\/www.paddo.shop\/cs\/ecuadorian-paddo-growkit\/\"><span style=\"font-weight: 400;\">Ecuadorian Paddo<\/span><span style=\"font-weight: 400;\"><br \/>\n<\/span><\/a><a href=\"https:\/\/www.paddo.shop\/cs\/mexican-paddo-growkit\/\"><span style=\"font-weight: 400;\">Mexican Paddo<\/span><span style=\"font-weight: 400;\"><br \/>\n<\/span><\/a><a href=\"https:\/\/www.paddo.shop\/cs\/b-plus-paddo-growkit\/\"><span style=\"font-weight: 400;\">B+ Paddo<\/span><span style=\"font-weight: 400;\"><br \/>\n<\/span><\/a><a href=\"https:\/\/www.paddo.shop\/cs\/thai-paddo-growkit\/\"><span style=\"font-weight: 400;\">Thai Paddo<\/span><\/a><\/p>\n<h2><strong>Vyp\u011bstujte si vlastn\u00ed houby Hawaiian pomoc\u00ed p\u011bstebn\u00ed sady<\/strong><\/h2>\n<p><span style=\"font-weight: 400;\">Mexican pat\u0159\u00ed mezi nejobl\u00edben\u011bj\u0161\u00ed psychedelick\u00e9 p\u0159\u00edrodn\u00ed produkty sou\u010dasnosti. Jejich p\u011bstov\u00e1n\u00ed je velmi snadn\u00e9 s pomoc\u00ed na\u0161ich p\u011bstebn\u00edch sad. V podstat\u011b pot\u0159ebujete pouze p\u011bstebn\u00ed sadu, trochu vody a trp\u011blivost. Abyste m\u011bli jistotu, \u017ee v\u0161e prob\u011bhne v po\u0159\u00e1dku, dod\u00e1me v\u00e1m tak\u00e9 n\u00e1vod. Pokud se jich budete dr\u017eet, budete moci b\u011bhem n\u011bkolika t\u00fddn\u016f sb\u00edrat sv\u00e9 prvn\u00ed houby.<\/span><\/p>\n<h3><strong>De beste paddo growkit tips van 2026<\/strong><\/h3>\n<p><span style=\"font-weight: 400;\">Vyp\u011bstovat si vlastn\u00ed magick\u00e9 houby je velmi snadn\u00e9 pomoc\u00ed p\u011bstebn\u00ed sady. Je v\u0161ak d\u016fle\u017eit\u00e9, abyste se \u0159\u00eddili p\u0159ilo\u017een\u00fdmi pokyny. Vzhledem k tomu, \u017ee m\u00e1me co do \u010din\u011bn\u00ed s \u017eiv\u00fdm organismem, je t\u0159eba bezpodm\u00edne\u010dn\u011b dodr\u017eet \u0159adu v\u011bc\u00ed. <\/span><strong>ne<\/strong><span style=\"font-weight: 400;\"> by m\u011bl ud\u011blat. Chcete si opakovan\u011b zajistit p\u011bknou \u00farodu dom\u00e1c\u00edch hub? Pak se pod\u00edvejte sem <\/span><a href=\"https:\/\/www.paddo.shop\/cs\/growkit-instructies\/\"><span style=\"font-weight: 400;\">de beste paddo growkit tips van 2026<\/span><\/a><span style=\"font-weight: 400;\">.<\/span><\/p>\n<p><strong>D\u016fle\u017eit\u00e9:<\/strong><strong><br \/>\n<\/strong><span style=\"font-weight: 400;\">P\u011bstov\u00e1n\u00ed magick\u00fdch hub je neuv\u011b\u0159iteln\u011b z\u00e1bavn\u00e9 a uspokojuj\u00edc\u00ed. Ale pozor: Houby (magick\u00e9 houby) p\u0159irozen\u011b obsahuj\u00ed tak\u00e9 l\u00e1tky psilocybin a psilocin. Psilocybin a psilocin jsou halucinogeny. Halucinogeny jsou l\u00e1tky s \u00fa\u010dinkem m\u011bn\u00edc\u00edm v\u011bdom\u00ed, kter\u00e9 mimo jin\u00e9 mohou vyvol\u00e1vat halucinace. M\u011bjte to na pam\u011bti. A v\u017edy uchov\u00e1vejte growkit i houby mimo dosah d\u011bt\u00ed!<\/span><\/p>\n<h2>Nej\u010dast\u011bj\u0161\u00ed dotazy<\/h2>\n<p>N\u00ed\u017ee je uvedeno 5 nej\u010dast\u011bji kladen\u00fdch ot\u00e1zek k Hawaiian. M\u00e1te i po p\u0159e\u010dten\u00ed v\u0161ech informac\u00ed na t\u00e9to str\u00e1nce st\u00e1le ot\u00e1zky? <a href=\"https:\/\/www.paddo.shop\/cs\/contact\/\">Pak n\u00e1s kontaktujte<\/a> a my v\u00e1m okam\u017eit\u011b pom\u016f\u017eeme.<\/p>\n\t\t<div data-elementor-type=\"section\" data-elementor-id=\"8215\" class=\"elementor elementor-8215\" data-elementor-post-type=\"elementor_library\">\n\t\t\t\t\t<section class=\"elementor-section elementor-top-section elementor-element elementor-element-a20d66a elementor-section-boxed elementor-section-height-default elementor-section-height-default\" data-id=\"a20d66a\" data-element_type=\"section\">\n\t\t\t\t\t\t<div class=\"elementor-container elementor-column-gap-default\">\n\t\t\t\t\t<div class=\"elementor-column elementor-col-100 elementor-top-column elementor-element elementor-element-5ae8cb5\" data-id=\"5ae8cb5\" data-element_type=\"column\">\n\t\t\t<div class=\"elementor-widget-wrap elementor-element-populated\">\n\t\t\t\t\t\t<div class=\"elementor-element elementor-element-5207599 elementor-widget__width-initial elementor-widget elementor-widget-accordion\" data-id=\"5207599\" data-element_type=\"widget\" data-widget_type=\"accordion.default\">\n\t\t\t\t<div class=\"elementor-widget-container\">\n\t\t\t\t\t\t\t<div class=\"elementor-accordion\">\n\t\t\t\t\t\t\t<div class=\"elementor-accordion-item\">\n\t\t\t\t\t<h3 id=\"elementor-tab-title-8601\" class=\"elementor-tab-title\" data-tab=\"1\" role=\"button\" aria-controls=\"elementor-tab-content-8601\" aria-expanded=\"false\">\n\t\t\t\t\t\t\t\t\t\t\t\t\t<span class=\"elementor-accordion-icon elementor-accordion-icon-right\" aria-hidden=\"true\">\n\t\t\t\t\t\t\t\t\t\t\t\t\t\t\t<span class=\"elementor-accordion-icon-closed\"><i class=\"fas fa-plus\"><\/i><\/span>\n\t\t\t\t\t\t\t\t<span class=\"elementor-accordion-icon-opened\"><i class=\"fas fa-minus\"><\/i><\/span>\n\t\t\t\t\t\t\t\t\t\t\t\t\t\t<\/span>\n\t\t\t\t\t\t\t\t\t\t\t\t<a class=\"elementor-accordion-title\" tabindex=\"0\">Pro\u010d je Hawaiian Copelandia Cyanescens zn\u00e1m\u00fd jako siln\u00fd houbov\u00fd kmen?<\/a>\n\t\t\t\t\t<\/h3>\n\t\t\t\t\t<div id=\"elementor-tab-content-8601\" class=\"elementor-tab-content elementor-clearfix\" data-tab=\"1\" role=\"region\" aria-labelledby=\"elementor-tab-title-8601\"><p>Hawaiian Copelandia Cyanescens jsou ve srovn\u00e1n\u00ed s jin\u00fdmi druhy hub zn\u00e1m\u00e9 vy\u0161\u0161\u00edm obsahem psilocybinu a psilocinu, co\u017e jsou slou\u010deniny, kter\u00e9 zp\u016fsobuj\u00ed halucinogenn\u00ed \u00fa\u010dinky. D\u00edky tomu jsou siln\u011bj\u0161\u00ed a \u010dasto umo\u017e\u0148uj\u00ed intenzivn\u011bj\u0161\u00ed a vizion\u00e1\u0159sk\u00e9 z\u00e1\u017eitky. Jsou obl\u00edben\u00e9 u zku\u0161en\u00fdch psychonaut\u016f, kte\u0159\u00ed hledaj\u00ed hlub\u0161\u00ed nebo smyslupln\u011bj\u0161\u00ed tripy. Pokud m\u00e1te z\u00e1jem o dal\u0161\u00ed siln\u00e9 druhy hub, zva\u017ete na\u0161e <a href=\"https:\/\/www.paddo.shop\/cs\/mckennaii-paddo-growkit\/\" target=\"_new\">McKennaii Paddo Growkit<\/a>.<\/p>\n<\/div>\n\t\t\t\t<\/div>\n\t\t\t\t\t\t\t<div class=\"elementor-accordion-item\">\n\t\t\t\t\t<h3 id=\"elementor-tab-title-8602\" class=\"elementor-tab-title\" data-tab=\"2\" role=\"button\" aria-controls=\"elementor-tab-content-8602\" aria-expanded=\"false\">\n\t\t\t\t\t\t\t\t\t\t\t\t\t<span class=\"elementor-accordion-icon elementor-accordion-icon-right\" aria-hidden=\"true\">\n\t\t\t\t\t\t\t\t\t\t\t\t\t\t\t<span class=\"elementor-accordion-icon-closed\"><i class=\"fas fa-plus\"><\/i><\/span>\n\t\t\t\t\t\t\t\t<span class=\"elementor-accordion-icon-opened\"><i class=\"fas fa-minus\"><\/i><\/span>\n\t\t\t\t\t\t\t\t\t\t\t\t\t\t<\/span>\n\t\t\t\t\t\t\t\t\t\t\t\t<a class=\"elementor-accordion-title\" tabindex=\"0\">Jak se li\u0161\u00ed r\u016fstov\u00fd cyklus Hawaiian Copelandia Cyanescens od ostatn\u00edch druh\u016f?<\/a>\n\t\t\t\t\t<\/h3>\n\t\t\t\t\t<div id=\"elementor-tab-content-8602\" class=\"elementor-tab-content elementor-clearfix\" data-tab=\"2\" role=\"region\" aria-labelledby=\"elementor-tab-title-8602\"><p>R\u016fstov\u00fd cyklus Hawaiian Copelandia Cyanescens m\u016f\u017ee b\u00fdt rychlej\u0161\u00ed ne\u017e u n\u011bkter\u00fdch jin\u00fdch druh\u016f d\u00edky jejich p\u0159izp\u016fsoben\u00fdm r\u016fstov\u00fdm vlastnostem. P\u0159esn\u00e1 d\u00e9lka trv\u00e1n\u00ed v\u0161ak m\u016f\u017ee b\u00fdt ovlivn\u011bna podm\u00ednkami prost\u0159ed\u00ed, jako je teplota a vlhkost. Pro dosa\u017een\u00ed nejlep\u0161\u00edch v\u00fdsledk\u016f je d\u016fle\u017eit\u00e9 pe\u010dliv\u011b dodr\u017eovat pokyny uveden\u00e9 v sad\u011b pro p\u011bstov\u00e1n\u00ed. Dal\u0161\u00ed informace o p\u011bstov\u00e1n\u00ed r\u016fzn\u00fdch druh\u016f hub naleznete v na\u0161em webu. <a href=\"https:\/\/www.paddo.shop\/cs\/growkit-instructies\/\" target=\"_new\">str\u00e1nka s pokyny pro p\u011bstitelsk\u00e9 sady<\/a>.<\/p>\n<\/div>\n\t\t\t\t<\/div>\n\t\t\t\t\t\t\t<div class=\"elementor-accordion-item\">\n\t\t\t\t\t<h3 id=\"elementor-tab-title-8603\" class=\"elementor-tab-title\" data-tab=\"3\" role=\"button\" aria-controls=\"elementor-tab-content-8603\" aria-expanded=\"false\">\n\t\t\t\t\t\t\t\t\t\t\t\t\t<span class=\"elementor-accordion-icon elementor-accordion-icon-right\" aria-hidden=\"true\">\n\t\t\t\t\t\t\t\t\t\t\t\t\t\t\t<span class=\"elementor-accordion-icon-closed\"><i class=\"fas fa-plus\"><\/i><\/span>\n\t\t\t\t\t\t\t\t<span class=\"elementor-accordion-icon-opened\"><i class=\"fas fa-minus\"><\/i><\/span>\n\t\t\t\t\t\t\t\t\t\t\t\t\t\t<\/span>\n\t\t\t\t\t\t\t\t\t\t\t\t<a class=\"elementor-accordion-title\" tabindex=\"0\">Jak\u00e9 jsou optim\u00e1ln\u00ed teploty pro p\u011bstov\u00e1n\u00ed Hawaiian Copelandia Cyanescens?<\/a>\n\t\t\t\t\t<\/h3>\n\t\t\t\t\t<div id=\"elementor-tab-content-8603\" class=\"elementor-tab-content elementor-clearfix\" data-tab=\"3\" role=\"region\" aria-labelledby=\"elementor-tab-title-8603\"><p>Optim\u00e1ln\u00ed teplota pro p\u011bstov\u00e1n\u00ed Hawaiian Copelandia Cyanescens je 24 a\u017e 27 \u00b0C. Udr\u017eov\u00e1n\u00ed spr\u00e1vn\u00e9 teploty je pro zdrav\u00fd r\u016fst a v\u00fdvoj hub z\u00e1sadn\u00ed. Pokud je teplota p\u0159\u00edli\u0161 n\u00edzk\u00e1, m\u016f\u017ee doj\u00edt ke zpomalen\u00ed r\u016fstu, zat\u00edmco p\u0159\u00edli\u0161 vysok\u00e9 teploty mohou houby po\u0161kodit. Tipy pro udr\u017een\u00ed spr\u00e1vn\u00fdch podm\u00ednek pro p\u011bstov\u00e1n\u00ed naleznete v na\u0161em \u010dl\u00e1nku. <a href=\"https:\/\/www.paddo.shop\/cs\/growkits\/\" target=\"_new\">obecn\u00e1 str\u00e1nka o sad\u00e1ch pro p\u011bstov\u00e1n\u00ed<\/a> konzultovat.<\/p>\n<\/div>\n\t\t\t\t<\/div>\n\t\t\t\t\t\t\t<div class=\"elementor-accordion-item\">\n\t\t\t\t\t<h3 id=\"elementor-tab-title-8604\" class=\"elementor-tab-title\" data-tab=\"4\" role=\"button\" aria-controls=\"elementor-tab-content-8604\" aria-expanded=\"false\">\n\t\t\t\t\t\t\t\t\t\t\t\t\t<span class=\"elementor-accordion-icon elementor-accordion-icon-right\" aria-hidden=\"true\">\n\t\t\t\t\t\t\t\t\t\t\t\t\t\t\t<span class=\"elementor-accordion-icon-closed\"><i class=\"fas fa-plus\"><\/i><\/span>\n\t\t\t\t\t\t\t\t<span class=\"elementor-accordion-icon-opened\"><i class=\"fas fa-minus\"><\/i><\/span>\n\t\t\t\t\t\t\t\t\t\t\t\t\t\t<\/span>\n\t\t\t\t\t\t\t\t\t\t\t\t<a class=\"elementor-accordion-title\" tabindex=\"0\">Jak ovliv\u0148uje substr\u00e1t r\u016fst Hawaiian Copelandia Cyanescens v t\u00e9to p\u011bstebn\u00ed sad\u011b?<\/a>\n\t\t\t\t\t<\/h3>\n\t\t\t\t\t<div id=\"elementor-tab-content-8604\" class=\"elementor-tab-content elementor-clearfix\" data-tab=\"4\" role=\"region\" aria-labelledby=\"elementor-tab-title-8604\"><p>Substr\u00e1t hraje kl\u00ed\u010dovou roli p\u0159i poskytov\u00e1n\u00ed pot\u0159ebn\u00fdch \u017eivin a vlhkosti pro r\u016fst Hawaiian Copelandia Cyanescens. Kvalitn\u00ed substr\u00e1t zajist\u00ed zdravou a bohatou \u00farodu. Tato p\u011bstebn\u00ed sada obsahuje pe\u010dliv\u011b p\u0159ipraven\u00fd substr\u00e1t, kter\u00fd zajist\u00ed optim\u00e1ln\u00ed r\u016fst. Pokud m\u00e1te z\u00e1jem prozkoumat dal\u0161\u00ed mo\u017enosti p\u011bstov\u00e1n\u00ed, m\u016f\u017eete se pod\u00edvat na na\u0161i nab\u00eddku. <a href=\"https:\/\/www.paddo.shop\/cs\/ecuadorian-paddo-growkit\/\" target=\"_new\">Ecuadorian Paddo Growkit<\/a> pohled.<\/p>\n<\/div>\n\t\t\t\t<\/div>\n\t\t\t\t\t\t\t<div class=\"elementor-accordion-item\">\n\t\t\t\t\t<h3 id=\"elementor-tab-title-8605\" class=\"elementor-tab-title\" data-tab=\"5\" role=\"button\" aria-controls=\"elementor-tab-content-8605\" aria-expanded=\"false\">\n\t\t\t\t\t\t\t\t\t\t\t\t\t<span class=\"elementor-accordion-icon elementor-accordion-icon-right\" aria-hidden=\"true\">\n\t\t\t\t\t\t\t\t\t\t\t\t\t\t\t<span class=\"elementor-accordion-icon-closed\"><i class=\"fas fa-plus\"><\/i><\/span>\n\t\t\t\t\t\t\t\t<span class=\"elementor-accordion-icon-opened\"><i class=\"fas fa-minus\"><\/i><\/span>\n\t\t\t\t\t\t\t\t\t\t\t\t\t\t<\/span>\n\t\t\t\t\t\t\t\t\t\t\t\t<a class=\"elementor-accordion-title\" tabindex=\"0\">M\u00e1m si p\u0159i p\u011bstov\u00e1n\u00ed d\u00e1vat pozor na n\u011bjak\u00e9 konkr\u00e9tn\u00ed vzory nebo barvy?<\/a>\n\t\t\t\t\t<\/h3>\n\t\t\t\t\t<div id=\"elementor-tab-content-8605\" class=\"elementor-tab-content elementor-clearfix\" data-tab=\"5\" role=\"region\" aria-labelledby=\"elementor-tab-title-8605\"><p>Ano, Hawaiian Copelandia Cyanescens \u010dasto z\u00edsk\u00e1vaj\u00ed v\u00fdraznou tmav\u011b modrou barvu, jakmile za\u010dnou vysychat, co\u017e je zn\u00e1mkou p\u0159\u00edtomnosti psilocybinu. Klobou\u010dky jsou obvykle sv\u011btle hn\u011bd\u00e9 a\u017e zlatohn\u011bd\u00e9 se sv\u011btlej\u0161\u00ed barvou sm\u011brem k okraj\u016fm. Je d\u016fle\u017eit\u00e9 sledovat zm\u011bnu barvy a dal\u0161\u00ed vizu\u00e1ln\u00ed zm\u011bny, proto\u017ee mohou sv\u011bd\u010dit o zdrav\u00ed a \u00fa\u010dinnosti hub. Dal\u0161\u00ed vizu\u00e1ln\u00ed uk\u00e1zky hub v r\u016fzn\u00fdch f\u00e1z\u00edch r\u016fstu najdete v na\u0161\u00ed nab\u00eddce. <a href=\"https:\/\/www.paddo.shop\/cs\/paddo-growkit-kweekverslag\/\" target=\"_new\">str\u00e1nka se zpr\u00e1vami o p\u011bstov\u00e1n\u00ed sad pro p\u011bstov\u00e1n\u00ed hub<\/a>.<\/p>\n<\/div>\n\t\t\t\t<\/div>\n\t\t\t\t\t\t\t\t\t\t<script type=\"application\/ld+json\">{\n    \"@context\": \"https:\\\/\\\/schema.org\",\n    \"@type\": \"FAQPage\",\n    \"mainEntity\": [\n        {\n            \"@type\": \"Question\",\n            \"name\": \"Waarom staan Hawaiian Copelandia Cyanescens bekend als een sterke paddosoort?\",\n            \"acceptedAnswer\": {\n                \"@type\": \"Answer\",\n                \"text\": \"<p>Hawaiian Copelandia Cyanescens staan bekend om hun hogere gehaltes aan psilocybine en psilocine, de stofjes die zorgen voor de hallucinogene effecten, vergeleken met andere paddosoorten. Dit maakt ze sterker en zorgt vaak voor intensere en meer visionaire ervaringen. Ze zijn populair bij ervaren psychonauten die op zoek zijn naar diepere of meer betekenisvolle trips. Als je ge\\u00efnteresseerd bent in andere sterke paddosoorten, overweeg dan onze <a href=\\\"https:\\\/\\\/www.paddo.shop\\\/mckennaii-paddo-growkit\\\/\\\" target=\\\"_new\\\">McKennaii Paddo Growkit<\\\/a>.<\\\/p>\\n\"\n            }\n        },\n        {\n            \"@type\": \"Question\",\n            \"name\": \"Hoe verschilt de groeicyclus van Hawaiian Copelandia Cyanescens van andere soorten?\",\n            \"acceptedAnswer\": {\n                \"@type\": \"Answer\",\n                \"text\": \"<p>De groeicyclus van Hawaiian Copelandia Cyanescens kan sneller zijn dan die van sommige andere soorten, dankzij hun aangepaste groei-eigenschappen. Echter, de exacte duur kan worden be\\u00efnvloed door de omgevingsomstandigheden zoals temperatuur en luchtvochtigheid. Het is belangrijk om de instructies in de growkit zorgvuldig te volgen voor de beste resultaten. Voor meer informatie over het kweken van verschillende paddosoorten, bekijk onze <a href=\\\"https:\\\/\\\/www.paddo.shop\\\/growkit-instructies\\\/\\\" target=\\\"_new\\\">pagina met instructies voor growkits<\\\/a>.<\\\/p>\\n\"\n            }\n        },\n        {\n            \"@type\": \"Question\",\n            \"name\": \"Wat zijn de optimale temperaturen voor het kweken van Hawaiian Copelandia Cyanescens?\",\n            \"acceptedAnswer\": {\n                \"@type\": \"Answer\",\n                \"text\": \"<p>De optimale temperaturen voor het kweken van Hawaiian Copelandia Cyanescens liggen tussen de 24\\u00b0C en 27\\u00b0C. Het handhaven van de juiste temperatuur is cruciaal voor een gezonde groei en ontwikkeling van de paddo\\u2019s. Als de temperatuur te laag is, kan de groei vertragen, terwijl te hoge temperaturen de paddo\\u2019s kunnen beschadigen. Voor tips over het handhaven van de juiste kweekomstandigheden, kun je onze <a href=\\\"https:\\\/\\\/www.paddo.shop\\\/growkits\\\/\\\" target=\\\"_new\\\">algemene pagina over growkits<\\\/a> raadplegen.<\\\/p>\\n\"\n            }\n        },\n        {\n            \"@type\": \"Question\",\n            \"name\": \"Hoe be\\u00efnvloedt het substraat de groei van Hawaiian Copelandia Cyanescens in deze growkit?\",\n            \"acceptedAnswer\": {\n                \"@type\": \"Answer\",\n                \"text\": \"<p>Het substraat speelt een cruciale rol bij het bieden van de noodzakelijke voedingsstoffen en vocht voor de groei van Hawaiian Copelandia Cyanescens. Een kwaliteitssubstraat zal zorgen voor een gezonde en overvloedige oogst. Deze growkit bevat een zorgvuldig voorbereid substraat om een optimale groei te garanderen. Als je ge\\u00efnteresseerd bent in het verkennen van andere kweekopties, kun je onze <a href=\\\"https:\\\/\\\/www.paddo.shop\\\/ecuadorian-paddo-growkit\\\/\\\" target=\\\"_new\\\">Ecuadorian Paddo Growkit<\\\/a> bekijken.<\\\/p>\\n\"\n            }\n        },\n        {\n            \"@type\": \"Question\",\n            \"name\": \"Zijn er bijzondere patronen of kleuren waar ik op moet letten tijdens de groei?\",\n            \"acceptedAnswer\": {\n                \"@type\": \"Answer\",\n                \"text\": \"<p>Ja, Hawaiian Copelandia Cyanescens ontwikkelen vaak een kenmerkende diepe blauwe kleur als ze beginnen uit te drogen, wat een indicatie is van de aanwezigheid van psilocybine. De hoeden zijn meestal lichtbruin tot goudbruin met een lichtere kleur naar de randen. Het is belangrijk om op verkleuringen en andere visuele veranderingen te letten, aangezien deze indicatief kunnen zijn voor de gezondheid en potentie van de paddo&#8217;s. Voor meer visuele voorbeelden van paddo&#8217;s in verschillende groeistadia, bekijk onze <a href=\\\"https:\\\/\\\/www.paddo.shop\\\/paddo-growkit-kweekverslag\\\/\\\" target=\\\"_new\\\">pagina met kweekverslagen van paddo growkits<\\\/a>.<\\\/p>\\n\"\n            }\n        }\n    ]\n}<\/script>\n\t\t\t\t\t<\/div>\n\t\t\t\t\t\t<\/div>\n\t\t\t\t<\/div>\n\t\t\t\t\t<\/div>\n\t\t<\/div>\n\t\t\t\t\t<\/div>\n\t\t<\/section>\n\t\t\t\t<\/div>","protected":false},"excerpt":{"rendered":"<p>Pro opravdov\u00e9 milovn\u00edky hub je tu Hawaiian Copelandia Paddo Growkit. Podle mnoha psychonaut\u016f je tento kmen nejsiln\u011bj\u0161\u00ed p\u011bstovanou houbou na trhu. N\u011bkte\u0159\u00ed u\u017eivatel\u00e9 dokonce uv\u00e1d\u011bj\u00ed, \u017ee Hawaiian Copelandia Cyanescens je 5x siln\u011bj\u0161\u00ed ne\u017e b\u011b\u017en\u00e9 houby Cubensis. Paddo Hawaiian Copelandia Growkit se dod\u00e1v\u00e1 pouze ve variant\u011b 1200 cm3 a je dod\u00e1v\u00e1n se 2 z\u00e1sobn\u00edky zeminy. Tuto zeminu um\u00edst\u00edte na vrchol substr\u00e1tu, aby mohl za\u010d\u00edt proces. Sada Hawaiian Copelandia Paddo Growkit vy\u017eaduje o n\u011bco v\u00edce pozornosti ne\u017e ostatn\u00ed p\u011bstebn\u00ed sady, ale brzy budete m\u00edt doma ty nejsiln\u011bj\u0161\u00ed magick\u00e9 houby!<\/p>","protected":false},"featured_media":5883,"comment_status":"closed","ping_status":"closed","template":"","meta":{"_acf_changed":false},"etheme_brands":[{"term_id":50,"name":"McSmart","slug":"mcsmart","term_group":0,"term_taxonomy_id":50,"taxonomy":"brand","description":"","parent":0,"count":11,"filter":"raw"}],"product_brand":[],"product_cat":[15],"product_tag":[],"class_list":{"0":"post-5250","1":"product","2":"type-product","3":"status-publish","4":"has-post-thumbnail","6":"brand-mcsmart","7":"product_cat-growkits","9":"first","10":"instock","11":"taxable","12":"shipping-taxable","13":"purchasable","14":"product-type-variable","15":"has-default-attributes"},"acf":[],"_links":{"self":[{"href":"https:\/\/www.paddo.shop\/cs\/wp-json\/wp\/v2\/product\/5250","targetHints":{"allow":["GET"]}}],"collection":[{"href":"https:\/\/www.paddo.shop\/cs\/wp-json\/wp\/v2\/product"}],"about":[{"href":"https:\/\/www.paddo.shop\/cs\/wp-json\/wp\/v2\/types\/product"}],"replies":[{"embeddable":true,"href":"https:\/\/www.paddo.shop\/cs\/wp-json\/wp\/v2\/comments?post=5250"}],"wp:featuredmedia":[{"embeddable":true,"href":"https:\/\/www.paddo.shop\/cs\/wp-json\/wp\/v2\/media\/5883"}],"wp:attachment":[{"href":"https:\/\/www.paddo.shop\/cs\/wp-json\/wp\/v2\/media?parent=5250"}],"wp:term":[{"taxonomy":"brand","embeddable":true,"href":"https:\/\/www.paddo.shop\/cs\/wp-json\/wp\/v2\/etheme_brands?post=5250"},{"taxonomy":"product_brand","embeddable":true,"href":"https:\/\/www.paddo.shop\/cs\/wp-json\/wp\/v2\/product_brand?post=5250"},{"taxonomy":"product_cat","embeddable":true,"href":"https:\/\/www.paddo.shop\/cs\/wp-json\/wp\/v2\/product_cat?post=5250"},{"taxonomy":"product_tag","embeddable":true,"href":"https:\/\/www.paddo.shop\/cs\/wp-json\/wp\/v2\/product_tag?post=5250"}],"curies":[{"name":"wp","href":"https:\/\/api.w.org\/{rel}","templated":true}]}}