{"id":5894,"date":"2022-08-01T15:54:25","date_gmt":"2022-08-01T13:54:25","guid":{"rendered":"https:\/\/www.paddo.shop\/?page_id=5894"},"modified":"2024-08-20T11:59:20","modified_gmt":"2024-08-20T09:59:20","slug":"partners","status":"publish","type":"page","link":"https:\/\/www.paddo.shop\/cs\/partners\/","title":{"rendered":"Partne\u0159i"},"content":{"rendered":"<div data-elementor-type=\"wp-page\" data-elementor-id=\"5894\" class=\"elementor elementor-5894\" data-elementor-post-type=\"page\">\n\t\t\t\t\t\t<section class=\"elementor-section elementor-top-section elementor-element elementor-element-5abf2a6 elementor-section-boxed elementor-section-height-default elementor-section-height-default\" data-id=\"5abf2a6\" data-element_type=\"section\" data-e-type=\"section\">\n\t\t\t\t\t\t<div class=\"elementor-container elementor-column-gap-default\">\n\t\t\t\t\t<div class=\"elementor-column elementor-col-100 elementor-top-column elementor-element elementor-element-e4d511e\" data-id=\"e4d511e\" data-element_type=\"column\" data-e-type=\"column\">\n\t\t\t<div class=\"elementor-widget-wrap elementor-element-populated\">\n\t\t\t\t\t\t<div class=\"elementor-element elementor-element-392eff0 elementor-widget elementor-widget-text-editor\" data-id=\"392eff0\" data-element_type=\"widget\" data-e-type=\"widget\" data-widget_type=\"text-editor.default\">\n\t\t\t\t<div class=\"elementor-widget-container\">\n\t\t\t\t\t\t\t\t\t<h2>Sd\u00edl\u00edme sv\u00e9 znalosti<\/h2><p>Kolem magick\u00fdch lan\u00fd\u017e\u016f a psychedelik obecn\u011b bohu\u017eel st\u00e1le panuje velk\u00e9 tabu. Z na\u0161eho pohledu je to velmi neopodstatn\u011bn\u00e9. V\u017edy\u0165 p\u0159i spr\u00e1vn\u00e9m u\u017e\u00edv\u00e1n\u00ed mohou psychedelika lidsk\u00e9mu \u017eivotu stra\u0161n\u011b moc p\u0159idat. Bohu\u017eel jsme st\u00e1le zatla\u010dov\u00e1ni a\u017e p\u0159\u00edli\u0161 do kouta. Je na\u010dase to zm\u011bnit a my se o to r\u00e1di p\u0159i\u010din\u00edme. \u010cin\u00edme tak t\u00edm, \u017ee jsme co nejtransparentn\u011bj\u0161\u00ed a poskytujeme dobr\u00e9 informace o na\u0161ich produktech. T\u00edm to za\u010d\u00edn\u00e1. R\u00e1di bychom z psychedelie ud\u011blali op\u011bt n\u011bco kr\u00e1sn\u00e9ho, a ne n\u011bco d\u011bsiv\u00e9ho nebo \u0161patn\u00e9ho.<\/p><h2>Headshop &amp; Tatanka<\/h2><p>Za t\u00edmto \u00fa\u010delem jsme se spojili s n\u011bkter\u00fdmi renomovan\u00fdmi subjekty v oblasti chytr\u00fdch produkt\u016f. Spolupracujeme nap\u0159\u00edklad s <a href=\"https:\/\/www.headshop.nl\/\" target=\"_blank\" rel=\"noopener\">Obchod s hlavami<\/a> &amp; <a href=\"https:\/\/www.tatanka.nl\/\" target=\"_blank\" rel=\"noopener\">Tatanka<\/a>. Tyto obchody pat\u0159\u00ed mezi nejstar\u0161\u00ed chytr\u00e9 obchody a obchody s hlavami v Nizozemsku. Z hlediska znalost\u00ed a zku\u0161enost\u00ed tedy nelze pom\u00fd\u0161let na lep\u0161\u00ed partnery.<\/p><h2>Smartific<\/h2><p>Spolupracujeme tak\u00e9 s \u00fa\u017easn\u00fdm mezin\u00e1rodn\u00edm online obchodem Smartific. <a href=\"https:\/\/smartific.nl\/\" target=\"_blank\" rel=\"noopener\">Smartific.co.uk<\/a> a <a href=\"https:\/\/smartific.com\/\" target=\"_blank\" rel=\"noopener\">Smartfic.com<\/a> m\u00e1 skv\u011bl\u00fd online sortiment, ale je zn\u00e1m\u00e1 tak\u00e9 d\u00edky sv\u00e9 smartwiki. Na t\u00e9to smartwiki sd\u00edl\u00ed ve\u0161ker\u00e9 znalosti, zku\u0161enosti a v\u00fdzkum v oblasti chytr\u00fdch produkt\u016f. I to jsou znalosti, kter\u00e9 r\u00e1di vyu\u017eijeme.<\/p><p>Douf\u00e1me, \u017ee touto spoluprac\u00ed p\u0159isp\u011bjeme k v\u011bt\u0161\u00ed transparentnosti trhu.<\/p><h2 data-pm-slice=\"1 1 []\">McSmart velkoobchod pro smartshopy<\/h2><p>Ve spole\u010dnosti Paddo.shop jsme hrd\u00ed na na\u0161e partnerstv\u00ed se spole\u010dnost\u00ed <a href=\"https:\/\/www.mcsmart.com\/\" target=\"_blank\" rel=\"noopener\">McSmart<\/a>, p\u0159edn\u00edho velkoobchodn\u00edka pro smartshopy. Toto partnerstv\u00ed n\u00e1m umo\u017e\u0148uje nab\u00edzet na\u0161im z\u00e1kazn\u00edk\u016fm \u0161irokou \u0161k\u00e1lu vysoce kvalitn\u00edch produkt\u016f, v\u010detn\u011b n\u00e1mi prod\u00e1van\u00e9ho modelu Growkits. Spole\u010dnost McSmart je zn\u00e1m\u00e1 svou spolehlivost\u00ed, inovacemi a vynikaj\u00edc\u00ed kvalitou v\u00fdrobk\u016f, co\u017e dokonale zapad\u00e1 do na\u0161eho posl\u00e1n\u00ed poskytovat nejlep\u0161\u00ed v\u00fdrobky na trhu. A\u0165 u\u017e jste za\u010d\u00ednaj\u00edc\u00ed p\u011bstitel nebo zku\u0161en\u00fd u\u017eivatel, produkty McSmart v\u00e1m zajist\u00ed ty nejlep\u0161\u00ed mo\u017en\u00e9 zku\u0161enosti. Nav\u0161tivte n\u00e1\u0161 obchod a seznamte se s nab\u00eddkou produkt\u016f McSmart.<\/p>\t\t\t\t\t\t\t\t<\/div>\n\t\t\t\t<\/div>\n\t\t\t\t\t<\/div>\n\t\t<\/div>\n\t\t\t\t\t<\/div>\n\t\t<\/section>\n\t\t\t\t<\/div>","protected":false},"excerpt":{"rendered":"<p>Sd\u00edl\u00edme na\u0161e znalosti Bohu\u017eel kolem magick\u00fdch lan\u00fd\u017e\u016f a psychedelik obecn\u011b st\u00e1le panuje velk\u00e9 tabu. Z na\u0161eho pohledu velmi neopr\u00e1vn\u011bn\u011b. Kdy\u017e jsou psychedelika...<\/p>","protected":false},"author":2,"featured_media":0,"parent":0,"menu_order":0,"comment_status":"closed","ping_status":"closed","template":"","meta":{"_acf_changed":false,"footnotes":""},"class_list":["post-5894","page","type-page","status-publish","hentry"],"acf":[],"_links":{"self":[{"href":"https:\/\/www.paddo.shop\/cs\/wp-json\/wp\/v2\/pages\/5894","targetHints":{"allow":["GET"]}}],"collection":[{"href":"https:\/\/www.paddo.shop\/cs\/wp-json\/wp\/v2\/pages"}],"about":[{"href":"https:\/\/www.paddo.shop\/cs\/wp-json\/wp\/v2\/types\/page"}],"author":[{"embeddable":true,"href":"https:\/\/www.paddo.shop\/cs\/wp-json\/wp\/v2\/users\/2"}],"replies":[{"embeddable":true,"href":"https:\/\/www.paddo.shop\/cs\/wp-json\/wp\/v2\/comments?post=5894"}],"version-history":[{"count":0,"href":"https:\/\/www.paddo.shop\/cs\/wp-json\/wp\/v2\/pages\/5894\/revisions"}],"wp:attachment":[{"href":"https:\/\/www.paddo.shop\/cs\/wp-json\/wp\/v2\/media?parent=5894"}],"curies":[{"name":"wp","href":"https:\/\/api.w.org\/{rel}","templated":true}]}}