{"id":5661,"date":"2022-07-27T10:09:33","date_gmt":"2022-07-27T08:09:33","guid":{"rendered":"https:\/\/www.paddo.shop\/?page_id=5661"},"modified":"2024-10-15T09:02:58","modified_gmt":"2024-10-15T07:02:58","slug":"paddo-growkit-kweekverslag","status":"publish","type":"page","link":"https:\/\/www.paddo.shop\/cs\/paddo-growkit-kweekverslag\/","title":{"rendered":"Zpr\u00e1va o p\u011bstov\u00e1n\u00ed houby Growkit"},"content":{"rendered":"<div data-elementor-type=\"wp-page\" data-elementor-id=\"5661\" class=\"elementor elementor-5661\" data-elementor-post-type=\"page\">\n\t\t\t\t\t\t<section class=\"elementor-section elementor-top-section elementor-element elementor-element-6da08d04 elementor-section-boxed elementor-section-height-default elementor-section-height-default\" data-id=\"6da08d04\" data-element_type=\"section\" data-e-type=\"section\">\n\t\t\t\t\t\t<div class=\"elementor-container elementor-column-gap-default\">\n\t\t\t\t\t<div class=\"elementor-column elementor-col-100 elementor-top-column elementor-element elementor-element-76f56ffd\" data-id=\"76f56ffd\" data-element_type=\"column\" data-e-type=\"column\">\n\t\t\t<div class=\"elementor-widget-wrap elementor-element-populated\">\n\t\t\t\t\t\t<div class=\"elementor-element elementor-element-24e06a2 elementor-widget elementor-widget-text-editor\" data-id=\"24e06a2\" data-element_type=\"widget\" data-e-type=\"widget\" data-widget_type=\"text-editor.default\">\n\t\t\t\t<div class=\"elementor-widget-container\">\n\t\t\t\t\t\t\t\t\t<h2>P\u011bstov\u00e1n\u00ed kouzeln\u00e9 sady na p\u011bstov\u00e1n\u00ed hub<\/h2>\n<p>Kolik stoj\u00ed <a href=\"\/cs\/growkits\/\">sada pro p\u011bstov\u00e1n\u00ed hub<\/a> co vlastn\u011b d\u011blaj\u00ed? Tuto ot\u00e1zku dost\u00e1v\u00e1me ka\u017ed\u00fd t\u00fdden, a proto jsme p\u0159ipravili \u0159adu testovac\u00edch sad pro p\u011bstov\u00e1n\u00ed. T\u00edmto zp\u016fsobem jsme provedli odhad toho, co m\u016f\u017eete od sv\u00e9 sady na p\u011bstov\u00e1n\u00ed hub o\u010dek\u00e1vat. M\u011bjte na pam\u011bti, \u017ee v\u00fdnos mohou ovlivnit r\u016fzn\u00e9 faktory. Vliv m\u016f\u017ee m\u00edt p\u0159\u00edli\u0161 n\u00edzk\u00e1 teplota nebo zm\u011bna teploty, ale tak\u00e9 kvalita vody, kterou pou\u017e\u00edv\u00e1te, pozornost, kterou sad\u011b na p\u011bstov\u00e1n\u00ed hub v\u011bnujete, a \u010dist\u00e9 nebo \u0161pinav\u00e9 pracovn\u00ed prost\u0159ed\u00ed. Pod\u00edvejte se tak\u00e9 na na\u0161e <a href=\"https:\/\/www.paddo.shop\/cs\/growkit-instructies\/\">n\u00e1vody a tipy na p\u011bstebn\u00ed sadu<\/a>, budete tak p\u0159ipraveni za\u010d\u00edt p\u011bstovat sadu pro p\u011bstov\u00e1n\u00ed hub.<\/p>\n<h2>Zpr\u00e1va o p\u011bstov\u00e1n\u00ed hub<\/h2>\n<p>N\u00ed\u017ee naleznete den po dni podrobn\u011b popsan\u00e9 kroky, kter\u00fdmi jsme pro\u0161li b\u011bhem na\u0161\u00ed zpr\u00e1vy o p\u011bstov\u00e1n\u00ed hub. Nem\u016f\u017eete se do\u010dkat? Pak si m\u016f\u017eete n\u00ed\u017ee uveden\u00e9 shrnut\u00ed prohl\u00e9dnout ihned. Pro na\u0161i zpr\u00e1vu o p\u011bstov\u00e1n\u00ed jsme pou\u017eili <a href=\"https:\/\/www.paddo.shop\/cs\/golden-teacher-paddo-growkit\/\">Golden Teacher houby<\/a> vybran\u00e9. Ty dnes pat\u0159\u00ed k nejobl\u00edben\u011bj\u0161\u00edm druh\u016fm magick\u00fdch hub.<\/p>\t\t\t\t\t\t\t\t<\/div>\n\t\t\t\t<\/div>\n\t\t\t\t<div class=\"elementor-element elementor-element-33130382 elementor-widget elementor-widget-text-editor\" data-id=\"33130382\" data-element_type=\"widget\" data-e-type=\"widget\" data-widget_type=\"text-editor.default\">\n\t\t\t\t<div class=\"elementor-widget-container\">\n\t\t\t\t\t\t\t\t\t<p><\/p>\n<h2 class=\"wp-block-heading\"><strong style=\"font-size: calc(var(--h3-size-proportion) * 1rem); background-color: var(--et_container-bg-color, transparent);\">Shrnut\u00ed zpr\u00e1vy o p\u011bstov\u00e1n\u00ed hub<\/strong><\/h2>\n<p><\/p>\n<p><\/p>\t\t\t\t\t\t\t\t<\/div>\n\t\t\t\t<\/div>\n\t\t\t\t<section class=\"elementor-section elementor-inner-section elementor-element elementor-element-360ac11 elementor-hidden-mobile elementor-hidden-tablet elementor-section-boxed elementor-section-height-default elementor-section-height-default\" data-id=\"360ac11\" data-element_type=\"section\" data-e-type=\"section\">\n\t\t\t\t\t\t<div class=\"elementor-container elementor-column-gap-default\">\n\t\t\t\t\t<div class=\"elementor-column elementor-col-33 elementor-inner-column elementor-element elementor-element-052c331\" data-id=\"052c331\" data-element_type=\"column\" data-e-type=\"column\" data-settings=\"{&quot;background_background&quot;:&quot;classic&quot;}\">\n\t\t\t<div class=\"elementor-widget-wrap elementor-element-populated\">\n\t\t\t\t\t\t<div class=\"elementor-element elementor-element-568c429 elementor-widget elementor-widget-text-editor\" data-id=\"568c429\" data-element_type=\"widget\" data-e-type=\"widget\" data-widget_type=\"text-editor.default\">\n\t\t\t\t<div class=\"elementor-widget-container\">\n\t\t\t\t\t\t\t\t\t<h2><b>250 ccm (mal\u00fd)<\/b><\/h2>\n<p><b>Po\u010det dn\u00ed<\/b><span style=\"font-weight: 400;\">:<br \/><\/span><span style=\"font-weight: 400;\">35 dn\u00ed<\/span><\/p>\n<p><b>Celkov\u00e9 p\u0159\u00edjmy<\/b><span style=\"font-weight: 400;\">:<br \/><\/span><span style=\"font-weight: 400;\">311 gram\u016f<\/span><\/p>\n<p><b>Po\u010det spl\u00e1chnut\u00ed:<br \/><\/b>3 spl\u00e1chnut\u00ed<\/p>\t\t\t\t\t\t\t\t<\/div>\n\t\t\t\t<\/div>\n\t\t\t\t<div class=\"elementor-element elementor-element-eef2905 elementor-widget elementor-widget-text-editor\" data-id=\"eef2905\" data-element_type=\"widget\" data-e-type=\"widget\" data-widget_type=\"text-editor.default\">\n\t\t\t\t<div class=\"elementor-widget-container\">\n\t\t\t\t\t\t\t\t\t<p><b style=\"color: inherit; font-family: inherit; font-size: inherit; background-color: var(--et_container-bg-color, transparent);\">Prvn\u00ed spl\u00e1chnut\u00ed:<br \/><\/b><span style=\"font-weight: 400;\">Doba trv\u00e1n\u00ed: 0 - 21 dn\u00ed<br \/><\/span><span style=\"font-weight: 400;\">V\u00fdt\u011b\u017enost: 165 gram\u016f<\/span><\/p>\n<p><b>Druh\u00e9 spl\u00e1chnut\u00ed:<br \/><\/b><span style=\"font-weight: 400;\">Den 21 - 30<br \/><\/span><span style=\"font-weight: 400;\">V\u00fdt\u011b\u017enost: 130 gram\u016f<\/span><\/p>\n<p><b>T\u0159et\u00ed spl\u00e1chnut\u00ed:<br \/><\/b><span style=\"font-weight: 400;\">Den 30 - 35<br \/><\/span><span style=\"font-weight: 400;\">V\u00fdt\u011b\u017enost: 16 gram\u016f<\/span><\/p>\n<p><b>\u010ctvrt\u00e9 spl\u00e1chnut\u00ed:<br \/><\/b><span style=\"font-weight: 400;\">Den 35<br \/><\/span><span style=\"font-weight: 400;\">V\u00fdnos: Ne<\/span><\/p>\t\t\t\t\t\t\t\t<\/div>\n\t\t\t\t<\/div>\n\t\t\t\t\t<\/div>\n\t\t<\/div>\n\t\t\t\t<div class=\"elementor-column elementor-col-33 elementor-inner-column elementor-element elementor-element-379e4e8\" data-id=\"379e4e8\" data-element_type=\"column\" data-e-type=\"column\" data-settings=\"{&quot;background_background&quot;:&quot;classic&quot;}\">\n\t\t\t<div class=\"elementor-widget-wrap elementor-element-populated\">\n\t\t\t\t\t\t<div class=\"elementor-element elementor-element-f31f0af elementor-widget elementor-widget-text-editor\" data-id=\"f31f0af\" data-element_type=\"widget\" data-e-type=\"widget\" data-widget_type=\"text-editor.default\">\n\t\t\t\t<div class=\"elementor-widget-container\">\n\t\t\t\t\t\t\t\t\t<h2><b>1200 cm3 (st\u0159edn\u00ed)<\/b><\/h2>\n<p><b>Po\u010det dn\u00ed<\/b><span style=\"font-weight: 400;\">:<br \/><\/span><span style=\"font-weight: 400;\">35 dn\u00ed<\/span><\/p>\n<p><b>Celkov\u00e9 p\u0159\u00edjmy<\/b><span style=\"font-weight: 400;\">:<br \/><\/span><span style=\"font-weight: 400;\">865 gram\u016f<\/span><\/p>\n<p><b>Po\u010det spl\u00e1chnut\u00ed:<br \/><\/b><span style=\"font-weight: 400;\">3 spl\u00e1chnut\u00ed<\/span><\/p>\t\t\t\t\t\t\t\t<\/div>\n\t\t\t\t<\/div>\n\t\t\t\t<div class=\"elementor-element elementor-element-c4a8c93 elementor-widget elementor-widget-text-editor\" data-id=\"c4a8c93\" data-element_type=\"widget\" data-e-type=\"widget\" data-widget_type=\"text-editor.default\">\n\t\t\t\t<div class=\"elementor-widget-container\">\n\t\t\t\t\t\t\t\t\t<p><span style=\"color: inherit; font-family: inherit; font-size: inherit; background-color: var(--et_container-bg-color, transparent);\"><b>Prvn\u00ed spl\u00e1chnut\u00ed:<br \/><\/b><\/span><span style=\"color: inherit; font-family: inherit; font-size: inherit;\">Doba trv\u00e1n\u00ed: 0 - 21 dn\u00ed<br \/><\/span><span style=\"color: inherit; font-family: inherit; font-size: inherit;\">V\u00fdt\u011b\u017enost: 433 gram\u016f<\/span><\/p>\n<p><b>Druh\u00e9 spl\u00e1chnut\u00ed:<br \/><\/b><span style=\"font-weight: 400;\">Den 21 - 30<br \/><\/span><span style=\"font-weight: 400;\">V\u00fdt\u011b\u017enost: 390 gram\u016f<\/span><\/p>\n<p><b>T\u0159et\u00ed spl\u00e1chnut\u00ed:<br \/><\/b><span style=\"font-weight: 400;\">Den 30 - 35<br \/><\/span><span style=\"font-weight: 400;\">V\u00fdt\u011b\u017enost: 42 gram\u016f<\/span><\/p>\n<p><b>\u010ctvrt\u00e9 spl\u00e1chnut\u00ed:<br \/><\/b><span style=\"font-weight: 400;\">Den 35<br \/><\/span><span style=\"color: inherit; font-family: inherit; font-size: inherit; background-color: var(--et_container-bg-color, transparent);\">V\u00fdnos: Ne<\/span><\/p>\t\t\t\t\t\t\t\t<\/div>\n\t\t\t\t<\/div>\n\t\t\t\t\t<\/div>\n\t\t<\/div>\n\t\t\t\t<div class=\"elementor-column elementor-col-33 elementor-inner-column elementor-element elementor-element-7252acd\" data-id=\"7252acd\" data-element_type=\"column\" data-e-type=\"column\" data-settings=\"{&quot;background_background&quot;:&quot;classic&quot;}\">\n\t\t\t<div class=\"elementor-widget-wrap elementor-element-populated\">\n\t\t\t\t\t\t<div class=\"elementor-element elementor-element-be025e4 elementor-widget elementor-widget-text-editor\" data-id=\"be025e4\" data-element_type=\"widget\" data-e-type=\"widget\" data-widget_type=\"text-editor.default\">\n\t\t\t\t<div class=\"elementor-widget-container\">\n\t\t\t\t\t\t\t\t\t<h2><b>2100 cm3 (velk\u00fd)<\/b><\/h2>\n<p><b>Po\u010det dn\u00ed<\/b><span style=\"font-weight: 400;\">:<br \/><\/span><span style=\"font-weight: 400;\">35 dn\u00ed<\/span><\/p>\n<p><b>Celkov\u00e9 p\u0159\u00edjmy<\/b><span style=\"font-weight: 400;\">:<br \/><\/span><span style=\"font-weight: 400;\">1633 gram\u016f<\/span><\/p>\n<p><b>Po\u010det spl\u00e1chnut\u00ed:<br \/><\/b><span style=\"font-weight: 400;\">3 spl\u00e1chnut\u00ed<\/span><\/p>\t\t\t\t\t\t\t\t<\/div>\n\t\t\t\t<\/div>\n\t\t\t\t<div class=\"elementor-element elementor-element-0f5af87 elementor-widget elementor-widget-text-editor\" data-id=\"0f5af87\" data-element_type=\"widget\" data-e-type=\"widget\" data-widget_type=\"text-editor.default\">\n\t\t\t\t<div class=\"elementor-widget-container\">\n\t\t\t\t\t\t\t\t\t<p><span style=\"color: inherit; font-family: inherit; font-size: inherit; background-color: var(--et_container-bg-color, transparent);\"><b>Prvn\u00ed spl\u00e1chnut\u00ed:<br \/><\/b><\/span><span style=\"color: inherit; font-family: inherit; font-size: inherit; background-color: var(--et_container-bg-color, transparent);\">Doba trv\u00e1n\u00ed: 0 - 21 dn\u00ed<br \/><\/span><span style=\"color: inherit; font-family: inherit; font-size: inherit; background-color: var(--et_container-bg-color, transparent);\">V\u00fdt\u011b\u017enost: 809 gram\u016f<\/span><\/p>\n<p><b>Druh\u00e9 spl\u00e1chnut\u00ed:<br \/><\/b><span style=\"font-weight: 400;\">Den 21 - 30<br \/><\/span><span style=\"font-weight: 400;\">V\u00fdt\u011b\u017enost: 743 gram\u016f<\/span><\/p>\n<p><b>T\u0159et\u00ed spl\u00e1chnut\u00ed:<br \/><\/b><span style=\"font-weight: 400;\">Den 30 - 35<br \/><\/span><span style=\"font-weight: 400;\">V\u00fdt\u011b\u017enost: 81 gram\u016f<\/span><\/p>\n<p><b>\u010ctvrt\u00e9 spl\u00e1chnut\u00ed:<br \/><\/b><span style=\"font-weight: 400;\">Den 35<br \/><\/span><span style=\"font-weight: 400;\">V\u00fdnos: Ne<\/span><\/p>\t\t\t\t\t\t\t\t<\/div>\n\t\t\t\t<\/div>\n\t\t\t\t\t<\/div>\n\t\t<\/div>\n\t\t\t\t\t<\/div>\n\t\t<\/section>\n\t\t\t\t<section class=\"elementor-section elementor-inner-section elementor-element elementor-element-d9fb96f elementor-hidden-desktop elementor-section-boxed elementor-section-height-default elementor-section-height-default\" data-id=\"d9fb96f\" data-element_type=\"section\" data-e-type=\"section\">\n\t\t\t\t\t\t<div class=\"elementor-container elementor-column-gap-default\">\n\t\t\t\t\t<div class=\"elementor-column elementor-col-100 elementor-inner-column elementor-element elementor-element-6c7ae39 elementor-hidden-desktop\" data-id=\"6c7ae39\" data-element_type=\"column\" data-e-type=\"column\" data-settings=\"{&quot;background_background&quot;:&quot;classic&quot;}\">\n\t\t\t<div class=\"elementor-widget-wrap elementor-element-populated\">\n\t\t\t\t\t\t<div class=\"elementor-element elementor-element-18f8916 elementor-widget elementor-widget-et-general-tabs\" data-id=\"18f8916\" data-element_type=\"widget\" data-e-type=\"widget\" data-widget_type=\"et-general-tabs.default\">\n\t\t\t\t<div class=\"elementor-widget-container\">\n\t\t\t\t\t        <div id=\"et-advance-tabs-18f8916\" class=\"et-advance-tabs et-tabs-horizontal  horizontal-style-3 responsive-vertical-layout\" data-tabid=\"18f8916\">\n            <div class=\"et-tabs-nav\">\n                <ul >\n\t\t\t\t\t                        <li class=\"inactive et-tab-nav\"\n                            >\n                            \t\t\t\t\t\t\t\t                        \t\t\t\t\t\t\t\t\t\t\t\t\t\t                                <span class=\"et-tab-title\">\n    \t\t\t\t\t\t\t\t250 ccm    \t\t\t\t\t\t\t<\/span>\n\t\t\t\t\t\t\t                        <\/li>\n\t\t\t\t\t                        <li class=\"active-default et-tab-nav\"\n                            >\n                            \t\t\t\t\t\t\t\t                        \t\t\t\t\t\t\t\t\t\t\t\t\t\t                                <span class=\"et-tab-title\">\n    \t\t\t\t\t\t\t\t1200 cm3    \t\t\t\t\t\t\t<\/span>\n\t\t\t\t\t\t\t                        <\/li>\n\t\t\t\t\t                        <li class=\"inactive et-tab-nav\"\n                            >\n                            \t\t\t\t\t\t\t\t                        \t\t\t\t\t\t\t\t\t\t\t\t\t\t                                <span class=\"et-tab-title\">\n    \t\t\t\t\t\t\t\t2100 c    \t\t\t\t\t\t\t<\/span>\n\t\t\t\t\t\t\t                        <\/li>\n\t\t\t\t\t                <\/ul>\n                            <\/div>\n            <div class=\"et-tabs-content\">\n\t\t\t\t                    <div class=\"clearfix inactive\">\n\t\t\t\t\t\t<h2><b>250 ccm (mal\u00fd)<\/b><\/h2>\n<p><b>Po\u010det dn\u00ed<\/b><span style=\"font-weight: 400;\">:<br \/><\/span><span style=\"font-weight: 400;\">35 dn\u00ed<\/span><\/p>\n<p><b>Celkov\u00e9 p\u0159\u00edjmy<\/b><span style=\"font-weight: 400;\">:<br \/><\/span><span style=\"font-weight: 400;\">311 gram\u016f<\/span><\/p>\n<p><b>Po\u010det spl\u00e1chnut\u00ed:<br \/><\/b>3 spl\u00e1chnut\u00ed<\/p>\n<hr \/>\n<p><b><br \/>Prvn\u00ed spl\u00e1chnut\u00ed:<br \/><\/b><span style=\"font-weight: 400;\">Doba trv\u00e1n\u00ed: 0 - 21 dn\u00ed<br \/><\/span><span style=\"font-weight: 400;\">V\u00fdt\u011b\u017enost: 165 gram\u016f<\/span><\/p>\n<p><b>Druh\u00e9 spl\u00e1chnut\u00ed:<br \/><\/b><span style=\"font-weight: 400;\">Den 21 - 30<br \/><\/span><span style=\"font-weight: 400;\">V\u00fdt\u011b\u017enost: 130 gram\u016f<\/span><\/p>\n<p><b>T\u0159et\u00ed spl\u00e1chnut\u00ed:<br \/><\/b><span style=\"font-weight: 400;\">Den 30 - 35<br \/><\/span><span style=\"font-weight: 400;\">V\u00fdt\u011b\u017enost: 16 gram\u016f<\/span><\/p>\n<p><b>\u010ctvrt\u00e9 spl\u00e1chnut\u00ed:<br \/><\/b><span style=\"font-weight: 400;\">Den 35<br \/><\/span><span style=\"font-weight: 400;\">V\u00fdnos: Ne<\/span><\/p>                    <\/div>\n\t\t\t\t                    <div class=\"clearfix active-default\">\n\t\t\t\t\t\t<h2><b>1200 cm3 (st\u0159edn\u00ed)<\/b><\/h2>\n<p><b>Po\u010det dn\u00ed<\/b><span style=\"font-weight: 400;\">:<br \/><\/span><span style=\"font-weight: 400;\">35 dn\u00ed<\/span><\/p>\n<p><b>Celkov\u00e9 p\u0159\u00edjmy<\/b><span style=\"font-weight: 400;\">:<br \/><\/span><span style=\"font-weight: 400;\">865 gram\u016f<\/span><\/p>\n<p><b>Po\u010det spl\u00e1chnut\u00ed:<br \/><\/b><span style=\"font-weight: 400;\">3 spl\u00e1chnut\u00ed<\/span><\/p>\n<hr \/>\n<p><b><br \/>Prvn\u00ed spl\u00e1chnut\u00ed:<br \/><\/b><span style=\"font-weight: 400;\">Doba trv\u00e1n\u00ed: 0 - 21 dn\u00ed<br \/><\/span><span style=\"font-weight: 400;\">V\u00fdt\u011b\u017enost: 433 gram\u016f<\/span><\/p>\n<p><b>Druh\u00e9 spl\u00e1chnut\u00ed:<br \/><\/b><span style=\"font-weight: 400;\">Den 21 - 30<br \/><\/span><span style=\"font-weight: 400;\">V\u00fdt\u011b\u017enost: 390 gram\u016f<\/span><\/p>\n<p><b>T\u0159et\u00ed spl\u00e1chnut\u00ed:<br \/><\/b><span style=\"font-weight: 400;\">Den 30 - 35<br \/><\/span><span style=\"font-weight: 400;\">V\u00fdt\u011b\u017enost: 42 gram\u016f<\/span><\/p>\n<p><b>\u010ctvrt\u00e9 spl\u00e1chnut\u00ed:<br \/><\/b><span style=\"font-weight: 400;\">Den 35<br \/><\/span><span style=\"color: inherit; font-family: inherit; font-size: inherit; background-color: var(--et_container-bg-color, transparent);\">V\u00fdnos: Ne<\/span><\/p>                    <\/div>\n\t\t\t\t                    <div class=\"clearfix inactive\">\n\t\t\t\t\t\t<h2><b>2100 cm3 (velk\u00fd)<\/b><\/h2>\n<p><b>Po\u010det dn\u00ed<\/b><span style=\"font-weight: 400;\">:<br \/><\/span><span style=\"font-weight: 400;\">35 dn\u00ed<\/span><\/p>\n<p><b>Celkov\u00e9 p\u0159\u00edjmy<\/b><span style=\"font-weight: 400;\">:<br \/><\/span><span style=\"font-weight: 400;\">1633 gram\u016f<\/span><\/p>\n<p><b>Po\u010det spl\u00e1chnut\u00ed:<br \/><\/b><span style=\"font-weight: 400;\">3 spl\u00e1chnut\u00ed<\/span><\/p>\n<hr \/>\n<p><b><br \/>Prvn\u00ed spl\u00e1chnut\u00ed:<br \/><\/b><span style=\"font-weight: 400;\">Doba trv\u00e1n\u00ed: 0 - 21 dn\u00ed<br \/><\/span><span style=\"font-weight: 400;\">V\u00fdt\u011b\u017enost: 809 gram\u016f<\/span><\/p>\n<p><b>Druh\u00e9 spl\u00e1chnut\u00ed:<br \/><\/b><span style=\"font-weight: 400;\">Den 21 - 30<br \/><\/span><span style=\"font-weight: 400;\">V\u00fdt\u011b\u017enost: 743 gram\u016f<\/span><\/p>\n<p><b>T\u0159et\u00ed spl\u00e1chnut\u00ed:<br \/><\/b><span style=\"font-weight: 400;\">Den 30 - 35<br \/><\/span><span style=\"font-weight: 400;\">V\u00fdt\u011b\u017enost: 81 gram\u016f<\/span><\/p>\n<p><b>\u010ctvrt\u00e9 spl\u00e1chnut\u00ed:<br \/><\/b><span style=\"font-weight: 400;\">Den 35<br \/><\/span><span style=\"font-weight: 400;\">V\u00fdnos: Ne<\/span><\/p>                    <\/div>\n\t\t\t\t            <\/div>\n        <\/div>\n\t\t\t\t\t\t<\/div>\n\t\t\t\t<\/div>\n\t\t\t\t\t<\/div>\n\t\t<\/div>\n\t\t\t\t\t<\/div>\n\t\t<\/section>\n\t\t\t\t<div class=\"elementor-element elementor-element-a5c01b6 elementor-widget elementor-widget-text-editor\" data-id=\"a5c01b6\" data-element_type=\"widget\" data-e-type=\"widget\" data-widget_type=\"text-editor.default\">\n\t\t\t\t<div class=\"elementor-widget-container\">\n\t\t\t\t\t\t\t\t\t<h3><strong style=\"font-size: calc(var(--h3-size-proportion) * 1rem); background-color: var(--et_container-bg-color, transparent);\">Den 0 - 21:\u00a0<\/strong><strong>Prvn\u00ed spl\u00e1chnut\u00ed sady pro p\u011bstov\u00e1n\u00ed hub<\/strong><\/h3>\n<p>Sady pro p\u011bstov\u00e1n\u00ed hub o objemu 250 cm3, 1200 cm3 a 2100 cm3 byly um\u00edst\u011bny v m\u00edstnosti se stabiln\u00ed teplotou p\u0159ibli\u017en\u011b 24 stup\u0148\u016f. P\u0159esto\u017ee jsme museli m\u00edt s\u00e1\u010dek uzav\u0159en\u00fd, denn\u011b jsme ho otev\u00edrali a lehce post\u0159ikovali p\u011bstebn\u00ed soupravy post\u0159ikova\u010dem na rostliny. Vodu, kterou jsme pou\u017e\u00edvali, jsme p\u0159edem p\u0159eva\u0159ili, abychom p\u0159ede\u0161li infekc\u00edm. Tak\u00e9 b\u011bhem r\u016fstu hub jsme denn\u011b otev\u00edrali s\u00e1\u010dek a post\u0159ikovali growkit. Prvn\u00ed mal\u00e9 houby se objevily asi po 2 t\u00fddnech. Celkem trvalo 3 t\u00fddny (21 dn\u00ed), ne\u017e bylo mo\u017en\u00e9 z growkit\u016f nasb\u00edrat prvn\u00ed v\u00e1rku. V\u00fdnosy najdete n\u00ed\u017ee.<\/p>\n<div>\n<div>\n<ul>\n<li>250 cm3 = 165 gram\u016f<\/li>\n<li>1200 cm3 = 433 gram\u016f<\/li>\n<li>2100 cm3 = 809 gram\u016f<\/li>\n<\/ul>\n<\/div>\n<\/div>\n<h3><strong style=\"font-size: calc(var(--h3-size-proportion) * 1rem); background-color: var(--et_container-bg-color, transparent);\">Den 21 - 30:\u00a0<\/strong><strong>Druh\u00e1 sada pro p\u011bstov\u00e1n\u00ed hub flush<\/strong><\/h3>\n<p>P\u0159irozen\u011b jsme se rovnou vrhli na druh\u00e9 spl\u00e1chnut\u00ed. Po pe\u010dliv\u00e9m sb\u011bru v\u0161ech hub jsme m\u011bli dal\u0161\u00ed \"\u010dist\u00fd growkit\". Pot\u00e9 jsme zopakovali kroky 4 a\u017e 7. Samoz\u0159ejm\u011b jsme op\u011bt pracovali s p\u0159eva\u0159enou vodou a v \u010dist\u00e9m prost\u0159ed\u00ed. Tak\u00e9 tentokr\u00e1t jsme growkit denn\u011b lehce post\u0159\u00edkali. Tentokr\u00e1t trvalo propl\u00e1chnut\u00ed asi 1 t\u00fdden (9 dn\u00ed). V\u00fdnos byl v\u0161ak o n\u011bco ni\u017e\u0161\u00ed. N\u00ed\u017ee jsou uvedeny v\u00fdsledky.<\/p>\n<div>\n<div>\n<ul>\n<li>250 cm3 = 130 gram\u016f<\/li>\n<li>1200 cm3 = 390 gram\u016f<\/li>\n<li>2100 cm3 = 743 gram\u016f<\/li>\n<\/ul>\n<\/div>\n<\/div>\n<h3><strong style=\"font-size: calc(var(--h3-size-proportion) * 1rem); background-color: var(--et_container-bg-color, transparent);\">Den 30 - 35:\u00a0<\/strong><strong>T\u0159et\u00ed sada pro p\u011bstov\u00e1n\u00ed hub flush<\/strong><\/h3>\n<p>P\u0159ijde je\u0161t\u011b n\u011bco? Mysleli jsme si to! Znovu jsme zopakovali kroky 4 a\u017e 7. P\u0159esto\u017ee jsme byli opatrn\u00ed, vid\u00edme, \u017ee growkit m\u00e1 pot\u00ed\u017ee. D\u00edky sb\u011bru prvn\u00ed a druh\u00e9 d\u00e1vky vypad\u00e1 growkit na n\u011bkter\u00fdch m\u00edstech hol\u00fd. Navzdory hol\u00e9mu growkitu trvalo jen 5 dn\u00ed, ne\u017e jsme z n\u011bj nasb\u00edrali dal\u0161\u00ed malou v\u00e1rku \u010derstv\u00fdch hub. N\u00ed\u017ee jsou uvedeny v\u00fdnosy.<\/p>\n<ul>\n<li>250 cm3 = 16 gram\u016f<\/li>\n<li>1200 cm3 = 42 gram\u016f<\/li>\n<li>2100 cm3 = 81 gram\u016f<\/li>\n<\/ul>\n<h3><strong style=\"font-size: calc(var(--h3-size-proportion) * 1rem); background-color: var(--et_container-bg-color, transparent);\">Den 35:\u00a0<\/strong><strong>\u010ctvrt\u00e1 sada pro p\u011bstov\u00e1n\u00ed hub flush<\/strong><\/h3>\n<p>Bohu\u017eel se n\u00e1m ji\u017e nepoda\u0159ilo z\u00edskat \u010dtvrt\u00fd v\u00fdt\u011br ze sad na p\u011bstov\u00e1n\u00ed hub. Teoreticky by to m\u011blo b\u00fdt mo\u017en\u00e9 za vynikaj\u00edc\u00edch podm\u00ednek. K na\u0161\u00ed velk\u00e9 l\u00edtosti jsme neplodn\u00e9 p\u011bstebn\u00ed soupravy vyhodili. Nyn\u00ed je \u010das zjistit, kolik n\u00e1m p\u011bstebn\u00ed soupravy hub p\u0159inesly nyn\u00ed. S v\u00fdsledky jsme velmi spokojeni. V\u00fdnosy najdete n\u00ed\u017ee.<\/p>\n<ul>\n<li>250 cm3 = 311 gram\u016f<\/li>\n<li>1200 cm3 = 865 gram\u016f<\/li>\n<li>2100 cm3 = 1633 gram\u016f<\/li>\n<\/ul>\t\t\t\t\t\t\t\t<\/div>\n\t\t\t\t<\/div>\n\t\t\t\t<div class=\"elementor-element elementor-element-c8212d8 elementor-widget elementor-widget-text-editor\" data-id=\"c8212d8\" data-element_type=\"widget\" data-e-type=\"widget\" data-widget_type=\"text-editor.default\">\n\t\t\t\t<div class=\"elementor-widget-container\">\n\t\t\t\t\t\t\t\t\t<h2>Z\u00e1v\u011br<\/h2>\n<div>Jak vid\u00edte, m\u016f\u017eete o\u010dek\u00e1vat velmi p\u011bkn\u00e9 mno\u017estv\u00ed hub na jednu sadu. Pro v\u00fd\u0161e uveden\u00fd test jsme tedy pou\u017eili sadu Golden Teacher, nicm\u00e9n\u011b podobn\u00e9 v\u00fdnosy lze o\u010dek\u00e1vat i od ostatn\u00edch p\u011bstebn\u00edch sad. Siln\u00e9 <a href=\"https:\/\/www.paddo.shop\/cs\/mazatapec-paddo-growkit\/\">Mazatapec<\/a> a <a href=\"https:\/\/www.paddo.shop\/cs\/mckennaii-paddo-growkit\/\">McKennaii<\/a> jsou podobn\u00e9, nap\u0159\u00edklad. Podm\u00ednkou je, \u017ee budete pe\u010dliv\u011b dodr\u017eovat na\u0161e pokyny. Pokud tak neu\u010din\u00edte, m\u016f\u017ee doj\u00edt ke zklam\u00e1n\u00ed nebo ne\u00fasp\u011b\u0161n\u00e9 sklizni.<\/div>\n<div>\u00a0<\/div>\n<div>Hodn\u011b \u0161t\u011bst\u00ed p\u0159i p\u011bstov\u00e1n\u00ed a t\u011b\u0161\u00edme se na va\u0161i \u00farodu!<\/div>\t\t\t\t\t\t\t\t<\/div>\n\t\t\t\t<\/div>\n\t\t\t\t\t<\/div>\n\t\t<\/div>\n\t\t\t\t\t<\/div>\n\t\t<\/section>\n\t\t\t\t<\/div>","protected":false},"excerpt":{"rendered":"<p>P\u011bstov\u00e1n\u00ed houbov\u00e9 soupravy Kolik vlastn\u011b vynese p\u011bstov\u00e1n\u00ed houbov\u00e9 soupravy? Tuto ot\u00e1zku dost\u00e1v\u00e1me ka\u017ed\u00fd t\u00fdden, a proto jsme pro v\u00e1s p\u0159ipravili n\u011bkolik...<\/p>","protected":false},"author":2,"featured_media":0,"parent":0,"menu_order":0,"comment_status":"closed","ping_status":"closed","template":"","meta":{"_acf_changed":false,"footnotes":""},"class_list":["post-5661","page","type-page","status-publish","hentry"],"acf":[],"_links":{"self":[{"href":"https:\/\/www.paddo.shop\/cs\/wp-json\/wp\/v2\/pages\/5661","targetHints":{"allow":["GET"]}}],"collection":[{"href":"https:\/\/www.paddo.shop\/cs\/wp-json\/wp\/v2\/pages"}],"about":[{"href":"https:\/\/www.paddo.shop\/cs\/wp-json\/wp\/v2\/types\/page"}],"author":[{"embeddable":true,"href":"https:\/\/www.paddo.shop\/cs\/wp-json\/wp\/v2\/users\/2"}],"replies":[{"embeddable":true,"href":"https:\/\/www.paddo.shop\/cs\/wp-json\/wp\/v2\/comments?post=5661"}],"version-history":[{"count":0,"href":"https:\/\/www.paddo.shop\/cs\/wp-json\/wp\/v2\/pages\/5661\/revisions"}],"wp:attachment":[{"href":"https:\/\/www.paddo.shop\/cs\/wp-json\/wp\/v2\/media?parent=5661"}],"curies":[{"name":"wp","href":"https:\/\/api.w.org\/{rel}","templated":true}]}}