{"id":26,"date":"2022-02-28T15:02:52","date_gmt":"2022-02-28T15:02:52","guid":{"rendered":"https:\/\/www.magictruffels.shop\/?page_id=26"},"modified":"2024-09-25T13:09:58","modified_gmt":"2024-09-25T11:09:58","slug":"verzending","status":"publish","type":"page","link":"https:\/\/www.paddo.shop\/cs\/verzending\/","title":{"rendered":"P\u0159eprava"},"content":{"rendered":"<div data-elementor-type=\"wp-page\" data-elementor-id=\"26\" class=\"elementor elementor-26\" data-elementor-post-type=\"page\">\n\t\t\t\t\t\t<section class=\"elementor-section elementor-top-section elementor-element elementor-element-757a2578 elementor-section-boxed elementor-section-height-default elementor-section-height-default\" data-id=\"757a2578\" data-element_type=\"section\">\n\t\t\t\t\t\t<div class=\"elementor-container elementor-column-gap-default\">\n\t\t\t\t\t<div class=\"elementor-column elementor-col-100 elementor-top-column elementor-element elementor-element-6423ad67\" data-id=\"6423ad67\" data-element_type=\"column\">\n\t\t\t<div class=\"elementor-widget-wrap elementor-element-populated\">\n\t\t\t\t\t\t<div class=\"elementor-element elementor-element-37d0e839 elementor-widget elementor-widget-text-editor\" data-id=\"37d0e839\" data-element_type=\"widget\" data-widget_type=\"text-editor.default\">\n\t\t\t\t<div class=\"elementor-widget-container\">\n\t\t\t\t\t\t\t\t\t<p><\/p>\n<h2><b>DISKR\u00c9TN\u00cd P\u0158EPRAVA<\/b><\/h2>\n<p><a href=\"https:\/\/www.paddo.shop\/cs\/\">Paddo.shop<\/a> si v\u00e1\u017e\u00ed va\u0161eho soukrom\u00ed, a proto jsou v\u0161echny va\u0161e n\u00e1kupy zabaleny co mo\u017en\u00e1 nev\u00fdrazn\u011bji. \u017d\u00e1dn\u00e1 loga ani n\u00e1znaky toho, co je uvnit\u0159. O\u010dek\u00e1vejte, \u017ee v\u00e1\u0161 bal\u00ed\u010dek doraz\u00ed v oby\u010dejn\u00e9, pevn\u00e9 kartonov\u00e9 krabici, p\u0159elepen\u00e9 jednoduchou, ale pevnou balic\u00ed p\u00e1skou. Pokud je va\u0161e objedn\u00e1vka velmi mal\u00e1, za\u0161leme ji v diskr\u00e9tn\u00ed hn\u011bd\u00e9 nebo b\u00edl\u00e9 polstrovan\u00e9 ob\u00e1lce.&nbsp;<\/p>\n<p>Jedin\u00e9, co bude na krabici\/ob\u00e1lce viditeln\u00e9, je p\u0159epravn\u00ed \u0161t\u00edtek (v z\u00e1vislosti na pou\u017eit\u00e9 slu\u017eb\u011b).<\/p>\n<p>M\u016f\u017eete si tak b\u00fdt jisti, \u017ee z bal\u00ed\u010dku, kter\u00fd obdr\u017e\u00edte, budete nad\u0161eni pouze vy, ostatn\u00ed uvid\u00ed nudn\u00fd bal\u00ed\u010dek bez ozna\u010den\u00ed, odkud poch\u00e1z\u00ed.<\/p>\n<h2>Zas\u00edl\u00e1te zbo\u017e\u00ed do m\u00e9 zem\u011b?<\/h2>\n<p>Zas\u00edl\u00e1me do v\u011bt\u0161iny zem\u00ed EU. Ty najdete v tabulce n\u00ed\u017ee. V\u0161echny na\u0161e z\u00e1silky v EU zas\u00edl\u00e1me prost\u0159ednictv\u00edm spole\u010dnost\u00ed DHL, DPD nebo PostNL v z\u00e1vislosti na oblasti. T\u00edmto zp\u016fsobem m\u016f\u017eeme poskytnout nejlep\u0161\u00ed mo\u017en\u00e9 slu\u017eby. V\u017edy obdr\u017e\u00edte k\u00f3d pro sledov\u00e1n\u00ed z\u00e1silky od dve\u0159\u00ed ke dve\u0159\u00edm.<\/p>\n<h2>Jak\u00e9 jsou n\u00e1klady na dopravu?<\/h2>\n<table class=\"tblcal;\">\n<tbody>\n<tr style=\"background-color: #a9a9a9; color: white;\">\n<th class=\"tblcall\">Zem\u011b<\/th>\n<th class=\"tblcalll\">N\u00e1klady na dopravu<\/th>\n<th class=\"tblcallll\">Doba dod\u00e1n\u00ed<\/th>\n<th class=\"tblcalllll\" style=\"text-align: left;\">Voln\u00fd od<\/th>\n<\/tr>\n<tr>\n<td>Nizozemsko<\/td>\n<td>\u20ac6,95<\/td>\n<td>1 - 2 dny<\/td>\n<td style=\"text-align: left;\">\u20ac25,-<\/td>\n<\/tr>\n<tr>\n<td>Belgie<\/td>\n<td>\u20ac7,95<\/td>\n<td>1 - 2 dny<\/td>\n<td style=\"text-align: left;\">\u20ac50,-<\/td>\n<\/tr>\n<tr>\n<td>Bulharsko<\/td>\n<td>\u20ac22,95<\/td>\n<td>6 - 8 dn\u00ed<\/td>\n<td style=\"text-align: left;\">\u20ac125,-<\/td>\n<\/tr>\n<tr>\n<td>N\u011bmecko<\/td>\n<td>\u20ac7,95<\/td>\n<td>1 - 3 dny<\/td>\n<td style=\"text-align: left;\">\u20ac125,-<\/td>\n<\/tr>\n<tr>\n<td>Estonsko<\/td>\n<td>\u20ac17,95<\/td>\n<td>4 - 6 dn\u00ed<\/td>\n<td style=\"text-align: left;\">\u20ac125,-<\/td>\n<\/tr>\n<tr>\n<td>Francie<\/td>\n<td>\u20ac12,95<\/td>\n<td>2 - 3 dny<\/td>\n<td style=\"text-align: left;\">\u20ac125,-<\/td>\n<\/tr>\n<tr>\n<td>\u0158ecko<\/td>\n<td>\u20ac23,95<\/td>\n<td>6 - 8 dn\u00ed<\/td>\n<td style=\"text-align: left;\">\u20ac125,-<\/td>\n<\/tr>\n<tr>\n<td>Irsko<\/td>\n<td>\u20ac19,95<\/td>\n<td>3 - 4 dny<\/td>\n<td style=\"text-align: left;\">\u20ac125,-<\/td>\n<\/tr>\n<tr>\n<td>It\u00e1lie<\/td>\n<td>\u20ac17,95<\/td>\n<td>2 - 4 dny<\/td>\n<td style=\"text-align: left;\">\u20ac125,-<\/td>\n<\/tr>\n<tr>\n<td>Chorvatsko<\/td>\n<td>\u20ac18,95<\/td>\n<td>3 - 5 dn\u00ed<\/td>\n<td style=\"text-align: left;\">\u20ac125,-<\/td>\n<\/tr>\n<tr>\n<td>Loty\u0161sko<\/td>\n<td>\u20ac14,95<\/td>\n<td>3 - 5 dn\u00ed<\/td>\n<td style=\"text-align: left;\">\u20ac125,-<\/td>\n<\/tr>\n<tr>\n<td>Litva<\/td>\n<td>\u20ac21,95<\/td>\n<td>3 - 5 dn\u00ed<\/td>\n<td style=\"text-align: left;\">\u20ac125,-<\/td>\n<\/tr>\n<tr>\n<td>Lucembursko<\/td>\n<td>\u20ac11,95<\/td>\n<td>1 - 2 dny<\/td>\n<td style=\"text-align: left;\">\u20ac125,-<\/td>\n<\/tr>\n<tr>\n<td>Rakousko<\/td>\n<td>\u20ac11,95<\/td>\n<td>2 - 3 dny<\/td>\n<td style=\"text-align: left;\">\u20ac125,-<\/td>\n<\/tr>\n<tr>\n<td>Polsko<\/td>\n<td>\u20ac15,95<\/td>\n<td>2 - 3 dny<\/td>\n<td style=\"text-align: left;\">\u20ac125,-<\/td>\n<\/tr>\n<tr>\n<td>Portugalsko<\/td>\n<td>\u20ac20,95<\/td>\n<td>3 - 4 dny<\/td>\n<td style=\"text-align: left;\">\u20ac125,-<\/td>\n<\/tr>\n<tr>\n<td>Rumunsko<\/td>\n<td>\u20ac18,95<\/td>\n<td>3 - 5 dn\u00ed<\/td>\n<td style=\"text-align: left;\">\u20ac125,-<\/td>\n<\/tr>\n<tr>\n<td>Slovinsko<\/td>\n<td>\u20ac17,95<\/td>\n<td>2 - 3 dny<\/td>\n<td style=\"text-align: left;\">\u20ac125,-<\/td>\n<\/tr>\n<tr>\n<td>Slovensko<\/td>\n<td>\u20ac16,95<\/td>\n<td>3 - 5 dn\u00ed<\/td>\n<td style=\"text-align: left;\">\u20ac125,-<\/td>\n<\/tr>\n<tr>\n<td>\u0160pan\u011blsko<\/td>\n<td>\u20ac17,95<\/td>\n<td>2 - 3 dny<\/td>\n<td style=\"text-align: left;\">\u20ac125,-<\/td>\n<\/tr>\n<tr>\n<td>\u010cesk\u00e1 republika<\/td>\n<td>\u20ac15,95<\/td>\n<td>2 - 4 dny<\/td>\n<td style=\"text-align: left;\">\u20ac125,-<\/td>\n<\/tr>\n<\/tbody>\n<\/table>\n<p style=\"font-size: 14px;\">* Obt\u00ed\u017en\u011b dostupn\u00e9 oblasti, jako jsou ostrovy nebo jin\u00e9 odlehl\u00e9 regiony, stoj\u00ed p\u0159ibli\u017en\u011b o 20 EUR v\u00edce kv\u016fli dodate\u010dn\u00fdm n\u00e1klad\u016fm na dopravu.<\/p>\n<p style=\"font-size: 14px;\">Upozorn\u011bn\u00ed: V\u0161echny objedn\u00e1vky se sna\u017e\u00edme odeslat do 1 pracovn\u00edho dne, v\u0161echny dodac\u00ed lh\u016fty jsou odhadovan\u00e9 a mohou se li\u0161it v z\u00e1vislosti na provozu a sv\u00e1tc\u00edch.<\/p>\t\t\t\t\t\t\t\t<\/div>\n\t\t\t\t<\/div>\n\t\t\t\t\t<\/div>\n\t\t<\/div>\n\t\t\t\t\t<\/div>\n\t\t<\/section>\n\t\t\t\t<\/div>","protected":false},"excerpt":{"rendered":"<p>DISKR\u00c9TN\u00cd DOPRAVA Paddo.shop si cen\u00ed va\u0161eho soukrom\u00ed, a proto jsou v\u0161echny va\u0161e n\u00e1kupy zabaleny co nej\u0161etrn\u011bji. \u017d\u00e1dn\u00e1 loga a \u017e\u00e1dn\u00e9 ozna\u010den\u00ed toho, co je...<\/p>","protected":false},"author":1,"featured_media":0,"parent":0,"menu_order":0,"comment_status":"closed","ping_status":"closed","template":"","meta":{"_acf_changed":false,"footnotes":""},"class_list":["post-26","page","type-page","status-publish","hentry"],"acf":[],"_links":{"self":[{"href":"https:\/\/www.paddo.shop\/cs\/wp-json\/wp\/v2\/pages\/26","targetHints":{"allow":["GET"]}}],"collection":[{"href":"https:\/\/www.paddo.shop\/cs\/wp-json\/wp\/v2\/pages"}],"about":[{"href":"https:\/\/www.paddo.shop\/cs\/wp-json\/wp\/v2\/types\/page"}],"author":[{"embeddable":true,"href":"https:\/\/www.paddo.shop\/cs\/wp-json\/wp\/v2\/users\/1"}],"replies":[{"embeddable":true,"href":"https:\/\/www.paddo.shop\/cs\/wp-json\/wp\/v2\/comments?post=26"}],"version-history":[{"count":0,"href":"https:\/\/www.paddo.shop\/cs\/wp-json\/wp\/v2\/pages\/26\/revisions"}],"wp:attachment":[{"href":"https:\/\/www.paddo.shop\/cs\/wp-json\/wp\/v2\/media?parent=26"}],"curies":[{"name":"wp","href":"https:\/\/api.w.org\/{rel}","templated":true}]}}