{"id":1633,"date":"2022-03-04T13:41:55","date_gmt":"2022-03-04T13:41:55","guid":{"rendered":"https:\/\/www.magictruffels.shop\/?page_id=1633"},"modified":"2023-05-22T14:37:50","modified_gmt":"2023-05-22T12:37:50","slug":"klachten","status":"publish","type":"page","link":"https:\/\/www.paddo.shop\/cs\/klachten\/","title":{"rendered":"St\u00ed\u017enosti"},"content":{"rendered":"<div data-elementor-type=\"wp-page\" data-elementor-id=\"1633\" class=\"elementor elementor-1633\" data-elementor-post-type=\"page\">\n\t\t\t\t\t\t<section class=\"elementor-section elementor-top-section elementor-element elementor-element-3f4451e elementor-section-boxed elementor-section-height-default elementor-section-height-default\" data-id=\"3f4451e\" data-element_type=\"section\" data-e-type=\"section\">\n\t\t\t\t\t\t<div class=\"elementor-container elementor-column-gap-default\">\n\t\t\t\t\t<div class=\"elementor-column elementor-col-100 elementor-top-column elementor-element elementor-element-77ea329\" data-id=\"77ea329\" data-element_type=\"column\" data-e-type=\"column\">\n\t\t\t<div class=\"elementor-widget-wrap elementor-element-populated\">\n\t\t\t\t\t\t<div class=\"elementor-element elementor-element-5ea7c36 elementor-widget elementor-widget-heading\" data-id=\"5ea7c36\" data-element_type=\"widget\" data-e-type=\"widget\" data-widget_type=\"heading.default\">\n\t\t\t\t<div class=\"elementor-widget-container\">\n\t\t\t\t\t<h2 class=\"elementor-heading-title elementor-size-default\">ST\u00cd\u017dNOSTI NA N\u00c1S?<\/h2>\t\t\t\t<\/div>\n\t\t\t\t<\/div>\n\t\t\t\t<div class=\"elementor-element elementor-element-cd7ce27 elementor-widget elementor-widget-text-editor\" data-id=\"cd7ce27\" data-element_type=\"widget\" data-e-type=\"widget\" data-widget_type=\"text-editor.default\">\n\t\t\t\t<div class=\"elementor-widget-container\">\n\t\t\t\t\t\t\t\t\t<p>Je mo\u017en\u00e9, \u017ee se stane n\u011bco, co nep\u016fjde podle pl\u00e1nu. Doporu\u010dujeme v\u00e1m, abyste se s p\u0159\u00edpadn\u00fdmi st\u00ed\u017enostmi nejprve obr\u00e1tili na n\u00e1s prost\u0159ednictv\u00edm n\u00ed\u017ee uveden\u00e9ho kontaktn\u00edho formul\u00e1\u0159e. Pokud to nepovede k \u0159e\u0161en\u00ed, je mo\u017en\u00e9 p\u0159edlo\u017eit spor ke zprost\u0159edkov\u00e1n\u00ed prost\u0159ednictv\u00edm\u00a0<a href=\"https:\/\/www.webwinkelkeur.nl\/kennisbank\/consumenten\/geschil\/dispute\/\" target=\"_blank\" rel=\"noopener\">ValuedShops\/WebwinkelKeur<\/a>\u00a0(pouze pro nizozemsk\u00e9 a\/nebo belgick\u00e9 z\u00e1kazn\u00edky). Od 15. \u00fanora 2016 budou moci spot\u0159ebitel\u00e9 v EU pod\u00e1vat st\u00ed\u017enosti tak\u00e9 prost\u0159ednictv\u00edm platformy Evropsk\u00e9 komise pro \u0159e\u0161en\u00ed spor\u016f. Platformu ODR naleznete na adrese\u00a0<a href=\"https:\/\/ec.europa.eu\/odr\" target=\"_blank\" rel=\"noopener\">https:\/\/ec.europa.eu\/odr<\/a>. Pokud va\u0161e st\u00ed\u017enost nen\u00ed ji\u017e zpracov\u00e1v\u00e1na jinde, m\u016f\u017eete ji podat prost\u0159ednictv\u00edm platformy Evropsk\u00e9 unie.<\/p>\t\t\t\t\t\t\t\t<\/div>\n\t\t\t\t<\/div>\n\t\t\t\t\t<\/div>\n\t\t<\/div>\n\t\t\t\t\t<\/div>\n\t\t<\/section>\n\t\t\t\t<section class=\"elementor-section elementor-top-section elementor-element elementor-element-16fb7438 elementor-section-boxed elementor-section-height-default elementor-section-height-default\" data-id=\"16fb7438\" data-element_type=\"section\" data-e-type=\"section\">\n\t\t\t\t\t\t<div class=\"elementor-container elementor-column-gap-default\">\n\t\t\t\t\t<div class=\"elementor-column elementor-col-33 elementor-top-column elementor-element elementor-element-7677c955\" data-id=\"7677c955\" data-element_type=\"column\" data-e-type=\"column\">\n\t\t\t<div class=\"elementor-widget-wrap elementor-element-populated\">\n\t\t\t\t\t\t<div class=\"elementor-element elementor-element-7686becf elementor-widget elementor-widget-heading\" data-id=\"7686becf\" data-element_type=\"widget\" data-e-type=\"widget\" data-widget_type=\"heading.default\">\n\t\t\t\t<div class=\"elementor-widget-container\">\n\t\t\t\t\t<h2 class=\"elementor-heading-title elementor-size-default\">E-MAIL<\/h2>\t\t\t\t<\/div>\n\t\t\t\t<\/div>\n\t\t\t\t<div class=\"elementor-element elementor-element-5e2edaff elementor-widget elementor-widget-text-editor\" data-id=\"5e2edaff\" data-element_type=\"widget\" data-e-type=\"widget\" data-widget_type=\"text-editor.default\">\n\t\t\t\t<div class=\"elementor-widget-container\">\n\t\t\t\t\t\t\t\t\t<p>M\u00e1te st\u00ed\u017enost na svou online objedn\u00e1vku? Po\u0161lete n\u00e1m zpr\u00e1vu s \u010d\u00edslem va\u0161\u00ed objedn\u00e1vky a my se v\u00e1m co nejd\u0159\u00edve ozveme.<\/p>\t\t\t\t\t\t\t\t<\/div>\n\t\t\t\t<\/div>\n\t\t\t\t<div class=\"elementor-element elementor-element-769bce71 elementor-widget elementor-widget-button\" data-id=\"769bce71\" data-element_type=\"widget\" data-e-type=\"widget\" data-widget_type=\"button.default\">\n\t\t\t\t<div class=\"elementor-widget-container\">\n\t\t\t\t\t\t\t\t\t<div class=\"elementor-button-wrapper\">\n\t\t\t\t\t<a class=\"elementor-button elementor-button-link elementor-size-sm\" href=\"mailto:info@paddo.shop?subject=Klacht%20%7C%20Paddo.shop&#038;body=Hey%20Paddo.shop%2C%0A%0AHelaas%20ben%20ik%20niet%20tevreden%20met%20mijn%20bestelling%2Fproduct.%0A%0AHieronder%20vind%20je%20mijn%20ordernummer%20en%20klacht.%0AOrdernummer%3A%0AKlacht%3A%20%0A\">\n\t\t\t\t\t\t<span class=\"elementor-button-content-wrapper\">\n\t\t\t\t\t\t\t\t\t<span class=\"elementor-button-text\">Odeslat e-mail<\/span>\n\t\t\t\t\t<\/span>\n\t\t\t\t\t<\/a>\n\t\t\t\t<\/div>\n\t\t\t\t\t\t\t\t<\/div>\n\t\t\t\t<\/div>\n\t\t\t\t\t<\/div>\n\t\t<\/div>\n\t\t\t\t<div class=\"elementor-column elementor-col-33 elementor-top-column elementor-element elementor-element-2d3219c\" data-id=\"2d3219c\" data-element_type=\"column\" data-e-type=\"column\">\n\t\t\t<div class=\"elementor-widget-wrap elementor-element-populated\">\n\t\t\t\t\t\t<div class=\"elementor-element elementor-element-4f20b594 elementor-widget elementor-widget-heading\" data-id=\"4f20b594\" data-element_type=\"widget\" data-e-type=\"widget\" data-widget_type=\"heading.default\">\n\t\t\t\t<div class=\"elementor-widget-container\">\n\t\t\t\t\t<h2 class=\"elementor-heading-title elementor-size-default\">ADres<\/h2>\t\t\t\t<\/div>\n\t\t\t\t<\/div>\n\t\t\t\t<div class=\"elementor-element elementor-element-5bb8333a elementor-widget elementor-widget-text-editor\" data-id=\"5bb8333a\" data-element_type=\"widget\" data-e-type=\"widget\" data-widget_type=\"text-editor.default\">\n\t\t\t\t<div class=\"elementor-widget-container\">\n\t\t\t\t\t\t\t\t\t<p>PePePe BV<br \/>Sulky 6 J<br \/>Zeewolde<br \/>3897AJ, Nizozemsko<br \/>(\u017d\u00e1dn\u00fd obchod, jsme pouze online)<\/p><p><strong>OBCHODN\u00cd KOMORA:<\/strong> 34236211<br \/><strong>BTW:<\/strong> NL815030411B01<\/p>\t\t\t\t\t\t\t\t<\/div>\n\t\t\t\t<\/div>\n\t\t\t\t\t<\/div>\n\t\t<\/div>\n\t\t\t\t<div class=\"elementor-column elementor-col-33 elementor-top-column elementor-element elementor-element-41d16754\" data-id=\"41d16754\" data-element_type=\"column\" data-e-type=\"column\">\n\t\t\t<div class=\"elementor-widget-wrap elementor-element-populated\">\n\t\t\t\t\t\t<div class=\"elementor-element elementor-element-2c7a1919 elementor-widget elementor-widget-heading\" data-id=\"2c7a1919\" data-element_type=\"widget\" data-e-type=\"widget\" data-widget_type=\"heading.default\">\n\t\t\t\t<div class=\"elementor-widget-container\">\n\t\t\t\t\t<h2 class=\"elementor-heading-title elementor-size-default\">Telefon<\/h2>\t\t\t\t<\/div>\n\t\t\t\t<\/div>\n\t\t\t\t<div class=\"elementor-element elementor-element-61828401 elementor-widget elementor-widget-text-editor\" data-id=\"61828401\" data-element_type=\"widget\" data-e-type=\"widget\" data-widget_type=\"text-editor.default\">\n\t\t\t\t<div class=\"elementor-widget-container\">\n\t\t\t\t\t\t\t\t\t<p>085-0160877<\/p>\t\t\t\t\t\t\t\t<\/div>\n\t\t\t\t<\/div>\n\t\t\t\t\t<\/div>\n\t\t<\/div>\n\t\t\t\t\t<\/div>\n\t\t<\/section>\n\t\t\t\t<\/div>","protected":false},"excerpt":{"rendered":"<p>ST\u00cd\u017dNOSTI NA N\u00c1S? Je mo\u017en\u00e9, \u017ee se stane n\u011bco, co neprob\u011bhne podle pl\u00e1nu. Doporu\u010dujeme, abyste se s p\u0159\u00edpadn\u00fdmi st\u00ed\u017enostmi nejprve obr\u00e1tili na...<\/p>","protected":false},"author":2,"featured_media":0,"parent":0,"menu_order":0,"comment_status":"closed","ping_status":"closed","template":"","meta":{"_acf_changed":false,"footnotes":""},"class_list":["post-1633","page","type-page","status-publish","hentry"],"acf":[],"_links":{"self":[{"href":"https:\/\/www.paddo.shop\/cs\/wp-json\/wp\/v2\/pages\/1633","targetHints":{"allow":["GET"]}}],"collection":[{"href":"https:\/\/www.paddo.shop\/cs\/wp-json\/wp\/v2\/pages"}],"about":[{"href":"https:\/\/www.paddo.shop\/cs\/wp-json\/wp\/v2\/types\/page"}],"author":[{"embeddable":true,"href":"https:\/\/www.paddo.shop\/cs\/wp-json\/wp\/v2\/users\/2"}],"replies":[{"embeddable":true,"href":"https:\/\/www.paddo.shop\/cs\/wp-json\/wp\/v2\/comments?post=1633"}],"version-history":[{"count":0,"href":"https:\/\/www.paddo.shop\/cs\/wp-json\/wp\/v2\/pages\/1633\/revisions"}],"wp:attachment":[{"href":"https:\/\/www.paddo.shop\/cs\/wp-json\/wp\/v2\/media?parent=1633"}],"curies":[{"name":"wp","href":"https:\/\/api.w.org\/{rel}","templated":true}]}}