{"id":1616,"date":"2022-03-04T13:34:34","date_gmt":"2022-03-04T13:34:34","guid":{"rendered":"https:\/\/www.magictruffels.shop\/?page_id=1616"},"modified":"2022-03-14T09:28:21","modified_gmt":"2022-03-14T09:28:21","slug":"retourneren","status":"publish","type":"page","link":"https:\/\/www.paddo.shop\/cs\/retourneren\/","title":{"rendered":"N\u00e1vrat na"},"content":{"rendered":"<div data-elementor-type=\"wp-page\" data-elementor-id=\"1616\" class=\"elementor elementor-1616\" data-elementor-post-type=\"page\">\n\t\t\t\t\t\t<section class=\"elementor-section elementor-top-section elementor-element elementor-element-e585a9c elementor-section-boxed elementor-section-height-default elementor-section-height-default\" data-id=\"e585a9c\" data-element_type=\"section\" data-e-type=\"section\">\n\t\t\t\t\t\t<div class=\"elementor-container elementor-column-gap-default\">\n\t\t\t\t\t<div class=\"elementor-column elementor-col-100 elementor-top-column elementor-element elementor-element-c9480d9\" data-id=\"c9480d9\" data-element_type=\"column\" data-e-type=\"column\">\n\t\t\t<div class=\"elementor-widget-wrap elementor-element-populated\">\n\t\t\t\t\t\t<div class=\"elementor-element elementor-element-4b3dab5 elementor-widget elementor-widget-text-editor\" data-id=\"4b3dab5\" data-element_type=\"widget\" data-e-type=\"widget\" data-widget_type=\"text-editor.default\">\n\t\t\t\t<div class=\"elementor-widget-container\">\n\t\t\t\t\t\t\t\t\t<h2><strong>NA\u0160E PRAVIDLA PRO VR\u00c1CEN\u00cd ZBO\u017d\u00cd:<\/strong><\/h2><p>Na adrese <a href=\"\/cs\/\">magictruffles.shop<\/a> m\u00e1te z\u00e1konn\u00e9 pr\u00e1vo nahl\u00e1sit vr\u00e1cen\u00ed v\u00fdrobku do 14 dn\u016f od jeho obdr\u017een\u00ed bez ud\u00e1n\u00ed d\u016fvodu. Po tomto ozn\u00e1men\u00ed m\u00e1te DAL\u0160\u00cdCH 14 dn\u00ed na to, abyste v\u00fdrobek skute\u010dn\u011b vr\u00e1tili. Pokud sv\u00e9ho pr\u00e1va na vr\u00e1cen\u00ed vyu\u017eijete, obdr\u017e\u00edte celou \u010d\u00e1stku objedn\u00e1vky v\u010detn\u011b n\u00e1klad\u016f na dopravu na sv\u016fj \u00fa\u010det do 14 dn\u016f od ozn\u00e1men\u00ed o vr\u00e1cen\u00ed.<\/p><p><strong>Ve\u0161ker\u00e9 n\u00e1klady na vr\u00e1cen\u00ed zbo\u017e\u00ed nesete vy sami.<\/strong><\/p><p>Nesete v\u00fdhradn\u00ed odpov\u011bdnost za jak\u00e9koli znehodnocen\u00ed v\u00fdrobku (v\u00fdrobk\u016f), kter\u00e9 vzniklo v d\u016fsledku manipulace se zbo\u017e\u00edm nebo jeho pou\u017e\u00edv\u00e1n\u00ed nad r\u00e1mec toho, co je nezbytn\u00e9 pro zji\u0161t\u011bn\u00ed jeho povahy, vlastnost\u00ed a funk\u010dnosti.<\/p><p>Na n\u011bkter\u00e9 v\u00fdrobky (nap\u0159. bongy, d\u00fdmky, vaporiz\u00e9ry a podobn\u00e9 v\u00fdrobky) se pr\u00e1vo na odstoupen\u00ed od smlouvy nevztahuje, pokud jsou po dod\u00e1n\u00ed rozpe\u010det\u011bny a\/nebo pou\u017e\u00edv\u00e1ny. Po poru\u0161en\u00ed pe\u010deti ji\u017e tyto v\u00fdrobky nejsou ze zdravotn\u00edch a hygienick\u00fdch d\u016fvod\u016f vhodn\u00e9 k vr\u00e1cen\u00ed. Vr\u00e1tit nelze ani zbo\u017e\u00ed podl\u00e9haj\u00edc\u00ed rychl\u00e9 zk\u00e1ze (nap\u0159. lan\u00fd\u017ee, sp\u00f3ry a p\u011bstebn\u00ed sady). Pokud v\u0161ak nejste s produktem podl\u00e9haj\u00edc\u00edm rychl\u00e9 zk\u00e1ze spokojeni, obra\u0165te se na n\u00e1\u0161 z\u00e1kaznick\u00fd servis. R\u00e1di s v\u00e1mi najdeme \u0159e\u0161en\u00ed.<\/p><p>Chcete-li iniciovat vr\u00e1cen\u00ed, kontaktujte n\u00e1s na adrese info@magictruffels.shop. Pokud bude va\u0161e vr\u00e1cen\u00ed p\u0159ijato, za\u0161leme v\u00e1m \u0161t\u00edtek pro vr\u00e1cen\u00ed zbo\u017e\u00ed a pokyny, jak a kam z\u00e1silku odeslat. Zbo\u017e\u00ed, kter\u00e9 n\u00e1m bude vr\u00e1ceno bez p\u0159edchoz\u00ed \u017e\u00e1dosti o vr\u00e1cen\u00ed, nebude p\u0159ijato.<\/p><p>V p\u0159\u00edpad\u011b vr\u00e1cen\u00ed objedn\u00e1vky n\u00e1s m\u016f\u017eete kdykoli kontaktovat na adrese info@magictruffels.shop.<\/p><h2><b>PO\u0160KOZEN\u00cd A PROBL\u00c9MY<\/b><\/h2><p>Po obdr\u017een\u00ed objedn\u00e1vky ji pros\u00edm zkontrolujte a neprodlen\u011b n\u00e1s kontaktujte, pokud je zbo\u017e\u00ed vadn\u00e9, po\u0161kozen\u00e9 nebo pokud jste obdr\u017eeli \u0161patn\u00e9 zbo\u017e\u00ed, abychom mohli probl\u00e9m posoudit a vy\u0159e\u0161it.<\/p><h2><b>V\u00ddJIMKY \/ NEVRATN\u00c9 POLO\u017dKY<\/b><\/h2><p>N\u011bkter\u00e9 druhy zbo\u017e\u00ed nelze vr\u00e1tit, v\u010detn\u011b zbo\u017e\u00ed podl\u00e9haj\u00edc\u00edho rychl\u00e9 zk\u00e1ze (nap\u0159. potraviny, kv\u011btiny nebo rostliny), v\u00fdrobk\u016f na zak\u00e1zku (nap\u0159. speci\u00e1ln\u00ed objedn\u00e1vky nebo personalizovan\u00e9 v\u00fdrobky) a v\u00fdrobk\u016f osobn\u00ed p\u00e9\u010de (nap\u0159. kosmetick\u00e9 v\u00fdrobky). Nep\u0159ij\u00edm\u00e1me tak\u00e9 vr\u00e1cen\u00ed nebezpe\u010dn\u00fdch materi\u00e1l\u016f, ho\u0159lav\u00fdch kapalin nebo plyn\u016f. Pokud m\u00e1te jak\u00e9koli dotazy nebo obavy t\u00fdkaj\u00edc\u00ed se konkr\u00e9tn\u00edho zbo\u017e\u00ed, kontaktujte n\u00e1s pros\u00edm.<\/p><h2>UPDATE<\/h2><p>Nejrychlej\u0161\u00ed zp\u016fsob, jak si zajistit, \u017ee dostanete to, co chcete, je vr\u00e1tit zbo\u017e\u00ed, kter\u00e9 m\u00e1te, a po p\u0159ijet\u00ed vr\u00e1cen\u00ed prov\u00e9st samostatn\u00fd n\u00e1kup nov\u00e9ho zbo\u017e\u00ed.<\/p><h2><b>SPL\u00c1TKY<\/b><\/h2><p>Po obdr\u017een\u00ed a kontrole vr\u00e1cen\u00e9ho zbo\u017e\u00ed v\u00e1s budeme informovat, zda bylo vr\u00e1cen\u00ed pen\u011bz schv\u00e1leno, \u010di nikoli. V p\u0159\u00edpad\u011b schv\u00e1len\u00ed v\u00e1m budou pen\u00edze automaticky vr\u00e1ceny na v\u00e1\u0161 p\u016fvodn\u00ed zp\u016fsob platby. Nezapome\u0148te, \u017ee m\u016f\u017ee n\u011bjakou dobu trvat, ne\u017e va\u0161e banka nebo spole\u010dnost vyd\u00e1vaj\u00edc\u00ed kreditn\u00ed karty zpracuje a za\u00fa\u010dtuje tak\u00e9 vr\u00e1cen\u00e9 pen\u00edze.<\/p><h2><b>VR\u00c1CEN\u00cd DAT<\/b><\/h2><p>Magictruffles.shop<br \/>PePePe BV<br \/>Sulky 6 J<br \/>Zeewolde<br \/>3897AJ<\/p><p>OBCHODN\u00cd KOMORA: 34236211<br \/>DPH: NL815030411B01<\/p><p>Telefonn\u00ed \u010d\u00edslo: 085-0160877<\/p>\t\t\t\t\t\t\t\t<\/div>\n\t\t\t\t<\/div>\n\t\t\t\t\t<\/div>\n\t\t<\/div>\n\t\t\t\t\t<\/div>\n\t\t<\/section>\n\t\t\t\t<\/div>","protected":false},"excerpt":{"rendered":"<p>NA\u0160E Z\u00c1SADY VR\u00c1CEN\u00cd: V magictruffels.shop m\u00e1te z\u00e1konn\u00e9 pr\u00e1vo zaregistrovat produkt k vr\u00e1cen\u00ed do 14 dn\u016f od obdr\u017een\u00ed bez ud\u00e1n\u00ed d\u016fvodu.<\/p>","protected":false},"author":2,"featured_media":0,"parent":0,"menu_order":0,"comment_status":"closed","ping_status":"closed","template":"","meta":{"_acf_changed":false,"footnotes":""},"class_list":["post-1616","page","type-page","status-publish","hentry"],"acf":[],"_links":{"self":[{"href":"https:\/\/www.paddo.shop\/cs\/wp-json\/wp\/v2\/pages\/1616","targetHints":{"allow":["GET"]}}],"collection":[{"href":"https:\/\/www.paddo.shop\/cs\/wp-json\/wp\/v2\/pages"}],"about":[{"href":"https:\/\/www.paddo.shop\/cs\/wp-json\/wp\/v2\/types\/page"}],"author":[{"embeddable":true,"href":"https:\/\/www.paddo.shop\/cs\/wp-json\/wp\/v2\/users\/2"}],"replies":[{"embeddable":true,"href":"https:\/\/www.paddo.shop\/cs\/wp-json\/wp\/v2\/comments?post=1616"}],"version-history":[{"count":0,"href":"https:\/\/www.paddo.shop\/cs\/wp-json\/wp\/v2\/pages\/1616\/revisions"}],"wp:attachment":[{"href":"https:\/\/www.paddo.shop\/cs\/wp-json\/wp\/v2\/media?parent=1616"}],"curies":[{"name":"wp","href":"https:\/\/api.w.org\/{rel}","templated":true}]}}